{"id":66551,"date":"2024-01-12T19:20:28","date_gmt":"2024-01-12T18:20:28","guid":{"rendered":"https:\/\/www.baltrag.com\/emplois\/"},"modified":"2026-04-01T16:02:12","modified_gmt":"2026-04-01T14:02:12","slug":"emplois","status":"publish","type":"page","link":"https:\/\/www.baltrag.com\/fr\/emplois\/","title":{"rendered":"Emplois"},"content":{"rendered":"<p>[et_pb_section fb_built=\u00a0\u00bb1&Prime; custom_padding_last_edited=\u00a0\u00bbon|phone\u00a0\u00bb disabled_on=\u00a0\u00bboff|off|off\u00a0\u00bb _builder_version=\u00a0\u00bb4.24.2&Prime; _module_preset=\u00a0\u00bb47d802ce-8990-4ce7-848a-8543d1af340e\u00a0\u00bb background_image=\u00a0\u00bbhttps:\/\/www.baltrag.com\/wp-content\/uploads\/2024\/02\/ariane-eva-2-1.webp\u00a0\u00bb background_enable_image=\u00a0\u00bbon\u00a0\u00bb custom_padding_tablet=\u00a0\u00bb\u00a0\u00bb custom_padding_phone=\u00a0\u00bb||||false|false\u00a0\u00bb global_colors_info=\u00a0\u00bb{}\u00a0\u00bb][et_pb_row _builder_version=\u00a0\u00bb4.22.2&Prime; _module_preset=\u00a0\u00bbdefault\u00a0\u00bb global_colors_info=\u00a0\u00bb{}\u00a0\u00bb][et_pb_column type=\u00a0\u00bb4_4&Prime; _builder_version=\u00a0\u00bb4.22.2&Prime; _module_preset=\u00a0\u00bbdefault\u00a0\u00bb global_colors_info=\u00a0\u00bb{}\u00a0\u00bb][et_pb_text _builder_version=\u00a0\u00bb4.24.0&Prime; _module_preset=\u00a0\u00bbbe3e2c57-76fb-4d1a-942f-12e1313440cd\u00a0\u00bb global_colors_info=\u00a0\u00bb{}\u00a0\u00bb]<\/p>\n<h1>Gestionnaire d\u2019actifs innovant recherch\u00e9 ! <\/h1>\n<p>[\/et_pb_text][\/et_pb_column][\/et_pb_row][\/et_pb_section][et_pb_section fb_built=\u00a0\u00bb1&Prime; custom_padding_last_edited=\u00a0\u00bbon|desktop\u00a0\u00bb disabled_on=\u00a0\u00bboff|off|off\u00a0\u00bb _builder_version=\u00a0\u00bb4.24.0&Prime; _module_preset=\u00a0\u00bbdefault\u00a0\u00bb background_enable_image=\u00a0\u00bboff\u00a0\u00bb custom_padding=\u00a0\u00bb0px||||false|false\u00a0\u00bb custom_padding_tablet=\u00a0\u00bb||||false|false\u00a0\u00bb custom_padding_phone=\u00a0\u00bb\u00a0\u00bb global_colors_info=\u00a0\u00bb{}\u00a0\u00bb][et_pb_row use_custom_gutter=\u00a0\u00bbon\u00a0\u00bb _builder_version=\u00a0\u00bb4.23.4&Prime; _module_preset=\u00a0\u00bbdefault\u00a0\u00bb custom_padding=\u00a0\u00bb30px||0px||false|false\u00a0\u00bb global_colors_info=\u00a0\u00bb{}\u00a0\u00bb][et_pb_column type=\u00a0\u00bb4_4&Prime; module_class=\u00a0\u00bbdp-vertical-align\u00a0\u00bb _builder_version=\u00a0\u00bb4.22.2&Prime; _module_preset=\u00a0\u00bbdefault\u00a0\u00bb global_colors_info=\u00a0\u00bb{}\u00a0\u00bb][et_pb_text _builder_version=\u00a0\u00bb4.24.0&Prime; _module_preset=\u00a0\u00bbdefault\u00a0\u00bb header_2_text_color=\u00a0\u00bb#315B84&Prime; header_2_font_size=\u00a0\u00bb36px\u00a0\u00bb header_2_line_height=\u00a0\u00bb1.2em\u00a0\u00bb custom_margin=\u00a0\u00bb||20px||false|false\u00a0\u00bb header_2_font_size_tablet=\u00a0\u00bb\u00a0\u00bb header_2_font_size_phone=\u00a0\u00bb\u00a0\u00bb header_2_font_size_last_edited=\u00a0\u00bbon|phone\u00a0\u00bb global_colors_info=\u00a0\u00bb{}\u00a0\u00bb]<\/p>\n<h2>Emplois \/ Carri\u00e8re chez Baltrag<\/h2>\n<p>[\/et_pb_text][et_pb_divider color=\u00a0\u00bb#315B84&Prime; divider_weight=\u00a0\u00bb3px\u00a0\u00bb _builder_version=\u00a0\u00bb4.22.2&Prime; _module_preset=\u00a0\u00bbdefault\u00a0\u00bb max_width=\u00a0\u00bb80px\u00a0\u00bb custom_margin=\u00a0\u00bb||5px||false|false\u00a0\u00bb global_colors_info=\u00a0\u00bb{}\u00a0\u00bb][\/et_pb_divider][\/et_pb_column][\/et_pb_row][et_pb_row _builder_version=\u00a0\u00bb4.23.4&Prime; _module_preset=\u00a0\u00bbdefault\u00a0\u00bb global_colors_info=\u00a0\u00bb{}\u00a0\u00bb][et_pb_column type=\u00a0\u00bb4_4&Prime; _builder_version=\u00a0\u00bb4.23.4&Prime; _module_preset=\u00a0\u00bbdefault\u00a0\u00bb global_colors_info=\u00a0\u00bb{}\u00a0\u00bb][et_pb_text _builder_version=\u00a0\u00bb4.27.6&Prime; _module_preset=\u00a0\u00bbdefault\u00a0\u00bb hover_enabled=\u00a0\u00bb0&Prime; global_colors_info=\u00a0\u00bb{}\u00a0\u00bb sticky_enabled=\u00a0\u00bb0&Prime;]<\/p>\n<p>\u00cates-vous pr\u00eat \u00e0 contribuer \u00e0 fa\u00e7onner l&rsquo;avenir d&rsquo;un gestionnaire de fortune individuel agr\u00e9\u00e9 par la Finma ? Dans notre entreprise familiale de plus de 40 ans d&rsquo;histoire, nous recherchons un gestionnaire d&rsquo;actifs cr\u00e9atif, communicatif et dynamique disposant de son propre portefeuille de clients.<\/p>\n<h3>Vos t\u00e2ches:<\/h3>\n<ul>\n<li>Laissez libre cours \u00e0 votre cr\u00e9ativit\u00e9 pour des solutions financi\u00e8res individuelles<\/li>\n<li>\u00catre un initiateur dans l\u2019\u00e9laboration de strat\u00e9gies d\u2019investissement personnalis\u00e9es<\/li>\n<li>Entretenez et d\u00e9veloppez vos relations avec vos clients<\/li>\n<li>Veillez \u00e0 toujours garder \u00e0 l\u2019esprit les objectifs de vos clients et de Baltrag AG<\/li>\n<li>Avoir l\u2019esprit d\u2019\u00e9quipe et prendre en charge les remplacements mutuels<\/li>\n<\/ul>\n<h3>Votre profil:<\/h3>\n<ul>\n<li>Solide exp\u00e9rience dans la gestion d\u2019actifs \u00e0 l\u2019international<\/li>\n<li>Passion pour la d\u00e9couverte de nouvelles tendances sur les march\u00e9s financiers<\/li>\n<li>Qualifi\u00e9 et plusieurs ann\u00e9es d\u2019exp\u00e9rience dans le domaine des march\u00e9s de capitaux et des instruments financiers<\/li>\n<li>Solides comp\u00e9tences en communication et compr\u00e9hension des besoins des clients<\/li>\n<li>Forte orientation client et sens des responsabilit\u00e9s<\/li>\n<\/ul>\n<h3>Nous offrons:<\/h3>\n<ul>\n<li>Coop\u00e9ration \u00e0 long terme avec diff\u00e9rentes banques d\u00e9positaires \u00e0 des conditions comp\u00e9titives<\/li>\n<li>Entreprise familiale ind\u00e9pendante et autofinanc\u00e9e de la 2e g\u00e9n\u00e9ration<\/li>\n<li>Des structures claires et flexibles<\/li>\n<li>Accompagnement dans le d\u00e9veloppement de nouvelles relations d\u2019affaires et de vos clients existants<\/li>\n<li>De l\u2019espace pour le d\u00e9veloppement personnel et professionnel<\/li>\n<\/ul>\n<p>Agrandissez notre \u00e9quipe avec vos clients et vos id\u00e9es et faites partie de notre histoire \u00e0 succ\u00e8s. Envoyez votre dossier de candidature d\u00e9taill\u00e9 \u00e0 <a href=\"mailto:bewerbungen@baltrag.com\">bewerbungen@baltrag.com<\/a><\/p>\n<p>[\/et_pb_text][\/et_pb_column][\/et_pb_row][\/et_pb_section]<\/p>\n","protected":false},"excerpt":{"rendered":"<p>Gestionnaire d\u2019actifs innovant recherch\u00e9 ! Emplois \/ Carri\u00e8re chez Baltrag\u00cates-vous pr\u00eat \u00e0 contribuer \u00e0 fa\u00e7onner l&rsquo;avenir d&rsquo;un gestionnaire de fortune individuel agr\u00e9\u00e9 par la Finma ? Dans notre entreprise familiale de plus de 40 ans d&rsquo;histoire, nous recherchons un gestionnaire d&rsquo;actifs cr\u00e9atif, communicatif et dynamique disposant de son propre portefeuille de clients. Vos t\u00e2ches: Laissez [&hellip;]<\/p>\n","protected":false},"author":1,"featured_media":0,"parent":0,"menu_order":0,"comment_status":"closed","ping_status":"closed","template":"","meta":{"_et_pb_use_builder":"on","_et_pb_old_content":"","_et_gb_content_width":"","footnotes":""},"class_list":["post-66551","page","type-page","status-publish","hentry"],"_links":{"self":[{"href":"https:\/\/www.baltrag.com\/fr\/wp-json\/wp\/v2\/pages\/66551","targetHints":{"allow":["GET"]}}],"collection":[{"href":"https:\/\/www.baltrag.com\/fr\/wp-json\/wp\/v2\/pages"}],"about":[{"href":"https:\/\/www.baltrag.com\/fr\/wp-json\/wp\/v2\/types\/page"}],"author":[{"embeddable":true,"href":"https:\/\/www.baltrag.com\/fr\/wp-json\/wp\/v2\/users\/1"}],"replies":[{"embeddable":true,"href":"https:\/\/www.baltrag.com\/fr\/wp-json\/wp\/v2\/comments?post=66551"}],"version-history":[{"count":0,"href":"https:\/\/www.baltrag.com\/fr\/wp-json\/wp\/v2\/pages\/66551\/revisions"}],"wp:attachment":[{"href":"https:\/\/www.baltrag.com\/fr\/wp-json\/wp\/v2\/media?parent=66551"}],"curies":[{"name":"wp","href":"https:\/\/api.w.org\/{rel}","templated":true}]}}