{"id":63244,"date":"2023-12-26T06:35:36","date_gmt":"2023-12-26T05:35:36","guid":{"rendered":"https:\/\/www.baltrag.com\/notre-equipe\/daniel-hirsig\/"},"modified":"2025-12-22T14:05:30","modified_gmt":"2025-12-22T13:05:30","slug":"daniel-hirsig","status":"publish","type":"page","link":"https:\/\/www.baltrag.com\/fr\/daniel-hirsig\/","title":{"rendered":"Daniel Hirsig"},"content":{"rendered":"<p>[et_pb_section fb_built=\u00a0\u00bb1&Prime; _builder_version=\u00a0\u00bb4.23.4&Prime; _module_preset=\u00a0\u00bb80db0bf4-1c87-4ae3-b9be-5db124ed2fb0&Prime; background_last_edited=\u00a0\u00bbon|tablet\u00a0\u00bb global_colors_info=\u00a0\u00bb{}\u00a0\u00bb][et_pb_row column_structure=\u00a0\u00bb2_5,3_5&Prime; custom_padding_last_edited=\u00a0\u00bbon|phone\u00a0\u00bb module_class=\u00a0\u00bbreverse-columns\u00a0\u00bb _builder_version=\u00a0\u00bb4.23.2&Prime; _module_preset=\u00a0\u00bbdefault\u00a0\u00bb custom_margin=\u00a0\u00bb||0px||false|false\u00a0\u00bb custom_margin_tablet=\u00a0\u00bb||0px||false|false\u00a0\u00bb custom_margin_phone=\u00a0\u00bb||0px||false|false\u00a0\u00bb custom_margin_last_edited=\u00a0\u00bbon|phone\u00a0\u00bb custom_padding=\u00a0\u00bb||||false|false\u00a0\u00bb custom_padding_tablet=\u00a0\u00bb||0px||false|false\u00a0\u00bb custom_padding_phone=\u00a0\u00bb||0px||false|false\u00a0\u00bb global_colors_info=\u00a0\u00bb{}\u00a0\u00bb][et_pb_column type=\u00a0\u00bb2_5&Prime; _builder_version=\u00a0\u00bb4.23.2&Prime; _module_preset=\u00a0\u00bbdefault\u00a0\u00bb custom_padding=\u00a0\u00bb||||false|false\u00a0\u00bb custom_padding_tablet=\u00a0\u00bb||||false|false\u00a0\u00bb custom_padding_phone=\u00a0\u00bb||||false|false\u00a0\u00bb custom_padding_last_edited=\u00a0\u00bbon|phone\u00a0\u00bb custom_css_main_element=\u00a0\u00bbmargin-bottom: 0px;\u00a0\u00bb global_colors_info=\u00a0\u00bb{}\u00a0\u00bb][et_pb_image src=\u00a0\u00bbhttps:\/\/www.baltrag.com\/wp-content\/uploads\/2024\/05\/Daniel-3.png\u00a0\u00bb alt=\u00a0\u00bbDaniel Hirsig<br \/>\nPDG, Gestionnaire de relations\/portefeuille chez Baltrag\u00a0\u00bb title_text=\u00a0\u00bbDaniel Hirsig PDG, Gestionnaire de relations\/portefeuille chez Baltrag\u00a0\u00bb _builder_version=\u00a0\u00bb4.25.0&Prime; _module_preset=\u00a0\u00bb52da640f-add2-462a-b7f2-1d25e10844ba\u00a0\u00bb global_colors_info=\u00a0\u00bb{}\u00a0\u00bb][\/et_pb_image][et_pb_icon font_icon=\u00a0\u00bb&#x23;||divi||400&Prime; url=\u00a0\u00bbhttps:\/\/www.baltrag.com\/fr\/claude-crelier\/\u00a0\u00bb _builder_version=\u00a0\u00bb4.24.0&Prime; _module_preset=\u00a0\u00bb76854c63-7d54-4014-a624-52304fd077a7&Prime; global_colors_info=\u00a0\u00bb{}\u00a0\u00bb][\/et_pb_icon][et_pb_icon font_icon=\u00a0\u00bb&#x24;||divi||400&Prime; url=\u00a0\u00bbhttps:\/\/www.baltrag.com\/fr\/eva-hubscher\/\u00a0\u00bb _builder_version=\u00a0\u00bb4.24.0&Prime; _module_preset=\u00a0\u00bb04051ec5-ed43-4c82-a97e-a56fdad429d2&Prime; global_colors_info=\u00a0\u00bb{}\u00a0\u00bb][\/et_pb_icon][\/et_pb_column][et_pb_column type=\u00a0\u00bb3_5&Prime; _builder_version=\u00a0\u00bb4.23.2&Prime; _module_preset=\u00a0\u00bbdefault\u00a0\u00bb global_colors_info=\u00a0\u00bb{}\u00a0\u00bb][et_pb_text _builder_version=\u00a0\u00bb4.23.2&Prime; _module_preset=\u00a0\u00bb7de51439-3396-4870-882a-62fe04c99180&Prime; global_colors_info=\u00a0\u00bb{}\u00a0\u00bb]<\/p>\n<h1>Daniel Hirsig<\/h1>\n<p><span style=\"color: #ffffff;\">Chef de la direction, Gestionnaire des relations et du portefeuille<\/span><\/p>\n<p>Sp\u00e9cialiste de la banque et de l\u2019investissement<\/p>\n<p>T\u00e9l. <a href=\"tel:+41612721600\">+41 61 272 16 00<\/a><br \/><a href=\"mailto:daniel@baltrag.com\">daniel@baltrag.com<\/a><\/p>\n<p>[\/et_pb_text][et_pb_icon font_icon=\u00a0\u00bb&#x24;||divi||400&Prime; url=\u00a0\u00bbhttps:\/\/www.baltrag.com\/fr\/eva-hubscher\/\u00a0\u00bb disabled_on=\u00a0\u00bbon|on|off\u00a0\u00bb _builder_version=\u00a0\u00bb4.24.0&Prime; _module_preset=\u00a0\u00bb770d708d-7b6f-47ae-9883-820ed5282614&Prime; transform_translate=\u00a0\u00bb5vw|20vh\u00a0\u00bb transform_translate_linked=\u00a0\u00bboff\u00a0\u00bb positioning=\u00a0\u00bbabsolute\u00a0\u00bb position_origin_a=\u00a0\u00bbtop_right\u00a0\u00bb global_colors_info=\u00a0\u00bb{}\u00a0\u00bb][\/et_pb_icon][\/et_pb_column][\/et_pb_row][\/et_pb_section][et_pb_section fb_built=\u00a0\u00bb1&Prime; _builder_version=\u00a0\u00bb4.23.1&Prime; _module_preset=\u00a0\u00bbdefault\u00a0\u00bb background_color=\u00a0\u00bb#FFFFFF\u00a0\u00bb custom_padding=\u00a0\u00bb0px||||false|false\u00a0\u00bb global_colors_info=\u00a0\u00bb{}\u00a0\u00bb][et_pb_row column_structure=\u00a0\u00bb3_5,2_5&Prime; _builder_version=\u00a0\u00bb4.16&Prime; _module_preset=\u00a0\u00bbdefault\u00a0\u00bb global_colors_info=\u00a0\u00bb{}\u00a0\u00bb][et_pb_column type=\u00a0\u00bb3_5&Prime; _builder_version=\u00a0\u00bb4.16&Prime; _module_preset=\u00a0\u00bbdefault\u00a0\u00bb global_colors_info=\u00a0\u00bb{}\u00a0\u00bb][et_pb_text _builder_version=\u00a0\u00bb4.24.0&Prime; _module_preset=\u00a0\u00bbdefault\u00a0\u00bb text_font_size=\u00a0\u00bb15px\u00a0\u00bb text_line_height=\u00a0\u00bb1.8em\u00a0\u00bb global_colors_info=\u00a0\u00bb{}\u00a0\u00bb]<\/p>\n<p>Daniel Hirsig a commenc\u00e9 sa carri\u00e8re dans la finance en commen\u00e7ant par un apprentissage professionnel aupr\u00e8s de l&rsquo;Union de Banques Suisses (aujourd&rsquo;hui UBS AG) et une formation professionnelle ult\u00e9rieure dans diff\u00e9rents d\u00e9partements bancaires. D\u00e8s 1983, il a commenc\u00e9 son histoire \u00e0 succ\u00e8s chez Baltrag AG en tant qu&rsquo;assistant gestionnaire de portefeuille \/ gestionnaire des relations avec la client\u00e8le. En quelques ann\u00e9es, il a acquis l&rsquo;exp\u00e9rience professionnelle et la confiance des clients internationaux pour devenir responsable des transactions commerciales. Poursuivant son parcours au sein de Baltrag, il est pass\u00e9 du statut d&rsquo;adjoint \u00e0 celui de directeur g\u00e9n\u00e9ral et d&rsquo;administrateur d\u00e9l\u00e9gu\u00e9.<\/p>\n<p>Aujourd&rsquo;hui membre le plus ancien de l&rsquo;\u00e9quipe Baltrag, il a jou\u00e9 un r\u00f4le cl\u00e9 dans la cr\u00e9ation de Baltrag, \u00e0 c\u00f4t\u00e9 du fondateur, Peter Baer. Banquier de formation, il poss\u00e8de plus de 40 ans d\u2019exp\u00e9rience dans la gestion d\u2019actifs, l\u2019administration de fiducies, la comptabilit\u00e9 et toutes les activit\u00e9s connexes. Il respecte les principes d&rsquo;int\u00e9grit\u00e9, de confiance et de fiabilit\u00e9, et accorde de l&rsquo;importance aux relations personnelles de longue date avec ses clients. Pla\u00e7ant toujours l&rsquo;int\u00e9r\u00eat du client au premier plan, il est m\u00eame souvent capable d&rsquo;anticiper les besoins et les souhaits des clients.<\/p>\n<p>Outre sa langue maternelle, l&rsquo;allemand, il parle couramment l&rsquo;anglais et le fran\u00e7ais.<\/p>\n<p>Pour trouver un bon \u00e9quilibre entre vie professionnelle et vie priv\u00e9e, il aime faire de la moto et d\u00e9couvrir des pays proches ou lointains. Apr\u00e8s de nombreuses ann\u00e9es actives au sein d&rsquo;une \u00e9quipe de basket-ball, il continue \u00e0 participer passivement au comit\u00e9 de son club local et en tant que d\u00e9l\u00e9gu\u00e9 de Swiss Basketball.  <\/p>\n<p>[\/et_pb_text][\/et_pb_column][et_pb_column type=\u00a0\u00bb2_5&Prime; _builder_version=\u00a0\u00bb4.16&Prime; _module_preset=\u00a0\u00bbdefault\u00a0\u00bb global_colors_info=\u00a0\u00bb{}\u00a0\u00bb][dipi_typing_text typing_text=\u00a0\u00bb\u201eNe cherchez pas les erreurs, cherchez les solutions.\u201c (Henry Ford)\u00a0\u00bb _builder_version=\u00a0\u00bb4.24.0&Prime; _module_preset=\u00a0\u00bb81ae0d61-cdd0-4581-97e4-69641b7605e9&Prime; global_colors_info=\u00a0\u00bb{}\u00a0\u00bb][\/dipi_typing_text][\/et_pb_column][\/et_pb_row][\/et_pb_section]<\/p>\n","protected":false},"excerpt":{"rendered":"<p>Daniel Hirsig Chef de la direction, Gestionnaire des relations et du portefeuille Sp\u00e9cialiste de la banque et de l\u2019investissement T\u00e9l. +41 61 272 16 00daniel@baltrag.comDaniel Hirsig a commenc\u00e9 sa carri\u00e8re dans la finance en commen\u00e7ant par un apprentissage professionnel aupr\u00e8s de l&rsquo;Union de Banques Suisses (aujourd&rsquo;hui UBS AG) et une formation professionnelle ult\u00e9rieure dans diff\u00e9rents [&hellip;]<\/p>\n","protected":false},"author":1,"featured_media":0,"parent":0,"menu_order":0,"comment_status":"closed","ping_status":"closed","template":"","meta":{"_et_pb_use_builder":"on","_et_pb_old_content":"","_et_gb_content_width":"","footnotes":""},"class_list":["post-63244","page","type-page","status-publish","hentry"],"_links":{"self":[{"href":"https:\/\/www.baltrag.com\/fr\/wp-json\/wp\/v2\/pages\/63244","targetHints":{"allow":["GET"]}}],"collection":[{"href":"https:\/\/www.baltrag.com\/fr\/wp-json\/wp\/v2\/pages"}],"about":[{"href":"https:\/\/www.baltrag.com\/fr\/wp-json\/wp\/v2\/types\/page"}],"author":[{"embeddable":true,"href":"https:\/\/www.baltrag.com\/fr\/wp-json\/wp\/v2\/users\/1"}],"replies":[{"embeddable":true,"href":"https:\/\/www.baltrag.com\/fr\/wp-json\/wp\/v2\/comments?post=63244"}],"version-history":[{"count":0,"href":"https:\/\/www.baltrag.com\/fr\/wp-json\/wp\/v2\/pages\/63244\/revisions"}],"wp:attachment":[{"href":"https:\/\/www.baltrag.com\/fr\/wp-json\/wp\/v2\/media?parent=63244"}],"curies":[{"name":"wp","href":"https:\/\/api.w.org\/{rel}","templated":true}]}}