{"id":63232,"date":"2023-12-26T06:12:53","date_gmt":"2023-12-26T05:12:53","guid":{"rendered":"https:\/\/www.baltrag.com\/notre-equipe\/claude-crelier\/"},"modified":"2025-12-16T10:44:24","modified_gmt":"2025-12-16T09:44:24","slug":"claude-crelier","status":"publish","type":"page","link":"https:\/\/www.baltrag.com\/fr\/claude-crelier\/","title":{"rendered":"Claude Crelier"},"content":{"rendered":"<p>[et_pb_section fb_built=\u00a0\u00bb1&Prime; _builder_version=\u00a0\u00bb4.23.2&Prime; _module_preset=\u00a0\u00bb80db0bf4-1c87-4ae3-b9be-5db124ed2fb0&Prime; global_colors_info=\u00a0\u00bb{}\u00a0\u00bb][et_pb_row column_structure=\u00a0\u00bb2_5,3_5&Prime; custom_padding_last_edited=\u00a0\u00bbon|phone\u00a0\u00bb module_class=\u00a0\u00bbreverse-columns\u00a0\u00bb _builder_version=\u00a0\u00bb4.23.2&Prime; _module_preset=\u00a0\u00bbdefault\u00a0\u00bb custom_margin=\u00a0\u00bb||0px||false|false\u00a0\u00bb custom_margin_tablet=\u00a0\u00bb||0px||false|false\u00a0\u00bb custom_margin_phone=\u00a0\u00bb||0px||false|false\u00a0\u00bb custom_margin_last_edited=\u00a0\u00bbon|phone\u00a0\u00bb custom_padding=\u00a0\u00bb||||false|false\u00a0\u00bb custom_padding_tablet=\u00a0\u00bb||0px||false|false\u00a0\u00bb custom_padding_phone=\u00a0\u00bb||0px||false|false\u00a0\u00bb global_colors_info=\u00a0\u00bb{}\u00a0\u00bb][et_pb_column type=\u00a0\u00bb2_5&Prime; _builder_version=\u00a0\u00bb4.23.2&Prime; _module_preset=\u00a0\u00bbdefault\u00a0\u00bb custom_padding=\u00a0\u00bb||||false|false\u00a0\u00bb custom_padding_tablet=\u00a0\u00bb||||false|false\u00a0\u00bb custom_padding_phone=\u00a0\u00bb||||false|false\u00a0\u00bb custom_padding_last_edited=\u00a0\u00bbon|phone\u00a0\u00bb custom_css_main_element=\u00a0\u00bbmargin-bottom: 0px;\u00a0\u00bb global_colors_info=\u00a0\u00bb{}\u00a0\u00bb][et_pb_image src=\u00a0\u00bbhttps:\/\/www.baltrag.com\/wp-content\/uploads\/2024\/01\/Claude-Crelier.webp\u00a0\u00bb alt=\u00a0\u00bbClaude Crelier Baltrag\u00a0\u00bb title_text=\u00a0\u00bbClaude Crelier Baltrag\u00a0\u00bb _builder_version=\u00a0\u00bb4.24.0&Prime; _module_preset=\u00a0\u00bb52da640f-add2-462a-b7f2-1d25e10844ba\u00a0\u00bb global_colors_info=\u00a0\u00bb{}\u00a0\u00bb][\/et_pb_image][et_pb_icon font_icon=\u00a0\u00bb&#x23;||divi||400&Prime; url=\u00a0\u00bbhttps:\/\/www.baltrag.com\/fr\/ariane-baer-hammer\/\u00a0\u00bb _builder_version=\u00a0\u00bb4.24.0&Prime; _module_preset=\u00a0\u00bb76854c63-7d54-4014-a624-52304fd077a7&Prime; global_colors_info=\u00a0\u00bb{}\u00a0\u00bb][\/et_pb_icon][et_pb_icon font_icon=\u00a0\u00bb&#x24;||divi||400&Prime; url=\u00a0\u00bbhttps:\/\/www.baltrag.com\/fr\/daniel-hirsig\/\u00a0\u00bb _builder_version=\u00a0\u00bb4.24.0&Prime; _module_preset=\u00a0\u00bb04051ec5-ed43-4c82-a97e-a56fdad429d2&Prime; global_colors_info=\u00a0\u00bb{}\u00a0\u00bb][\/et_pb_icon][\/et_pb_column][et_pb_column type=\u00a0\u00bb3_5&Prime; _builder_version=\u00a0\u00bb4.23.2&Prime; _module_preset=\u00a0\u00bbdefault\u00a0\u00bb global_colors_info=\u00a0\u00bb{}\u00a0\u00bb][et_pb_text _builder_version=\u00a0\u00bb4.24.0&Prime; _module_preset=\u00a0\u00bb7de51439-3396-4870-882a-62fe04c99180&Prime; global_colors_info=\u00a0\u00bb{}\u00a0\u00bb]<\/p>\n<h1>Claude Crelier<\/h1>\n<p><span style=\"color: #ffffff;\">Chef des placements (DPI), Gestionnaire de portefeuille et de relations d\u2019affaires<\/span><\/p>\n<p>G\u00e9rant de fortune ind\u00e9pendant qualifi\u00e9 VSV<br \/>CWMA (Conseiller agr\u00e9\u00e9 en gestion de patrimoine)<\/p>\n<p>T\u00e9l. <a href=\"tel:+41612721600\">+41 61 272 16 00<\/a><br \/><a href=\"mailto:claude@baltrag.com\">claude@baltrag.com<\/a><\/p>\n<p>[\/et_pb_text][et_pb_icon font_icon=\u00a0\u00bb&#x24;||divi||400&Prime; url=\u00a0\u00bbhttps:\/\/www.baltrag.com\/fr\/daniel-hirsig\/\u00a0\u00bb icon_width_tablet=\u00a0\u00bb\u00a0\u00bb icon_width_phone=\u00a0\u00bb\u00a0\u00bb icon_width_last_edited=\u00a0\u00bbon|tablet\u00a0\u00bb disabled_on=\u00a0\u00bbon|on|off\u00a0\u00bb _builder_version=\u00a0\u00bb4.24.0&Prime; _module_preset=\u00a0\u00bb770d708d-7b6f-47ae-9883-820ed5282614&Prime; transform_translate=\u00a0\u00bb5vw|20vh\u00a0\u00bb transform_translate_linked=\u00a0\u00bboff\u00a0\u00bb positioning=\u00a0\u00bbabsolute\u00a0\u00bb position_origin_a=\u00a0\u00bbtop_right\u00a0\u00bb global_colors_info=\u00a0\u00bb{}\u00a0\u00bb][\/et_pb_icon][\/et_pb_column][\/et_pb_row][\/et_pb_section][et_pb_section fb_built=\u00a0\u00bb1&Prime; _builder_version=\u00a0\u00bb4.23.1&Prime; _module_preset=\u00a0\u00bbdefault\u00a0\u00bb background_color=\u00a0\u00bb#FFFFFF\u00a0\u00bb custom_padding=\u00a0\u00bb0px||||false|false\u00a0\u00bb global_colors_info=\u00a0\u00bb{}\u00a0\u00bb][et_pb_row column_structure=\u00a0\u00bb3_5,2_5&Prime; _builder_version=\u00a0\u00bb4.16&Prime; _module_preset=\u00a0\u00bbdefault\u00a0\u00bb global_colors_info=\u00a0\u00bb{}\u00a0\u00bb][et_pb_column type=\u00a0\u00bb3_5&Prime; _builder_version=\u00a0\u00bb4.16&Prime; _module_preset=\u00a0\u00bbdefault\u00a0\u00bb global_colors_info=\u00a0\u00bb{}\u00a0\u00bb][et_pb_text _builder_version=\u00a0\u00bb4.24.0&Prime; _module_preset=\u00a0\u00bbdefault\u00a0\u00bb text_font_size=\u00a0\u00bb15px\u00a0\u00bb text_line_height=\u00a0\u00bb1.8em\u00a0\u00bb width=\u00a0\u00bb100%\u00a0\u00bb max_width=\u00a0\u00bb800px\u00a0\u00bb global_colors_info=\u00a0\u00bb{}\u00a0\u00bb]<\/p>\n<p>Apr\u00e8s l&rsquo;obtention de son dipl\u00f4me f\u00e9d\u00e9ral de commerce, Claude a acquis sa premi\u00e8re exp\u00e9rience dans le monde bancaire lors d&rsquo;un stage \u00e0 la Soci\u00e9t\u00e9 de Banque Suisse (aujourd&rsquo;hui UBS AG), suivi d&rsquo;un poste d&rsquo;assistant conseiller en investissement dans la banque priv\u00e9e. Une formation compl\u00e9mentaire \u00e0 la Haute \u00e9cole sp\u00e9cialis\u00e9e du Nord-Ouest de la Suisse (FHNW), comprenant un dipl\u00f4me interm\u00e9diaire en \u00e9conomie d&rsquo;entreprise, a ramen\u00e9 Claude sur les bancs de l&rsquo;\u00e9cole. Vers la fin des ann\u00e9es quatre-vingt-dix, Claude a commenc\u00e9 sa carri\u00e8re en tant que conseiller en placement chez UBS AG, d\u2019abord \u00e0 B\u00e2le pour les clients europ\u00e9ens, puis \u00e0 Zurich pour le Moyen-Orient. Gr\u00e2ce \u00e0 de nombreux voyages d&rsquo;affaires, le Moyen-Orient est devenu comme un deuxi\u00e8me domicile pour lui.<\/p>\n<p>Claude est conseiller en placement certifi\u00e9 depuis 2007. En 2014, il a \u00e9largi sa qualification en obtenant le titre de Conseiller en Gestion de Patrimoine Certifi\u00e9 (CWMA) reconnu par l&rsquo;Association Suisse pour la Qualit\u00e9 (SAQ). Il a travaill\u00e9 comme examinateur\/expert \u00e0 l&rsquo;UBS Business University pendant plusieurs ann\u00e9es.<\/p>\n<p>Claude a d\u00e9cid\u00e9 de changer chez un gestionnaire de fortune externe en 2016. Son expertise dans le domaine de la banque priv\u00e9e ainsi que ses excellentes comp\u00e9tences en mati\u00e8re de r\u00e9seau et de communication sont parfaitement adapt\u00e9es \u00e0 Baltrag et \u00e0 ses clients. Les r\u00e9actions positives des clients de longue date de Baltrag t\u00e9moignent de son enthousiasme et de sa capacit\u00e9 \u00e0 trouver le portefeuille id\u00e9al pour le client.<\/p>\n<p>Sa langue maternelle est l&rsquo;allemand, mais il parle couramment l&rsquo;anglais et le fran\u00e7ais. En outre, il peut \u00e9galement communiquer en espagnol.<\/p>\n<p>Claude est mari\u00e9 et vit \u00e0 Liestal. Ses loisirs comprennent le fitness, la randonn\u00e9e, la moto et les voyages dans des pays proches et lointains. <\/p>\n<p>[\/et_pb_text][\/et_pb_column][et_pb_column type=\u00a0\u00bb2_5&Prime; _builder_version=\u00a0\u00bb4.16&Prime; _module_preset=\u00a0\u00bbdefault\u00a0\u00bb global_colors_info=\u00a0\u00bb{}\u00a0\u00bb][dipi_typing_text typing_text=\u00a0\u00bb\u201eLe risque vient du fait de ne pas savoir ce que tu fais.\u201c \u2014 Warren Buffett\u00a0\u00bb _builder_version=\u00a0\u00bb4.24.0&Prime; _module_preset=\u00a0\u00bb81ae0d61-cdd0-4581-97e4-69641b7605e9&Prime; text_font_size_tablet=\u00a0\u00bb\u00a0\u00bb text_font_size_phone=\u00a0\u00bb\u00a0\u00bb text_font_size_last_edited=\u00a0\u00bbon|desktop\u00a0\u00bb global_colors_info=\u00a0\u00bb{}\u00a0\u00bb][\/dipi_typing_text][\/et_pb_column][\/et_pb_row][\/et_pb_section]<\/p>\n","protected":false},"excerpt":{"rendered":"<p>Claude Crelier Chef des placements (DPI), Gestionnaire de portefeuille et de relations d\u2019affaires G\u00e9rant de fortune ind\u00e9pendant qualifi\u00e9 VSVCWMA (Conseiller agr\u00e9\u00e9 en gestion de patrimoine) T\u00e9l. +41 61 272 16 00claude@baltrag.comApr\u00e8s l&rsquo;obtention de son dipl\u00f4me f\u00e9d\u00e9ral de commerce, Claude a acquis sa premi\u00e8re exp\u00e9rience dans le monde bancaire lors d&rsquo;un stage \u00e0 la Soci\u00e9t\u00e9 de [&hellip;]<\/p>\n","protected":false},"author":1,"featured_media":0,"parent":0,"menu_order":0,"comment_status":"closed","ping_status":"closed","template":"","meta":{"_et_pb_use_builder":"on","_et_pb_old_content":"","_et_gb_content_width":"","footnotes":""},"class_list":["post-63232","page","type-page","status-publish","hentry"],"_links":{"self":[{"href":"https:\/\/www.baltrag.com\/fr\/wp-json\/wp\/v2\/pages\/63232","targetHints":{"allow":["GET"]}}],"collection":[{"href":"https:\/\/www.baltrag.com\/fr\/wp-json\/wp\/v2\/pages"}],"about":[{"href":"https:\/\/www.baltrag.com\/fr\/wp-json\/wp\/v2\/types\/page"}],"author":[{"embeddable":true,"href":"https:\/\/www.baltrag.com\/fr\/wp-json\/wp\/v2\/users\/1"}],"replies":[{"embeddable":true,"href":"https:\/\/www.baltrag.com\/fr\/wp-json\/wp\/v2\/comments?post=63232"}],"version-history":[{"count":0,"href":"https:\/\/www.baltrag.com\/fr\/wp-json\/wp\/v2\/pages\/63232\/revisions"}],"wp:attachment":[{"href":"https:\/\/www.baltrag.com\/fr\/wp-json\/wp\/v2\/media?parent=63232"}],"curies":[{"name":"wp","href":"https:\/\/api.w.org\/{rel}","templated":true}]}}