{"id":60975,"date":"2023-10-22T05:54:06","date_gmt":"2023-10-22T03:54:06","guid":{"rendered":"https:\/\/www.baltrag.com\/notre-equipe\/ariane-baer-hammer\/"},"modified":"2025-12-16T09:36:15","modified_gmt":"2025-12-16T08:36:15","slug":"ariane-baer-hammer","status":"publish","type":"page","link":"https:\/\/www.baltrag.com\/fr\/ariane-baer-hammer\/","title":{"rendered":"Ariane Baer Hammer"},"content":{"rendered":"<p>[et_pb_section fb_built=\u00a0\u00bb1&Prime; _builder_version=\u00a0\u00bb4.23.2&Prime; _module_preset=\u00a0\u00bb80db0bf4-1c87-4ae3-b9be-5db124ed2fb0&Prime; global_colors_info=\u00a0\u00bb{}\u00a0\u00bb][et_pb_row column_structure=\u00a0\u00bb2_5,3_5&Prime; custom_padding_last_edited=\u00a0\u00bbon|phone\u00a0\u00bb module_class=\u00a0\u00bbreverse-columns\u00a0\u00bb _builder_version=\u00a0\u00bb4.23.2&Prime; _module_preset=\u00a0\u00bbdefault\u00a0\u00bb custom_margin=\u00a0\u00bb||0px||false|false\u00a0\u00bb custom_margin_tablet=\u00a0\u00bb||0px||false|false\u00a0\u00bb custom_margin_phone=\u00a0\u00bb||0px||false|false\u00a0\u00bb custom_margin_last_edited=\u00a0\u00bbon|phone\u00a0\u00bb custom_padding=\u00a0\u00bb||||false|false\u00a0\u00bb custom_padding_tablet=\u00a0\u00bb||0px||false|false\u00a0\u00bb custom_padding_phone=\u00a0\u00bb||0px||false|false\u00a0\u00bb global_colors_info=\u00a0\u00bb{}\u00a0\u00bb][et_pb_column type=\u00a0\u00bb2_5&Prime; _builder_version=\u00a0\u00bb4.23.2&Prime; _module_preset=\u00a0\u00bbdefault\u00a0\u00bb custom_padding=\u00a0\u00bb||||false|false\u00a0\u00bb custom_padding_tablet=\u00a0\u00bb||||false|false\u00a0\u00bb custom_padding_phone=\u00a0\u00bb||||false|false\u00a0\u00bb custom_padding_last_edited=\u00a0\u00bbon|phone\u00a0\u00bb custom_css_main_element=\u00a0\u00bbmargin-bottom: 0px;\u00a0\u00bb global_colors_info=\u00a0\u00bb{}\u00a0\u00bb][et_pb_image src=\u00a0\u00bbhttps:\/\/www.baltrag.com\/wp-content\/uploads\/2024\/01\/Ariane-Baer-Hammer.webp\u00a0\u00bb alt=\u00a0\u00bbAriane Baer Hammer\u00a0\u00bb title_text=\u00a0\u00bbAriane Baer Hammer\u00a0\u00bb _builder_version=\u00a0\u00bb4.24.0&Prime; _module_preset=\u00a0\u00bb52da640f-add2-462a-b7f2-1d25e10844ba\u00a0\u00bb global_colors_info=\u00a0\u00bb{}\u00a0\u00bb][\/et_pb_image][et_pb_icon font_icon=\u00a0\u00bb&#x23;||divi||400&Prime; url=\u00a0\u00bbhttps:\/\/www.baltrag.com\/fr\/ines-zuccolin\/\u00a0\u00bb _builder_version=\u00a0\u00bb4.24.0&Prime; _module_preset=\u00a0\u00bb76854c63-7d54-4014-a624-52304fd077a7&Prime; global_colors_info=\u00a0\u00bb{}\u00a0\u00bb][\/et_pb_icon][et_pb_icon font_icon=\u00a0\u00bb&#x24;||divi||400&Prime; url=\u00a0\u00bbhttps:\/\/www.baltrag.com\/fr\/claude-crelier\/\u00a0\u00bb _builder_version=\u00a0\u00bb4.24.0&Prime; _module_preset=\u00a0\u00bb04051ec5-ed43-4c82-a97e-a56fdad429d2&Prime; global_colors_info=\u00a0\u00bb{}\u00a0\u00bb][\/et_pb_icon][\/et_pb_column][et_pb_column type=\u00a0\u00bb3_5&Prime; _builder_version=\u00a0\u00bb4.23.2&Prime; _module_preset=\u00a0\u00bbdefault\u00a0\u00bb global_colors_info=\u00a0\u00bb{}\u00a0\u00bb][et_pb_text _builder_version=\u00a0\u00bb4.23.2&Prime; _module_preset=\u00a0\u00bb7de51439-3396-4870-882a-62fe04c99180&Prime; global_colors_info=\u00a0\u00bb{}\u00a0\u00bb]<\/p>\n<h1>Ariane Baer Hammer<\/h1>\n<p><span style=\"color: #ffffff;\">Directrice g\u00e9n\u00e9rale, Charg\u00e9e de relations<\/span><\/p>\n<p>MLaw (Ma\u00eetrise en droit)<br \/>\nG\u00e9rant de fortune ind\u00e9pendant qualifi\u00e9 VSV<br \/>\nTep (Praticien en gestion des successions fiduciaires)<\/p>\n<p>T\u00e9l. +41 61 272 16 00<br \/>\n<a href=\"mailto:ariane@baltrag.com\">ariane@baltrag.com<\/a>[\/et_pb_text][et_pb_icon font_icon=\u00a0\u00bb&#x24;||divi||400&Prime; url=\u00a0\u00bbhttps:\/\/www.baltrag.com\/fr\/claude-crelier\/\u00a0\u00bb disabled_on=\u00a0\u00bbon|on|off\u00a0\u00bb _builder_version=\u00a0\u00bb4.24.0&Prime; _module_preset=\u00a0\u00bb770d708d-7b6f-47ae-9883-820ed5282614&Prime; transform_translate=\u00a0\u00bb5vw|20vh\u00a0\u00bb transform_translate_linked=\u00a0\u00bboff\u00a0\u00bb positioning=\u00a0\u00bbabsolute\u00a0\u00bb position_origin_a=\u00a0\u00bbtop_right\u00a0\u00bb global_colors_info=\u00a0\u00bb{}\u00a0\u00bb][\/et_pb_icon][\/et_pb_column][\/et_pb_row][\/et_pb_section][et_pb_section fb_built=\u00a0\u00bb1&Prime; _builder_version=\u00a0\u00bb4.23.1&Prime; _module_preset=\u00a0\u00bbdefault\u00a0\u00bb background_color=\u00a0\u00bb#FFFFFF\u00a0\u00bb custom_padding=\u00a0\u00bb0px||||false|false\u00a0\u00bb global_colors_info=\u00a0\u00bb{}\u00a0\u00bb][et_pb_row column_structure=\u00a0\u00bb3_5,2_5&Prime; _builder_version=\u00a0\u00bb4.16&Prime; _module_preset=\u00a0\u00bbdefault\u00a0\u00bb global_colors_info=\u00a0\u00bb{}\u00a0\u00bb][et_pb_column type=\u00a0\u00bb3_5&Prime; _builder_version=\u00a0\u00bb4.16&Prime; _module_preset=\u00a0\u00bbdefault\u00a0\u00bb global_colors_info=\u00a0\u00bb{}\u00a0\u00bb][et_pb_text _builder_version=\u00a0\u00bb4.24.0&Prime; _module_preset=\u00a0\u00bbdefault\u00a0\u00bb text_font_size=\u00a0\u00bb15px\u00a0\u00bb text_line_height=\u00a0\u00bb1.8em\u00a0\u00bb width=\u00a0\u00bb100%\u00a0\u00bb global_colors_info=\u00a0\u00bb{}\u00a0\u00bb]<\/p>\n<p>Ariane Baer Hammer a \u00e9tudi\u00e9 le droit \u00e0 l&rsquo;Universit\u00e9 de B\u00e2le. Son premier emploi l&rsquo;a amen\u00e9e au Liechtenstein. En tant que juriste et Senior Trust Officer, elle a servi une client\u00e8le internationale en r\u00e9digeant des contrats et des avis juridiques, en particulier dans les domaines du droit des soci\u00e9t\u00e9s, du droit bancaire et du droit des march\u00e9s financiers. Au niveau des trusts, elle a conseill\u00e9 des clients sur la structuration d\u2019entreprise et la planification successorale. Afin d&rsquo;approfondir ses connaissances en droit liechtensteinois, elle a suivi des \u00e9tudes postuniversitaires en droit des soci\u00e9t\u00e9s du Liechtenstein \u00e0 l&rsquo;universit\u00e9 des sciences appliqu\u00e9es du Liechtenstein. En outre, sa formation et sa formation continue en tant que membre de la Society of Trust and Estate Practitioners (STEP) lui sont tr\u00e8s utiles dans ses activit\u00e9s quotidiennes.<\/p>\n<p>Apr\u00e8s 14 ans d\u2019exp\u00e9rience professionnelle au Liechtenstein, Ariane est revenue \u00e0 ses racines \u00e0 B\u00e2le en 2014. En tant que directrice g\u00e9n\u00e9rale et membre du conseil d&rsquo;administration, elle dirige depuis lors la deuxi\u00e8me g\u00e9n\u00e9ration de Baltrag SA. Gr\u00e2ce \u00e0 ses connaissances juridiques, elle soutient Baltrag SA dans les affaires l\u00e9gales et conseille les clients sur toutes leurs besoins. <\/p>\n<p>Outre sa langue maternelle, l&rsquo;allemand, elle parle couramment l&rsquo;anglais et peut communiquer en fran\u00e7ais.<\/p>\n<p>Ariane est mari\u00e9e et a une fille. Pendant son temps libre, elle aime les sports nautiques et les longues promenades avec son chien.<\/p>\n<p>[\/et_pb_text][\/et_pb_column][et_pb_column type=\u00a0\u00bb2_5&Prime; _builder_version=\u00a0\u00bb4.16&Prime; _module_preset=\u00a0\u00bbdefault\u00a0\u00bb global_colors_info=\u00a0\u00bb{}\u00a0\u00bb][dipi_typing_text typing_text=\u00a0\u00bb\u201eLa connaissance est votre bien le plus pr\u00e9cieux; ne cessez jamais d&#039;apprendre et de vous adapter.\u201c (auteur inconnu)\u00a0\u00bb _builder_version=\u00a0\u00bb4.24.0&Prime; _module_preset=\u00a0\u00bb81ae0d61-cdd0-4581-97e4-69641b7605e9&Prime; global_colors_info=\u00a0\u00bb{}\u00a0\u00bb][\/dipi_typing_text][\/et_pb_column][\/et_pb_row][\/et_pb_section]<\/p>\n","protected":false},"excerpt":{"rendered":"<p>Ariane Baer Hammer Directrice g\u00e9n\u00e9rale, Charg\u00e9e de relations MLaw (Ma\u00eetrise en droit) G\u00e9rant de fortune ind\u00e9pendant qualifi\u00e9 VSV Tep (Praticien en gestion des successions fiduciaires) T\u00e9l. +41 61 272 16 00 ariane@baltrag.comAriane Baer Hammer a \u00e9tudi\u00e9 le droit \u00e0 l&rsquo;Universit\u00e9 de B\u00e2le. Son premier emploi l&rsquo;a amen\u00e9e au Liechtenstein. En tant que juriste et Senior [&hellip;]<\/p>\n","protected":false},"author":1,"featured_media":0,"parent":0,"menu_order":0,"comment_status":"closed","ping_status":"closed","template":"","meta":{"_et_pb_use_builder":"on","_et_pb_old_content":"","_et_gb_content_width":"","footnotes":""},"class_list":["post-60975","page","type-page","status-publish","hentry"],"_links":{"self":[{"href":"https:\/\/www.baltrag.com\/fr\/wp-json\/wp\/v2\/pages\/60975","targetHints":{"allow":["GET"]}}],"collection":[{"href":"https:\/\/www.baltrag.com\/fr\/wp-json\/wp\/v2\/pages"}],"about":[{"href":"https:\/\/www.baltrag.com\/fr\/wp-json\/wp\/v2\/types\/page"}],"author":[{"embeddable":true,"href":"https:\/\/www.baltrag.com\/fr\/wp-json\/wp\/v2\/users\/1"}],"replies":[{"embeddable":true,"href":"https:\/\/www.baltrag.com\/fr\/wp-json\/wp\/v2\/comments?post=60975"}],"version-history":[{"count":0,"href":"https:\/\/www.baltrag.com\/fr\/wp-json\/wp\/v2\/pages\/60975\/revisions"}],"wp:attachment":[{"href":"https:\/\/www.baltrag.com\/fr\/wp-json\/wp\/v2\/media?parent=60975"}],"curies":[{"name":"wp","href":"https:\/\/api.w.org\/{rel}","templated":true}]}}