{"id":60934,"date":"2021-04-14T14:29:32","date_gmt":"2021-04-14T12:29:32","guid":{"rendered":"https:\/\/www.baltrag.com\/services\/"},"modified":"2025-12-23T12:01:29","modified_gmt":"2025-12-23T11:01:29","slug":"services","status":"publish","type":"page","link":"https:\/\/www.baltrag.com\/fr\/services\/","title":{"rendered":"Services"},"content":{"rendered":"<p>[et_pb_section fb_built=\u00a0\u00bb1&Prime; custom_padding_last_edited=\u00a0\u00bbon|phone\u00a0\u00bb disabled_on=\u00a0\u00bboff|off|off\u00a0\u00bb _builder_version=\u00a0\u00bb4.24.2&Prime; _module_preset=\u00a0\u00bb47d802ce-8990-4ce7-848a-8543d1af340e\u00a0\u00bb background_image=\u00a0\u00bbhttps:\/\/www.baltrag.com\/wp-content\/uploads\/2024\/02\/ariane-eva-2-1.webp\u00a0\u00bb background_enable_image=\u00a0\u00bbon\u00a0\u00bb custom_padding_tablet=\u00a0\u00bb\u00a0\u00bb custom_padding_phone=\u00a0\u00bb||||false|false\u00a0\u00bb global_colors_info=\u00a0\u00bb{}\u00a0\u00bb][et_pb_row _builder_version=\u00a0\u00bb4.22.2&Prime; _module_preset=\u00a0\u00bbdefault\u00a0\u00bb global_colors_info=\u00a0\u00bb{}\u00a0\u00bb][et_pb_column type=\u00a0\u00bb4_4&Prime; _builder_version=\u00a0\u00bb4.22.2&Prime; _module_preset=\u00a0\u00bbdefault\u00a0\u00bb global_colors_info=\u00a0\u00bb{}\u00a0\u00bb][et_pb_text _builder_version=\u00a0\u00bb4.24.2&Prime; _module_preset=\u00a0\u00bbbe3e2c57-76fb-4d1a-942f-12e1313440cd\u00a0\u00bb global_colors_info=\u00a0\u00bb{}\u00a0\u00bb]<\/p>\n<h1>Atteignez vos objectifs financiers <\/h1>\n<p>[\/et_pb_text][\/et_pb_column][\/et_pb_row][\/et_pb_section][et_pb_section fb_built=\u00a0\u00bb1&Prime; custom_padding_last_edited=\u00a0\u00bbon|desktop\u00a0\u00bb disabled_on=\u00a0\u00bboff|off|off\u00a0\u00bb _builder_version=\u00a0\u00bb4.24.0&Prime; _module_preset=\u00a0\u00bbdefault\u00a0\u00bb background_enable_image=\u00a0\u00bboff\u00a0\u00bb custom_padding=\u00a0\u00bb0px||||false|false\u00a0\u00bb custom_padding_tablet=\u00a0\u00bb||||false|false\u00a0\u00bb custom_padding_phone=\u00a0\u00bb\u00a0\u00bb global_colors_info=\u00a0\u00bb{}\u00a0\u00bb][et_pb_row use_custom_gutter=\u00a0\u00bbon\u00a0\u00bb _builder_version=\u00a0\u00bb4.24.2&Prime; _module_preset=\u00a0\u00bbdefault\u00a0\u00bb custom_padding=\u00a0\u00bb||||false|false\u00a0\u00bb global_colors_info=\u00a0\u00bb{}\u00a0\u00bb][et_pb_column type=\u00a0\u00bb4_4&Prime; module_class=\u00a0\u00bbdp-vertical-align\u00a0\u00bb _builder_version=\u00a0\u00bb4.22.2&Prime; _module_preset=\u00a0\u00bbdefault\u00a0\u00bb global_colors_info=\u00a0\u00bb{}\u00a0\u00bb][et_pb_text _builder_version=\u00a0\u00bb4.24.0&Prime; _module_preset=\u00a0\u00bbdefault\u00a0\u00bb header_2_text_color=\u00a0\u00bb#315B84&Prime; header_2_font_size=\u00a0\u00bb36px\u00a0\u00bb header_2_line_height=\u00a0\u00bb1.2em\u00a0\u00bb custom_margin=\u00a0\u00bb||20px||false|false\u00a0\u00bb header_2_font_size_tablet=\u00a0\u00bb\u00a0\u00bb header_2_font_size_phone=\u00a0\u00bb\u00a0\u00bb header_2_font_size_last_edited=\u00a0\u00bbon|phone\u00a0\u00bb global_colors_info=\u00a0\u00bb{}\u00a0\u00bb]<\/p>\n<h2>Services<\/h2>\n<p>[\/et_pb_text][et_pb_divider color=\u00a0\u00bb#315B84&Prime; divider_weight=\u00a0\u00bb3px\u00a0\u00bb _builder_version=\u00a0\u00bb4.22.2&Prime; _module_preset=\u00a0\u00bbdefault\u00a0\u00bb max_width=\u00a0\u00bb80px\u00a0\u00bb custom_margin=\u00a0\u00bb||5px||false|false\u00a0\u00bb global_colors_info=\u00a0\u00bb{}\u00a0\u00bb][\/et_pb_divider][\/et_pb_column][\/et_pb_row][et_pb_row column_structure=\u00a0\u00bb1_2,1_2&Prime; _builder_version=\u00a0\u00bb4.23.4&Prime; _module_preset=\u00a0\u00bbdefault\u00a0\u00bb custom_padding=\u00a0\u00bb0px||||false|false\u00a0\u00bb global_colors_info=\u00a0\u00bb{}\u00a0\u00bb][et_pb_column type=\u00a0\u00bb1_2&Prime; _builder_version=\u00a0\u00bb4.22.2&Prime; _module_preset=\u00a0\u00bbdefault\u00a0\u00bb global_colors_info=\u00a0\u00bb{}\u00a0\u00bb][et_pb_blurb title=\u00a0\u00bbGestion d\u2019actifs\u00a0\u00bb image=\u00a0\u00bbhttps:\/\/www.baltrag.com\/wp-content\/uploads\/2024\/01\/diamond-asset-management.png\u00a0\u00bb alt=\u00a0\u00bbGestion d\u2019actifs\u00a0\u00bb _builder_version=\u00a0\u00bb4.24.0&Prime; _module_preset=\u00a0\u00bbdefault\u00a0\u00bb header_font_size_tablet=\u00a0\u00bb20px\u00a0\u00bb header_font_size_phone=\u00a0\u00bb20px\u00a0\u00bb global_colors_info=\u00a0\u00bb{}\u00a0\u00bb]<\/p>\n<p>Nos experts vous proposent des strat\u00e9gies d&rsquo;investissement personnalis\u00e9es et sp\u00e9cialis\u00e9es con\u00e7ues pour lib\u00e9rer votre potentiel financier. Vous b\u00e9n\u00e9ficierez d&rsquo;un niveau \u00e9lev\u00e9 d&rsquo;engagement client et de flexibilit\u00e9 par rapport aux institutions de plus grande taille.<\/p>\n<p>Nous nous concentrons sur un portefeuille principal avec des satellites tels que des march\u00e9s de niche, des classes d&rsquo;actifs sp\u00e9ciaux ou des th\u00e8mes pour offrir une exp\u00e9rience d&rsquo;investissement plus personnalis\u00e9e.<\/p>\n<p>[\/et_pb_blurb][et_pb_blurb title=\u00a0\u00bbConseil financier\u00a0\u00bb image=\u00a0\u00bbhttps:\/\/www.baltrag.com\/wp-content\/uploads\/2024\/01\/business-icon-18-q.png\u00a0\u00bb alt=\u00a0\u00bbConseil financier\u00a0\u00bb _builder_version=\u00a0\u00bb4.24.0&Prime; _module_preset=\u00a0\u00bbdefault\u00a0\u00bb header_font_size_tablet=\u00a0\u00bb20px\u00a0\u00bb header_font_size_phone=\u00a0\u00bb20px\u00a0\u00bb global_colors_info=\u00a0\u00bb{}\u00a0\u00bb]<\/p>\n<p>Nous vous conseillons dans vos questions financi\u00e8res gr\u00e2ce \u00e0 notre compr\u00e9hension approfondie de la gestion financi\u00e8re, des investissements, de la comptabilit\u00e9 et des domaines connexes. Sur la base de notre vaste r\u00e9seau, nous pouvons vous pr\u00e9senter \u00e0 un expert externe dans des domaines sp\u00e9cifiques tels que le conseil fiscal et les services immobiliers et vous guider tout au long du processus de conseil en servant d\u2019interface entre vous et le sp\u00e9cialiste.<\/p>\n<p>[\/et_pb_blurb][et_pb_blurb title=\u00a0\u00bbComptabilit\u00e9 g\u00e9n\u00e9rale \u00a0\u00bb image=\u00a0\u00bbhttps:\/\/www.baltrag.com\/wp-content\/uploads\/2024\/01\/rechner-cent-5.svg\u00a0\u00bb _builder_version=\u00a0\u00bb4.23.4&Prime; _module_preset=\u00a0\u00bbdefault\u00a0\u00bb header_font_size_tablet=\u00a0\u00bb20px\u00a0\u00bb header_font_size_phone=\u00a0\u00bb20px\u00a0\u00bb global_colors_info=\u00a0\u00bb{}\u00a0\u00bb]<\/p>\n<p>Nous nous occupons de tous les aspects de l\u2019information financi\u00e8re, en veillant \u00e0 ce que les informations essentielles soient exactes et livr\u00e9es en temps opportun afin de vous tenir toujours inform\u00e9.<\/p>\n<p>[\/et_pb_blurb][\/et_pb_column][et_pb_column type=\u00a0\u00bb1_2&Prime; _builder_version=\u00a0\u00bb4.22.2&Prime; _module_preset=\u00a0\u00bbdefault\u00a0\u00bb global_colors_info=\u00a0\u00bb{}\u00a0\u00bb][et_pb_blurb title=\u00a0\u00bbR\u00e9vision de portefeuille\u00a0\u00bb image=\u00a0\u00bbhttps:\/\/www.baltrag.com\/wp-content\/uploads\/2023\/10\/business-icon-11.svg\u00a0\u00bb _builder_version=\u00a0\u00bb4.24.2&Prime; _module_preset=\u00a0\u00bbdefault\u00a0\u00bb header_font_size_tablet=\u00a0\u00bb20px\u00a0\u00bb header_font_size_phone=\u00a0\u00bb20px\u00a0\u00bb global_colors_info=\u00a0\u00bb{}\u00a0\u00bb]<\/p>\n<p>Nous supervisons vos actifs tiers. Notre approche pr\u00e9cise garantit que vos investissements s\u2019alignent sur vos objectifs.  Nous assurons la consolidation sur mesure de vos multiples rapports de relations bancaires. Vous pouvez b\u00e9n\u00e9ficier de ce service en tant qu\u2019offre autonome ou en combinaison avec tout autre service.<\/p>\n<p>[\/et_pb_blurb][et_pb_blurb title=\u00a0\u00bbInvestissement durable\u00a0\u00bb image=\u00a0\u00bbhttps:\/\/www.baltrag.com\/wp-content\/uploads\/2024\/01\/flower.svg\u00a0\u00bb _builder_version=\u00a0\u00bb4.24.0&Prime; _module_preset=\u00a0\u00bbdefault\u00a0\u00bb header_font_size_tablet=\u00a0\u00bb20px\u00a0\u00bb header_font_size_phone=\u00a0\u00bb20px\u00a0\u00bb global_colors_info=\u00a0\u00bb{}\u00a0\u00bb]<\/p>\n<p>Notre objectif est de combiner un sens aigu des finances avec un engagement en faveur de l\u2019environnement, de la durabilit\u00e9 et d\u2019une gouvernance robuste (ESG). Ensemble, nous marchons sur une voie o\u00f9 les profits rencontrent l\u2019objectif et o\u00f9 les investissements fa\u00e7onnent un avenir meilleur et plus durable.<\/p>\n<p>[\/et_pb_blurb][et_pb_blurb title=\u00a0\u00bbTrumag international\u00a0\u00bb url_new_window=\u00a0\u00bbon\u00a0\u00bb image=\u00a0\u00bbhttps:\/\/www.baltrag.com\/wp-content\/uploads\/2024\/09\/protection.svg\u00a0\u00bb _builder_version=\u00a0\u00bb4.27.0&Prime; _module_preset=\u00a0\u00bbdefault\u00a0\u00bb hover_enabled=\u00a0\u00bb0&Prime; header_font_size_tablet=\u00a0\u00bb20px\u00a0\u00bb header_font_size_phone=\u00a0\u00bb20px\u00a0\u00bb global_colors_info=\u00a0\u00bb{}\u00a0\u00bb sticky_enabled=\u00a0\u00bb0&Prime;]<\/p>\n<p>La Soci\u00e9t\u00e9 et ses administrateurs et dirigeants n&rsquo;agissent plus en qualit\u00e9 d&rsquo;administrateurs (corporatifs), de fiduciaires ou de protecteurs. Les clients sont orient\u00e9s vers Trumag International AG, une soci\u00e9t\u00e9 du groupe Baltrag AG qui poss\u00e8de une exp\u00e9rience dans le domaine de ces services. Trumag International AG offre en plus de ces services une vari\u00e9t\u00e9 de services fiduciaires et sera ravie d&rsquo;\u00eatre contact\u00e9e.<\/p>\n<p>pour plus d&rsquo;informations, visitez <a href=\"https:\/\/www.trumag-international.com\/\" target=\"_blank\" rel=\"noopener\">trumag-international.com<\/a><\/p>\n<p>[\/et_pb_blurb][\/et_pb_column][\/et_pb_row][et_pb_row _builder_version=\u00a0\u00bb4.24.0&Prime; _module_preset=\u00a0\u00bbdefault\u00a0\u00bb custom_margin=\u00a0\u00bb||||false|false\u00a0\u00bb custom_padding=\u00a0\u00bb0px||||false|false\u00a0\u00bb global_colors_info=\u00a0\u00bb{}\u00a0\u00bb][et_pb_column type=\u00a0\u00bb4_4&Prime; _builder_version=\u00a0\u00bb4.23.4&Prime; _module_preset=\u00a0\u00bbdefault\u00a0\u00bb global_colors_info=\u00a0\u00bb{}\u00a0\u00bb][et_pb_text _builder_version=\u00a0\u00bb4.24.0&Prime; _module_preset=\u00a0\u00bbdefault\u00a0\u00bb text_orientation=\u00a0\u00bbcenter\u00a0\u00bb custom_margin=\u00a0\u00bb50px||||false|false\u00a0\u00bb locked=\u00a0\u00bboff\u00a0\u00bb global_colors_info=\u00a0\u00bb{}\u00a0\u00bb]<\/p>\n<p>Connaissez-vous nos valeurs et nos principes ?<\/p>\n<h3><a href=\"https:\/\/www.baltrag.com\/fr\/principes\/\">Veuillez lire nos principes.<\/a><\/h3>\n<p>[\/et_pb_text][et_pb_image src=\u00a0\u00bbhttps:\/\/www.baltrag.com\/wp-content\/uploads\/2024\/01\/baltrag_auge-1.png\u00a0\u00bb alt=\u00a0\u00bbLogo Baltrag\u00a0\u00bb url=\u00a0\u00bbhttps:\/\/www.baltrag.com\/fr\/principes\/\u00a0\u00bb show_bottom_space=\u00a0\u00bboff\u00a0\u00bb align=\u00a0\u00bbcenter\u00a0\u00bb _builder_version=\u00a0\u00bb4.24.2&Prime; _module_preset=\u00a0\u00bbdefault\u00a0\u00bb width=\u00a0\u00bb50px\u00a0\u00bb custom_margin=\u00a0\u00bb||30px||false|false\u00a0\u00bb custom_padding=\u00a0\u00bb||||false|false\u00a0\u00bb global_colors_info=\u00a0\u00bb{}\u00a0\u00bb][\/et_pb_image][\/et_pb_column][\/et_pb_row][\/et_pb_section]<\/p>\n","protected":false},"excerpt":{"rendered":"<p>Atteignez vos objectifs financiers ServicesNos experts vous proposent des strat\u00e9gies d&rsquo;investissement personnalis\u00e9es et sp\u00e9cialis\u00e9es con\u00e7ues pour lib\u00e9rer votre potentiel financier. Vous b\u00e9n\u00e9ficierez d&rsquo;un niveau \u00e9lev\u00e9 d&rsquo;engagement client et de flexibilit\u00e9 par rapport aux institutions de plus grande taille. Nous nous concentrons sur un portefeuille principal avec des satellites tels que des march\u00e9s de niche, des [&hellip;]<\/p>\n","protected":false},"author":1,"featured_media":0,"parent":0,"menu_order":0,"comment_status":"closed","ping_status":"closed","template":"","meta":{"_et_pb_use_builder":"on","_et_pb_old_content":"","_et_gb_content_width":"","footnotes":""},"class_list":["post-60934","page","type-page","status-publish","hentry"],"_links":{"self":[{"href":"https:\/\/www.baltrag.com\/fr\/wp-json\/wp\/v2\/pages\/60934","targetHints":{"allow":["GET"]}}],"collection":[{"href":"https:\/\/www.baltrag.com\/fr\/wp-json\/wp\/v2\/pages"}],"about":[{"href":"https:\/\/www.baltrag.com\/fr\/wp-json\/wp\/v2\/types\/page"}],"author":[{"embeddable":true,"href":"https:\/\/www.baltrag.com\/fr\/wp-json\/wp\/v2\/users\/1"}],"replies":[{"embeddable":true,"href":"https:\/\/www.baltrag.com\/fr\/wp-json\/wp\/v2\/comments?post=60934"}],"version-history":[{"count":0,"href":"https:\/\/www.baltrag.com\/fr\/wp-json\/wp\/v2\/pages\/60934\/revisions"}],"wp:attachment":[{"href":"https:\/\/www.baltrag.com\/fr\/wp-json\/wp\/v2\/media?parent=60934"}],"curies":[{"name":"wp","href":"https:\/\/api.w.org\/{rel}","templated":true}]}}