{"id":63310,"date":"2023-12-26T07:11:40","date_gmt":"2023-12-26T06:11:40","guid":{"rendered":"https:\/\/www.baltrag.com\/unser-team\/eva-huebscher\/"},"modified":"2025-10-28T22:17:27","modified_gmt":"2025-10-28T21:17:27","slug":"eva-huebscher","status":"publish","type":"page","link":"https:\/\/www.baltrag.com\/de\/eva-huebscher\/","title":{"rendered":"Eva H\u00fcbscher"},"content":{"rendered":"<p>[et_pb_section fb_built=&#8220;1&#8243; _builder_version=&#8220;4.23.2&#8243; _module_preset=&#8220;80db0bf4-1c87-4ae3-b9be-5db124ed2fb0&#8243; global_colors_info=&#8220;{}&#8220;][et_pb_row column_structure=&#8220;2_5,3_5&#8243; custom_padding_last_edited=&#8220;on|phone&#8220; module_class=&#8220;reverse-columns&#8220; _builder_version=&#8220;4.23.2&#8243; _module_preset=&#8220;default&#8220; custom_margin=&#8220;||0px||false|false&#8220; custom_margin_tablet=&#8220;||0px||false|false&#8220; custom_margin_phone=&#8220;||0px||false|false&#8220; custom_margin_last_edited=&#8220;on|phone&#8220; custom_padding=&#8220;||||false|false&#8220; custom_padding_tablet=&#8220;||0px||false|false&#8220; custom_padding_phone=&#8220;||0px||false|false&#8220; global_colors_info=&#8220;{}&#8220;][et_pb_column type=&#8220;2_5&#8243; _builder_version=&#8220;4.23.2&#8243; _module_preset=&#8220;default&#8220; custom_padding=&#8220;||||false|false&#8220; custom_padding_tablet=&#8220;||||false|false&#8220; custom_padding_phone=&#8220;||||false|false&#8220; custom_padding_last_edited=&#8220;on|phone&#8220; custom_css_main_element=&#8220;margin-bottom: 0px;&#8220; global_colors_info=&#8220;{}&#8220;][et_pb_image src=&#8220;https:\/\/www.baltrag.com\/wp-content\/uploads\/2024\/05\/Eva-2-1.png&#8220; alt=&#8220;Eva H\u00fcbscher, Prokuristin, Compliance\/Risk Manager CAS, HR bei Baltrag&#8220; title_text=&#8220;Eva H\u00fcbscher, Prokuristin, Compliance\/Risk Manager CAS, HR bei Baltrag&#8220; _builder_version=&#8220;4.25.0&#8243; _module_preset=&#8220;52da640f-add2-462a-b7f2-1d25e10844ba&#8220; global_colors_info=&#8220;{}&#8220;][\/et_pb_image][et_pb_icon font_icon=&#8220;&#x23;||divi||400&#8243; url=&#8220;https:\/\/www.baltrag.com\/de\/daniel-hirsig\/&#8220; _builder_version=&#8220;4.24.0&#8243; _module_preset=&#8220;76854c63-7d54-4014-a624-52304fd077a7&#8243; global_colors_info=&#8220;{}&#8220;][\/et_pb_icon][et_pb_icon font_icon=&#8220;&#x24;||divi||400&#8243; url=&#8220;https:\/\/www.baltrag.com\/de\/daniela-kubli\/&#8220; _builder_version=&#8220;4.24.0&#8243; _module_preset=&#8220;04051ec5-ed43-4c82-a97e-a56fdad429d2&#8243; global_colors_info=&#8220;{}&#8220;][\/et_pb_icon][\/et_pb_column][et_pb_column type=&#8220;3_5&#8243; _builder_version=&#8220;4.23.2&#8243; _module_preset=&#8220;default&#8220; global_colors_info=&#8220;{}&#8220;][et_pb_text _builder_version=&#8220;4.23.4&#8243; _module_preset=&#8220;7de51439-3396-4870-882a-62fe04c99180&#8243; global_colors_info=&#8220;{}&#8220;]<\/p>\n<h1>Eva H\u00fcbscher<\/h1>\n<p><span style=\"color: #ffffff;\">Prokuristin, Compliance\/Risk Manager CAS, HR<br \/><\/span><\/p>\n<p>Tel. <a href=\"tel:+41612721600\">+41 61 272 16 00<\/a><br \/><a href=\"mailto:eva@baltrag.com\">eva@baltrag.com<\/a><\/p>\n<p>[\/et_pb_text][et_pb_icon font_icon=&#8220;&#x24;||divi||400&#8243; url=&#8220;https:\/\/www.baltrag.com\/de\/daniela-kubli\/&#8220; icon_width_tablet=&#8220;&#8220; icon_width_phone=&#8220;&#8220; icon_width_last_edited=&#8220;on|tablet&#8220; disabled_on=&#8220;on|on|off&#8220; _builder_version=&#8220;4.24.0&#8243; _module_preset=&#8220;770d708d-7b6f-47ae-9883-820ed5282614&#8243; transform_translate=&#8220;5vw|20vh&#8220; transform_translate_linked=&#8220;off&#8220; positioning=&#8220;absolute&#8220; position_origin_a=&#8220;top_right&#8220; global_colors_info=&#8220;{}&#8220;][\/et_pb_icon][\/et_pb_column][\/et_pb_row][\/et_pb_section][et_pb_section fb_built=&#8220;1&#8243; _builder_version=&#8220;4.23.1&#8243; _module_preset=&#8220;default&#8220; background_color=&#8220;#FFFFFF&#8220; custom_padding=&#8220;0px||||false|false&#8220; global_colors_info=&#8220;{}&#8220;][et_pb_row column_structure=&#8220;3_5,2_5&#8243; _builder_version=&#8220;4.16&#8243; _module_preset=&#8220;default&#8220; global_colors_info=&#8220;{}&#8220;][et_pb_column type=&#8220;3_5&#8243; _builder_version=&#8220;4.16&#8243; _module_preset=&#8220;default&#8220; global_colors_info=&#8220;{}&#8220;][et_pb_text _builder_version=&#8220;4.24.0&#8243; _module_preset=&#8220;default&#8220; text_font_size=&#8220;15px&#8220; text_line_height=&#8220;1.8em&#8220; global_colors_info=&#8220;{}&#8220;]<\/p>\n<p>Eva H\u00fcbscher studierte urspr\u00fcnglich Betriebswirtschaftslehre, bevor sie an der Universit\u00e4t Z\u00fcrich zu den Rechtswissenschaften wechselte, mit der Idee, sich auf Strafrecht zu spezialisieren. Nach einem Abstecher zu einem Strafverteidiger in Z\u00fcrich entschied sie sich, Erfahrungen in Finanzinstituten und Wirtschaftskanzleien in Z\u00fcrich und Basel zu sammeln und sich Spezialkenntnisse in diesem Bereich (Trust und Compliance) anzueignen.<\/p>\n<p>Nachdem sie der Finanzbranche f\u00fcr eine Weile den R\u00fccken gekehrt hatte, lie\u00df sie sich aus Leidenschaft f\u00fcr die franz\u00f6sische Sprache zur Franz\u00f6sisch\/Deutsch-Dolmetscherin ausbilden. Neben der Betreuung ihres Sohnes war sie drei Jahre lang als \u00dcbersetzerin f\u00fcr ein franz\u00f6sisches Lifestyle-Magazin t\u00e4tig.<\/p>\n<p>Anschliessend kehrte sie in die Finanzbranche zur\u00fcck und trat in die Baltrag AG ein. Ein CAS in Risk &amp; Compliance mit einer Arbeit \u00fcber &#8222;Compliance-Ma\u00dfnahmen zur Verhinderung von Geldw\u00e4sche im Kryptosektor&#8220; ebnete ihr den Weg in die Abteilung Compliance &amp; Risk. Sie arbeitet jetzt als Head Risk &amp; Compliance und ist Prokuristin.<\/p>\n<p>Eva spricht fliessend Deutsch und Franz\u00f6sisch und spricht auch Englisch.<\/p>\n<p>Eva H\u00fcbscher ist Mutter eines Sohnes. In ihrer Freizeit liebt sie es, in den Bergen zu wandern und Ski zu fahren oder in gro\u00dfe St\u00e4dte zu reisen. Sie liest auch gerne in den eigenen vier W\u00e4nden oder trifft sich mit Freunden.<\/p>\n<p>[\/et_pb_text][\/et_pb_column][et_pb_column type=&#8220;2_5&#8243; _builder_version=&#8220;4.16&#8243; _module_preset=&#8220;default&#8220; global_colors_info=&#8220;{}&#8220;][dipi_typing_text typing_text=&#8220;\u201eWer nicht neugierig ist, erf\u00e4hrt nichts.\u201c (Johann Wolfgang Goethe)&#8220; _builder_version=&#8220;4.24.0&#8243; _module_preset=&#8220;81ae0d61-cdd0-4581-97e4-69641b7605e9&#8243; global_colors_info=&#8220;{}&#8220;][\/dipi_typing_text][\/et_pb_column][\/et_pb_row][\/et_pb_section]<\/p>\n","protected":false},"excerpt":{"rendered":"<p>Eva H\u00fcbscher Prokuristin, Compliance\/Risk Manager CAS, HR Tel. +41 61 272 16 00eva@baltrag.comEva H\u00fcbscher studierte urspr\u00fcnglich Betriebswirtschaftslehre, bevor sie an der Universit\u00e4t Z\u00fcrich zu den Rechtswissenschaften wechselte, mit der Idee, sich auf Strafrecht zu spezialisieren. Nach einem Abstecher zu einem Strafverteidiger in Z\u00fcrich entschied sie sich, Erfahrungen in Finanzinstituten und Wirtschaftskanzleien in Z\u00fcrich und Basel [&hellip;]<\/p>\n","protected":false},"author":1,"featured_media":0,"parent":0,"menu_order":0,"comment_status":"closed","ping_status":"closed","template":"","meta":{"_et_pb_use_builder":"on","_et_pb_old_content":"","_et_gb_content_width":"","footnotes":""},"class_list":["post-63310","page","type-page","status-publish","hentry"],"_links":{"self":[{"href":"https:\/\/www.baltrag.com\/de\/wp-json\/wp\/v2\/pages\/63310","targetHints":{"allow":["GET"]}}],"collection":[{"href":"https:\/\/www.baltrag.com\/de\/wp-json\/wp\/v2\/pages"}],"about":[{"href":"https:\/\/www.baltrag.com\/de\/wp-json\/wp\/v2\/types\/page"}],"author":[{"embeddable":true,"href":"https:\/\/www.baltrag.com\/de\/wp-json\/wp\/v2\/users\/1"}],"replies":[{"embeddable":true,"href":"https:\/\/www.baltrag.com\/de\/wp-json\/wp\/v2\/comments?post=63310"}],"version-history":[{"count":0,"href":"https:\/\/www.baltrag.com\/de\/wp-json\/wp\/v2\/pages\/63310\/revisions"}],"wp:attachment":[{"href":"https:\/\/www.baltrag.com\/de\/wp-json\/wp\/v2\/media?parent=63310"}],"curies":[{"name":"wp","href":"https:\/\/api.w.org\/{rel}","templated":true}]}}