{"id":63250,"date":"2023-12-26T06:35:36","date_gmt":"2023-12-26T05:35:36","guid":{"rendered":"https:\/\/www.baltrag.com\/unser-team\/daniel-hirsig\/"},"modified":"2025-10-30T08:52:44","modified_gmt":"2025-10-30T07:52:44","slug":"daniel-hirsig","status":"publish","type":"page","link":"https:\/\/www.baltrag.com\/de\/daniel-hirsig\/","title":{"rendered":"Daniel Hirsig"},"content":{"rendered":"<p>[et_pb_section fb_built=&#8220;1&#8243; _builder_version=&#8220;4.23.4&#8243; _module_preset=&#8220;80db0bf4-1c87-4ae3-b9be-5db124ed2fb0&#8243; background_last_edited=&#8220;on|tablet&#8220; global_colors_info=&#8220;{}&#8220;][et_pb_row column_structure=&#8220;2_5,3_5&#8243; custom_padding_last_edited=&#8220;on|phone&#8220; module_class=&#8220;reverse-columns&#8220; _builder_version=&#8220;4.23.2&#8243; _module_preset=&#8220;default&#8220; custom_margin=&#8220;||0px||false|false&#8220; custom_margin_tablet=&#8220;||0px||false|false&#8220; custom_margin_phone=&#8220;||0px||false|false&#8220; custom_margin_last_edited=&#8220;on|phone&#8220; custom_padding=&#8220;||||false|false&#8220; custom_padding_tablet=&#8220;||0px||false|false&#8220; custom_padding_phone=&#8220;||0px||false|false&#8220; global_colors_info=&#8220;{}&#8220;][et_pb_column type=&#8220;2_5&#8243; _builder_version=&#8220;4.23.2&#8243; _module_preset=&#8220;default&#8220; custom_padding=&#8220;||||false|false&#8220; custom_padding_tablet=&#8220;||||false|false&#8220; custom_padding_phone=&#8220;||||false|false&#8220; custom_padding_last_edited=&#8220;on|phone&#8220; custom_css_main_element=&#8220;margin-bottom: 0px;&#8220; global_colors_info=&#8220;{}&#8220;][et_pb_image src=&#8220;https:\/\/www.baltrag.com\/wp-content\/uploads\/2024\/05\/Daniel-3.png&#8220; alt=&#8220;Daniel Hirsig<br \/>\nCEO, Kundenbetreuer\/Portfoliomanager bei Baltrag&#8220; title_text=&#8220;Daniel Hirsig CEO, Kundenbetreuer\/Portfoliomanager bei Baltrag&#8220; _builder_version=&#8220;4.25.0&#8243; _module_preset=&#8220;52da640f-add2-462a-b7f2-1d25e10844ba&#8220; global_colors_info=&#8220;{}&#8220;][\/et_pb_image][et_pb_icon font_icon=&#8220;&#x23;||divi||400&#8243; url=&#8220;https:\/\/www.baltrag.com\/de\/claude-crelier\/&#8220; _builder_version=&#8220;4.24.0&#8243; _module_preset=&#8220;76854c63-7d54-4014-a624-52304fd077a7&#8243; global_colors_info=&#8220;{}&#8220;][\/et_pb_icon][et_pb_icon font_icon=&#8220;&#x24;||divi||400&#8243; url=&#8220;https:\/\/www.baltrag.com\/de\/eva-huebscher\/&#8220; _builder_version=&#8220;4.24.0&#8243; _module_preset=&#8220;04051ec5-ed43-4c82-a97e-a56fdad429d2&#8243; global_colors_info=&#8220;{}&#8220;][\/et_pb_icon][\/et_pb_column][et_pb_column type=&#8220;3_5&#8243; _builder_version=&#8220;4.23.2&#8243; _module_preset=&#8220;default&#8220; global_colors_info=&#8220;{}&#8220;][et_pb_text _builder_version=&#8220;4.23.2&#8243; _module_preset=&#8220;7de51439-3396-4870-882a-62fe04c99180&#8243; global_colors_info=&#8220;{}&#8220;]<\/p>\n<h1>Daniel Hirsig<\/h1>\n<p><span style=\"color: #ffffff;\">CEO, Kunden-\/Portfoliomanager<\/span><\/p>\n<p>Bank- und Anlagespezialist<\/p>\n<p>Tel. <a href=\"tel:+41612721600\">+41 61 272 16 00<\/a><br \/><a href=\"mailto:daniel@baltrag.com\">daniel@baltrag.com<\/a><\/p>\n<p>[\/et_pb_text][et_pb_icon font_icon=&#8220;&#x24;||divi||400&#8243; url=&#8220;https:\/\/www.baltrag.com\/de\/eva-huebscher\/&#8220; disabled_on=&#8220;on|on|off&#8220; _builder_version=&#8220;4.24.0&#8243; _module_preset=&#8220;770d708d-7b6f-47ae-9883-820ed5282614&#8243; transform_translate=&#8220;5vw|20vh&#8220; transform_translate_linked=&#8220;off&#8220; positioning=&#8220;absolute&#8220; position_origin_a=&#8220;top_right&#8220; global_colors_info=&#8220;{}&#8220;][\/et_pb_icon][\/et_pb_column][\/et_pb_row][\/et_pb_section][et_pb_section fb_built=&#8220;1&#8243; _builder_version=&#8220;4.23.1&#8243; _module_preset=&#8220;default&#8220; background_color=&#8220;#FFFFFF&#8220; custom_padding=&#8220;0px||||false|false&#8220; global_colors_info=&#8220;{}&#8220;][et_pb_row column_structure=&#8220;3_5,2_5&#8243; _builder_version=&#8220;4.16&#8243; _module_preset=&#8220;default&#8220; global_colors_info=&#8220;{}&#8220;][et_pb_column type=&#8220;3_5&#8243; _builder_version=&#8220;4.16&#8243; _module_preset=&#8220;default&#8220; global_colors_info=&#8220;{}&#8220;][et_pb_text _builder_version=&#8220;4.24.0&#8243; _module_preset=&#8220;default&#8220; text_font_size=&#8220;15px&#8220; text_line_height=&#8220;1.8em&#8220; global_colors_info=&#8220;{}&#8220;]<\/p>\n<p>Daniel Hirsig begann seine Karriere im Finanzwesen von Grund auf mit einer Berufslehre bei der Schweizerischen Bankgesellschaft (SBG) (heute UBS AG) und anschliessenden Praktika in verschiedenen Bankabteilungen. Bereits 1983 startete er seine Erfolgsgeschichte bei der Baltrag AG in der Rolle eines stellvertretenden Portfoliomanagers \/ Kundenbetreuers. Innerhalb weniger Jahre erwarb er die n\u00f6tige Berufserfahrung und das Vertrauen der internationalen Kundschaft, um die Leitung der Abteilung f\u00fcr Handelsgesch\u00e4fte zu \u00fcbernehmen. Er setzte seine Reise innerhalb der Baltrag fort und stieg vom Stellvertreter zum Gesch\u00e4ftsf\u00fchrer und CEO auf.<\/p>\n<p>Jetzt ist er das dienst\u00e4lteste Mitglied des Baltrag-Teams und hat zusammen mit dem Gr\u00fcnder Peter Baer eine Schl\u00fcsselrolle bei der Gestaltung der Baltrag gespielt. Als gelernter Bankkaufmann verf\u00fcgt er \u00fcber mehr als 40 Jahre Erfahrung in der Verm\u00f6gensverwaltung, Treuhandverwaltung, Buchhaltung und allen damit verbundenen Gesch\u00e4ften. Er lebt nach den Grunds\u00e4tzen der Integrit\u00e4t, des Vertrauens und der Zuverl\u00e4ssigkeit und sch\u00e4tzt die langj\u00e4hrigen, pers\u00f6nlichen Beziehungen zu seinen Kunden. Da er die Interessen seiner Kunden immer an erste Stelle setzt, ist er oft sogar in der Lage, die Bed\u00fcrfnisse und W\u00fcnsche seiner Kunden vorherzusehen.<\/p>\n<p>Neben seiner Muttersprache Deutsch spricht er auch fliessend Englisch und Franz\u00f6sisch.<\/p>\n<p>F\u00fcr einen guten Ausgleich zwischen Arbeit und Privatleben f\u00e4hrt er gerne Motorrad und entdeckt L\u00e4nder in der N\u00e4he und in der Ferne. Nach vielen aktiven Jahren in einer Basketballmannschaft ist er weiterhin passiv im Vorstand seines lokalen Vereins und als Delegierter des Schweizer Basketballs t\u00e4tig.  <\/p>\n<p>[\/et_pb_text][\/et_pb_column][et_pb_column type=&#8220;2_5&#8243; _builder_version=&#8220;4.16&#8243; _module_preset=&#8220;default&#8220; global_colors_info=&#8220;{}&#8220;][dipi_typing_text typing_text=&#8220;\u201eSuchen Sie nicht nach Fehlern, suchen Sie nach L\u00f6sungen.\u201c (Henry Ford)&#8220; _builder_version=&#8220;4.24.0&#8243; _module_preset=&#8220;81ae0d61-cdd0-4581-97e4-69641b7605e9&#8243; global_colors_info=&#8220;{}&#8220;][\/dipi_typing_text][\/et_pb_column][\/et_pb_row][\/et_pb_section]<\/p>\n","protected":false},"excerpt":{"rendered":"<p>Daniel Hirsig CEO, Kunden-\/Portfoliomanager Bank- und Anlagespezialist Tel. +41 61 272 16 00daniel@baltrag.comDaniel Hirsig begann seine Karriere im Finanzwesen von Grund auf mit einer Berufslehre bei der Schweizerischen Bankgesellschaft (SBG) (heute UBS AG) und anschliessenden Praktika in verschiedenen Bankabteilungen. Bereits 1983 startete er seine Erfolgsgeschichte bei der Baltrag AG in der Rolle eines stellvertretenden Portfoliomanagers [&hellip;]<\/p>\n","protected":false},"author":1,"featured_media":0,"parent":0,"menu_order":0,"comment_status":"closed","ping_status":"closed","template":"","meta":{"_et_pb_use_builder":"on","_et_pb_old_content":"","_et_gb_content_width":"","footnotes":""},"class_list":["post-63250","page","type-page","status-publish","hentry"],"_links":{"self":[{"href":"https:\/\/www.baltrag.com\/de\/wp-json\/wp\/v2\/pages\/63250","targetHints":{"allow":["GET"]}}],"collection":[{"href":"https:\/\/www.baltrag.com\/de\/wp-json\/wp\/v2\/pages"}],"about":[{"href":"https:\/\/www.baltrag.com\/de\/wp-json\/wp\/v2\/types\/page"}],"author":[{"embeddable":true,"href":"https:\/\/www.baltrag.com\/de\/wp-json\/wp\/v2\/users\/1"}],"replies":[{"embeddable":true,"href":"https:\/\/www.baltrag.com\/de\/wp-json\/wp\/v2\/comments?post=63250"}],"version-history":[{"count":0,"href":"https:\/\/www.baltrag.com\/de\/wp-json\/wp\/v2\/pages\/63250\/revisions"}],"wp:attachment":[{"href":"https:\/\/www.baltrag.com\/de\/wp-json\/wp\/v2\/media?parent=63250"}],"curies":[{"name":"wp","href":"https:\/\/api.w.org\/{rel}","templated":true}]}}