{"id":63238,"date":"2023-12-26T06:12:53","date_gmt":"2023-12-26T05:12:53","guid":{"rendered":"https:\/\/www.baltrag.com\/unser-team\/claude-crelier\/"},"modified":"2025-10-28T22:17:05","modified_gmt":"2025-10-28T21:17:05","slug":"claude-crelier","status":"publish","type":"page","link":"https:\/\/www.baltrag.com\/de\/claude-crelier\/","title":{"rendered":"Claude Crelier"},"content":{"rendered":"<p>[et_pb_section fb_built=&#8220;1&#8243; _builder_version=&#8220;4.23.2&#8243; _module_preset=&#8220;80db0bf4-1c87-4ae3-b9be-5db124ed2fb0&#8243; global_colors_info=&#8220;{}&#8220;][et_pb_row column_structure=&#8220;2_5,3_5&#8243; custom_padding_last_edited=&#8220;on|phone&#8220; module_class=&#8220;reverse-columns&#8220; _builder_version=&#8220;4.23.2&#8243; _module_preset=&#8220;default&#8220; custom_margin=&#8220;||0px||false|false&#8220; custom_margin_tablet=&#8220;||0px||false|false&#8220; custom_margin_phone=&#8220;||0px||false|false&#8220; custom_margin_last_edited=&#8220;on|phone&#8220; custom_padding=&#8220;||||false|false&#8220; custom_padding_tablet=&#8220;||0px||false|false&#8220; custom_padding_phone=&#8220;||0px||false|false&#8220; global_colors_info=&#8220;{}&#8220;][et_pb_column type=&#8220;2_5&#8243; _builder_version=&#8220;4.23.2&#8243; _module_preset=&#8220;default&#8220; custom_padding=&#8220;||||false|false&#8220; custom_padding_tablet=&#8220;||||false|false&#8220; custom_padding_phone=&#8220;||||false|false&#8220; custom_padding_last_edited=&#8220;on|phone&#8220; custom_css_main_element=&#8220;margin-bottom: 0px;&#8220; global_colors_info=&#8220;{}&#8220;][et_pb_image src=&#8220;https:\/\/www.baltrag.com\/wp-content\/uploads\/2024\/01\/Claude-Crelier.webp&#8220; alt=&#8220;Claude Crelier Baltrag&#8220; title_text=&#8220;Claude Crelier Baltrag&#8220; _builder_version=&#8220;4.24.0&#8243; _module_preset=&#8220;52da640f-add2-462a-b7f2-1d25e10844ba&#8220; global_colors_info=&#8220;{}&#8220;][\/et_pb_image][et_pb_icon font_icon=&#8220;&#x23;||divi||400&#8243; url=&#8220;https:\/\/www.baltrag.com\/de\/ariane-baer-hammer\/&#8220; _builder_version=&#8220;4.24.0&#8243; _module_preset=&#8220;76854c63-7d54-4014-a624-52304fd077a7&#8243; global_colors_info=&#8220;{}&#8220;][\/et_pb_icon][et_pb_icon font_icon=&#8220;&#x24;||divi||400&#8243; url=&#8220;https:\/\/www.baltrag.com\/de\/daniel-hirsig\/&#8220; _builder_version=&#8220;4.24.0&#8243; _module_preset=&#8220;04051ec5-ed43-4c82-a97e-a56fdad429d2&#8243; global_colors_info=&#8220;{}&#8220;][\/et_pb_icon][\/et_pb_column][et_pb_column type=&#8220;3_5&#8243; _builder_version=&#8220;4.23.2&#8243; _module_preset=&#8220;default&#8220; global_colors_info=&#8220;{}&#8220;][et_pb_text _builder_version=&#8220;4.24.0&#8243; _module_preset=&#8220;7de51439-3396-4870-882a-62fe04c99180&#8243; global_colors_info=&#8220;{}&#8220;]<\/p>\n<h1>Claude Crelier<\/h1>\n<p><span style=\"color: #ffffff;\">Chief Investment Officer (CIO), Kunden-\/Portfoliomanager<\/span><\/p>\n<p>Qualifizierter unabh\u00e4ngiger Verm\u00f6gensverwalter VSV<br \/>CWMA (Zertifizierter Verm\u00f6gensverwalter)<\/p>\n<p>Tel. <a href=\"tel:+41612721600\">+41 61 272 16 00<\/a><br \/><a href=\"mailto:claude@baltrag.com\">claude@baltrag.com<\/a><\/p>\n<p>[\/et_pb_text][et_pb_icon font_icon=&#8220;&#x24;||divi||400&#8243; url=&#8220;https:\/\/www.baltrag.com\/de\/daniel-hirsig\/&#8220; icon_width_tablet=&#8220;&#8220; icon_width_phone=&#8220;&#8220; icon_width_last_edited=&#8220;on|tablet&#8220; disabled_on=&#8220;on|on|off&#8220; _builder_version=&#8220;4.24.0&#8243; _module_preset=&#8220;770d708d-7b6f-47ae-9883-820ed5282614&#8243; transform_translate=&#8220;5vw|20vh&#8220; transform_translate_linked=&#8220;off&#8220; positioning=&#8220;absolute&#8220; position_origin_a=&#8220;top_right&#8220; global_colors_info=&#8220;{}&#8220;][\/et_pb_icon][\/et_pb_column][\/et_pb_row][\/et_pb_section][et_pb_section fb_built=&#8220;1&#8243; _builder_version=&#8220;4.23.1&#8243; _module_preset=&#8220;default&#8220; background_color=&#8220;#FFFFFF&#8220; custom_padding=&#8220;0px||||false|false&#8220; global_colors_info=&#8220;{}&#8220;][et_pb_row column_structure=&#8220;3_5,2_5&#8243; _builder_version=&#8220;4.16&#8243; _module_preset=&#8220;default&#8220; global_colors_info=&#8220;{}&#8220;][et_pb_column type=&#8220;3_5&#8243; _builder_version=&#8220;4.16&#8243; _module_preset=&#8220;default&#8220; global_colors_info=&#8220;{}&#8220;][et_pb_text _builder_version=&#8220;4.24.0&#8243; _module_preset=&#8220;default&#8220; text_font_size=&#8220;15px&#8220; text_line_height=&#8220;1.8em&#8220; width=&#8220;100%&#8220; max_width=&#8220;800px&#8220; global_colors_info=&#8220;{}&#8220;]<\/p>\n<p>Nach Abschluss seines eidgen\u00f6ssischen Handelsdiploms sammelte Claude seine ersten Erfahrungen in der Bankenwelt mit einem Praktikum beim Schweizerischen Bankverein (heute UBS AG), gefolgt von einer Stelle als Assistent Anlageberater im Private Banking. Eine Weiterbildung an der Fachhochschule Nordwestschweiz (FHNW), einschliesslich eines Vordiploms in Betriebswirtschaft, lockte Claude zur\u00fcck auf die Schulbank. Gegen Ende der neunziger Jahre begann Claude seine Karriere als Anlageberater bei der UBS AG, zun\u00e4chst in Basel f\u00fcr europ\u00e4ische Kunden und sp\u00e4ter in Z\u00fcrich f\u00fcr den Nahen Osten. Durch zahlreiche Gesch\u00e4ftsreisen wurde der Nahe Osten f\u00fcr ihn wie eine zweite Heimat.<\/p>\n<p>Claude ist seit 2007 ein zertifizierter Anlageberater. Im Jahr 2014 erweiterte er seine Qualifikation zum Certified Wealth Management Advisor (CWMA), der von der Swiss Association for Quality (SAQ) anerkannt ist. Er war viele Jahre als Pr\u00fcfer\/Experte an der UBS Business University t\u00e4tig.<\/p>\n<p>Claude entschied sich 2016 f\u00fcr den Wechsel zu einem externen Verm\u00f6gensverwalter. Seine Expertise im Private Banking sowie seine exzellenten Netzwerk- und Kommunikationsf\u00e4higkeiten sind die perfekte Erg\u00e4nzung f\u00fcr die Baltrag und ihre Kunden. Das positive Feedback von Baltrags langj\u00e4hrigen Kunden spiegelt seinen Enthusiasmus und sein gutes Gesp\u00fcr f\u00fcr das ideale Kundenportfolio wieder.<\/p>\n<p>Seine Muttersprache ist Deutsch, aber er spricht auch fliessend Englisch und Franz\u00f6sisch. Ausserdem kann er sich auch auf Spanisch verst\u00e4ndigen.<\/p>\n<p>Claude ist verheiratet und lebt in Liestal. Zu seinen Freizeitinteressen geh\u00f6ren Fitness, Wandern, Motorradfahren und Reisen in nahe und ferne L\u00e4nder. <\/p>\n<p>[\/et_pb_text][\/et_pb_column][et_pb_column type=&#8220;2_5&#8243; _builder_version=&#8220;4.16&#8243; _module_preset=&#8220;default&#8220; global_colors_info=&#8220;{}&#8220;][dipi_typing_text typing_text=&#8220;\u201eRisiko entsteht, wenn man nicht weiss, was man tut.\u201c (Warren Buffett)&#8220; _builder_version=&#8220;4.24.0&#8243; _module_preset=&#8220;81ae0d61-cdd0-4581-97e4-69641b7605e9&#8243; text_font_size_tablet=&#8220;&#8220; text_font_size_phone=&#8220;&#8220; text_font_size_last_edited=&#8220;on|desktop&#8220; global_colors_info=&#8220;{}&#8220;][\/dipi_typing_text][\/et_pb_column][\/et_pb_row][\/et_pb_section]<\/p>\n","protected":false},"excerpt":{"rendered":"<p>Claude Crelier Chief Investment Officer (CIO), Kunden-\/Portfoliomanager Qualifizierter unabh\u00e4ngiger Verm\u00f6gensverwalter VSVCWMA (Zertifizierter Verm\u00f6gensverwalter) Tel. +41 61 272 16 00claude@baltrag.comNach Abschluss seines eidgen\u00f6ssischen Handelsdiploms sammelte Claude seine ersten Erfahrungen in der Bankenwelt mit einem Praktikum beim Schweizerischen Bankverein (heute UBS AG), gefolgt von einer Stelle als Assistent Anlageberater im Private Banking. Eine Weiterbildung an der Fachhochschule [&hellip;]<\/p>\n","protected":false},"author":1,"featured_media":0,"parent":0,"menu_order":0,"comment_status":"closed","ping_status":"closed","template":"","meta":{"_et_pb_use_builder":"on","_et_pb_old_content":"","_et_gb_content_width":"","footnotes":""},"class_list":["post-63238","page","type-page","status-publish","hentry"],"_links":{"self":[{"href":"https:\/\/www.baltrag.com\/de\/wp-json\/wp\/v2\/pages\/63238","targetHints":{"allow":["GET"]}}],"collection":[{"href":"https:\/\/www.baltrag.com\/de\/wp-json\/wp\/v2\/pages"}],"about":[{"href":"https:\/\/www.baltrag.com\/de\/wp-json\/wp\/v2\/types\/page"}],"author":[{"embeddable":true,"href":"https:\/\/www.baltrag.com\/de\/wp-json\/wp\/v2\/users\/1"}],"replies":[{"embeddable":true,"href":"https:\/\/www.baltrag.com\/de\/wp-json\/wp\/v2\/comments?post=63238"}],"version-history":[{"count":0,"href":"https:\/\/www.baltrag.com\/de\/wp-json\/wp\/v2\/pages\/63238\/revisions"}],"wp:attachment":[{"href":"https:\/\/www.baltrag.com\/de\/wp-json\/wp\/v2\/media?parent=63238"}],"curies":[{"name":"wp","href":"https:\/\/api.w.org\/{rel}","templated":true}]}}