{"id":61127,"date":"2021-04-15T18:28:58","date_gmt":"2021-04-15T16:28:58","guid":{"rendered":"https:\/\/www.baltrag.com\/unser-team\/"},"modified":"2025-12-26T11:05:56","modified_gmt":"2025-12-26T10:05:56","slug":"unser-team","status":"publish","type":"page","link":"https:\/\/www.baltrag.com\/de\/unser-team\/","title":{"rendered":"Team"},"content":{"rendered":"<p>[et_pb_section fb_built=&#8220;1&#8243; _builder_version=&#8220;4.24.2&#8243; _module_preset=&#8220;47d802ce-8990-4ce7-848a-8543d1af340e&#8220; background_image=&#8220;https:\/\/www.baltrag.com\/wp-content\/uploads\/2023\/12\/Gruppenfoto-2.jpg&#8220; background_enable_image=&#8220;on&#8220; custom_padding_phone=&#8220;||||false|false&#8220; global_colors_info=&#8220;{}&#8220;][et_pb_row _builder_version=&#8220;4.22.2&#8243; _module_preset=&#8220;default&#8220; global_colors_info=&#8220;{}&#8220;][et_pb_column type=&#8220;4_4&#8243; _builder_version=&#8220;4.16&#8243; _module_preset=&#8220;default&#8220; global_colors_info=&#8220;{}&#8220;][et_pb_text _builder_version=&#8220;4.24.0&#8243; _module_preset=&#8220;be3e2c57-76fb-4d1a-942f-12e1313440cd&#8220; max_width=&#8220;1000px&#8220; global_colors_info=&#8220;{}&#8220;]<\/p>\n<h1>Menschen sind unsere wertvollste Ressource<\/h1>\n<p>[\/et_pb_text][\/et_pb_column][\/et_pb_row][\/et_pb_section][et_pb_section fb_built=&#8220;1&#8243; _builder_version=&#8220;4.23.4&#8243; _module_preset=&#8220;default&#8220; custom_padding=&#8220;0px||||false|false&#8220; global_colors_info=&#8220;{}&#8220;][et_pb_row _builder_version=&#8220;4.22.2&#8243; _module_preset=&#8220;default&#8220; global_colors_info=&#8220;{}&#8220;][et_pb_column type=&#8220;4_4&#8243; _builder_version=&#8220;4.22.2&#8243; _module_preset=&#8220;default&#8220; global_colors_info=&#8220;{}&#8220;][et_pb_text _builder_version=&#8220;4.24.0&#8243; _module_preset=&#8220;default&#8220; header_2_text_color=&#8220;#315B84&#8243; header_2_font_size=&#8220;36px&#8220; header_2_line_height=&#8220;1.2em&#8220; custom_margin=&#8220;||20px||false|false&#8220; header_2_font_size_tablet=&#8220;&#8220; header_2_font_size_phone=&#8220;&#8220; header_2_font_size_last_edited=&#8220;on|phone&#8220; global_colors_info=&#8220;{}&#8220;]<\/p>\n<h2>Team<\/h2>\n<p>[\/et_pb_text][et_pb_divider color=&#8220;#315B84&#8243; divider_weight=&#8220;3px&#8220; _builder_version=&#8220;4.22.2&#8243; _module_preset=&#8220;default&#8220; max_width=&#8220;80px&#8220; custom_margin=&#8220;||5px||false|false&#8220; global_colors_info=&#8220;{}&#8220;][\/et_pb_divider][et_pb_text _builder_version=&#8220;4.24.0&#8243; _module_preset=&#8220;default&#8220; text_font=&#8220;INTER|300|||||||&#8220; text_line_height=&#8220;1.8em&#8220; text_font_size_tablet=&#8220;&#8220; text_font_size_phone=&#8220;15px&#8220; text_font_size_last_edited=&#8220;on|phone&#8220; global_colors_info=&#8220;{}&#8220;]<\/p>\n<p>Teamvielfalt f\u00f6rdert Kreativit\u00e4t und Innovation, indem sie Menschen mit unterschiedlichen Perspektiven, F\u00e4higkeiten und Hintergr\u00fcnden zusammenbringt.<\/p>\n<p>[\/et_pb_text][\/et_pb_column][\/et_pb_row][et_pb_row column_structure=&#8220;1_3,1_3,1_3&#8243; _builder_version=&#8220;4.22.2&#8243; _module_preset=&#8220;default&#8220; global_colors_info=&#8220;{}&#8220;][et_pb_column type=&#8220;1_3&#8243; _builder_version=&#8220;4.22.2&#8243; _module_preset=&#8220;default&#8220; global_colors_info=&#8220;{}&#8220;][et_pb_team_member name=&#8220;Ariane Baer Hammer&#8220; position=&#8220;MLaw (Master of Law), Qualifizierter unabh\u00e4ngiger Verm\u00f6gensverwalter VSV, Tep (Treuh\u00e4nder)&#8220; image_url=&#8220;https:\/\/www.baltrag.com\/wp-content\/uploads\/2023\/12\/Ariane_Baer.jpg&#8220; _builder_version=&#8220;4.24.0&#8243; _module_preset=&#8220;default&#8220; link_option_url=&#8220;https:\/\/www.baltrag.com\/de\/ariane-baer-hammer\/&#8220; global_colors_info=&#8220;{}&#8220;]<\/p>\n<p>Gesch\u00e4ftsf\u00fchrerin, Kundenbetreuerin<\/p>\n<p>[\/et_pb_team_member][\/et_pb_column][et_pb_column type=&#8220;1_3&#8243; _builder_version=&#8220;4.22.2&#8243; _module_preset=&#8220;default&#8220; global_colors_info=&#8220;{}&#8220;][et_pb_team_member name=&#8220;Claude Crelier&#8220; position=&#8220;Qualifizierter unabh\u00e4ngiger Verm\u00f6gensverwalter VSV, CWMA (Zertifizierter Verm\u00f6gensverwalter)&#8220; image_url=&#8220;https:\/\/www.baltrag.com\/wp-content\/uploads\/2024\/01\/Claude-Crelier.jpg&#8220; _builder_version=&#8220;4.24.0&#8243; _module_preset=&#8220;default&#8220; link_option_url=&#8220;https:\/\/www.baltrag.com\/de\/claude-crelier\/&#8220; global_colors_info=&#8220;{}&#8220;]<\/p>\n<p>Chief Investment Officer (CIO), Kunden-\/Portfoliomanager<\/p>\n<p>[\/et_pb_team_member][\/et_pb_column][et_pb_column type=&#8220;1_3&#8243; _builder_version=&#8220;4.22.2&#8243; _module_preset=&#8220;default&#8220; global_colors_info=&#8220;{}&#8220;][et_pb_team_member name=&#8220;Daniel Hirsig&#8220; position=&#8220;Bank- und Anlagespezialist &#8220; image_url=&#8220;https:\/\/www.baltrag.com\/wp-content\/uploads\/2023\/12\/Daniel_Hirsig.jpg&#8220; _builder_version=&#8220;4.24.0&#8243; _module_preset=&#8220;default&#8220; link_option_url=&#8220;https:\/\/www.baltrag.com\/de\/daniel-hirsig\/&#8220; global_colors_info=&#8220;{}&#8220;]<\/p>\n<p>CEO, Kunden-\/Portfoliomanager<\/p>\n<p>[\/et_pb_team_member][\/et_pb_column][\/et_pb_row][et_pb_row column_structure=&#8220;1_3,1_3,1_3&#8243; _builder_version=&#8220;4.22.2&#8243; _module_preset=&#8220;default&#8220; global_colors_info=&#8220;{}&#8220;][et_pb_column type=&#8220;1_3&#8243; _builder_version=&#8220;4.22.2&#8243; _module_preset=&#8220;default&#8220; global_colors_info=&#8220;{}&#8220;][et_pb_team_member name=&#8220;Eva H\u00fcbscher&#8220; image_url=&#8220;https:\/\/www.baltrag.com\/wp-content\/uploads\/2024\/01\/Eva-2-1.jpg&#8220; _builder_version=&#8220;4.23.4&#8243; _module_preset=&#8220;default&#8220; link_option_url=&#8220;https:\/\/www.baltrag.com\/de\/eva-huebscher\/&#8220; global_colors_info=&#8220;{}&#8220;]<\/p>\n<p>Prokuristin, Compliance\/Risk Manager CAS, HR<\/p>\n<p>[\/et_pb_team_member][\/et_pb_column][et_pb_column type=&#8220;1_3&#8243; _builder_version=&#8220;4.22.2&#8243; _module_preset=&#8220;default&#8220; global_colors_info=&#8220;{}&#8220;][et_pb_team_member name=&#8220;Daniela Kubli&#8220; image_url=&#8220;https:\/\/www.baltrag.com\/wp-content\/uploads\/2023\/12\/Daniela_Kubli.jpg&#8220; _builder_version=&#8220;4.23.4&#8243; _module_preset=&#8220;default&#8220; link_option_url=&#8220;https:\/\/www.baltrag.com\/de\/daniela-kubli\/&#8220; global_colors_info=&#8220;{}&#8220;]<\/p>\n<p>Assistentin Portfoliomanagement<\/p>\n<p>[\/et_pb_team_member][\/et_pb_column][et_pb_column type=&#8220;1_3&#8243; _builder_version=&#8220;4.22.2&#8243; _module_preset=&#8220;default&#8220; global_colors_info=&#8220;{}&#8220;][et_pb_team_member name=&#8220;Ines Zuccolin&#8220; image_url=&#8220;https:\/\/www.baltrag.com\/wp-content\/uploads\/2024\/01\/Ines-2-1.jpg&#8220; _builder_version=&#8220;4.23.4&#8243; _module_preset=&#8220;default&#8220; link_option_url=&#8220;https:\/\/www.baltrag.com\/de\/ines-zuccolin\/&#8220; global_colors_info=&#8220;{}&#8220;]<\/p>\n<p>B\u00fcromanagement, Kundenservice<\/p>\n<p>[\/et_pb_team_member][\/et_pb_column][\/et_pb_row][et_pb_row _builder_version=&#8220;4.24.0&#8243; _module_preset=&#8220;default&#8220; custom_padding=&#8220;0px||||false|false&#8220; global_colors_info=&#8220;{}&#8220;][et_pb_column type=&#8220;4_4&#8243; _builder_version=&#8220;4.24.0&#8243; _module_preset=&#8220;default&#8220; global_colors_info=&#8220;{}&#8220;][et_pb_text _builder_version=&#8220;4.24.0&#8243; _module_preset=&#8220;default&#8220; text_orientation=&#8220;center&#8220; custom_margin=&#8220;50px||||false|false&#8220; locked=&#8220;off&#8220; global_colors_info=&#8220;{}&#8220;]Kennen Sie schon unsere Neuigkeiten?<\/p>\n<h3><a href=\"https:\/\/www.baltrag.com\/de\/neuigkeiten\/\">Hier gehts zu unseren neuesten Informationen<\/a>.<\/h3>\n<p>[\/et_pb_text][et_pb_image src=&#8220;https:\/\/www.baltrag.com\/wp-content\/uploads\/2024\/01\/baltrag_auge-1.png&#8220; alt=&#8220;Baltrag Logo&#8220; show_bottom_space=&#8220;off&#8220; align=&#8220;center&#8220; _builder_version=&#8220;4.24.2&#8243; _module_preset=&#8220;default&#8220; width=&#8220;50px&#8220; custom_margin=&#8220;||30px||false|false&#8220; custom_padding=&#8220;||||false|false&#8220; locked=&#8220;off&#8220; global_colors_info=&#8220;{}&#8220;][\/et_pb_image][\/et_pb_column][\/et_pb_row][\/et_pb_section]<\/p>\n","protected":false},"excerpt":{"rendered":"<p>Menschen sind unsere wertvollste RessourceTeamTeamvielfalt f\u00f6rdert Kreativit\u00e4t und Innovation, indem sie Menschen mit unterschiedlichen Perspektiven, F\u00e4higkeiten und Hintergr\u00fcnden zusammenbringt.Gesch\u00e4ftsf\u00fchrerin, KundenbetreuerinChief Investment Officer (CIO), Kunden-\/PortfoliomanagerCEO, Kunden-\/PortfoliomanagerProkuristin, Compliance\/Risk Manager CAS, HRAssistentin PortfoliomanagementB\u00fcromanagement, KundenserviceKennen Sie schon unsere Neuigkeiten? Hier gehts zu unseren neuesten Informationen.<\/p>\n","protected":false},"author":1,"featured_media":0,"parent":0,"menu_order":0,"comment_status":"closed","ping_status":"closed","template":"","meta":{"_et_pb_use_builder":"on","_et_pb_old_content":"","_et_gb_content_width":"","footnotes":""},"class_list":["post-61127","page","type-page","status-publish","hentry"],"_links":{"self":[{"href":"https:\/\/www.baltrag.com\/de\/wp-json\/wp\/v2\/pages\/61127","targetHints":{"allow":["GET"]}}],"collection":[{"href":"https:\/\/www.baltrag.com\/de\/wp-json\/wp\/v2\/pages"}],"about":[{"href":"https:\/\/www.baltrag.com\/de\/wp-json\/wp\/v2\/types\/page"}],"author":[{"embeddable":true,"href":"https:\/\/www.baltrag.com\/de\/wp-json\/wp\/v2\/users\/1"}],"replies":[{"embeddable":true,"href":"https:\/\/www.baltrag.com\/de\/wp-json\/wp\/v2\/comments?post=61127"}],"version-history":[{"count":0,"href":"https:\/\/www.baltrag.com\/de\/wp-json\/wp\/v2\/pages\/61127\/revisions"}],"wp:attachment":[{"href":"https:\/\/www.baltrag.com\/de\/wp-json\/wp\/v2\/media?parent=61127"}],"curies":[{"name":"wp","href":"https:\/\/api.w.org\/{rel}","templated":true}]}}