{"id":61123,"date":"2023-10-22T05:54:06","date_gmt":"2023-10-22T03:54:06","guid":{"rendered":"https:\/\/www.baltrag.com\/ariane-baer-hammer\/"},"modified":"2025-10-28T22:17:23","modified_gmt":"2025-10-28T21:17:23","slug":"ariane-baer-hammer","status":"publish","type":"page","link":"https:\/\/www.baltrag.com\/de\/ariane-baer-hammer\/","title":{"rendered":"Ariane Baer Hammer"},"content":{"rendered":"<p>[et_pb_section fb_built=&#8220;1&#8243; _builder_version=&#8220;4.23.2&#8243; _module_preset=&#8220;80db0bf4-1c87-4ae3-b9be-5db124ed2fb0&#8243; global_colors_info=&#8220;{}&#8220;][et_pb_row column_structure=&#8220;2_5,3_5&#8243; custom_padding_last_edited=&#8220;on|phone&#8220; module_class=&#8220;reverse-columns&#8220; _builder_version=&#8220;4.23.2&#8243; _module_preset=&#8220;default&#8220; custom_margin=&#8220;||0px||false|false&#8220; custom_margin_tablet=&#8220;||0px||false|false&#8220; custom_margin_phone=&#8220;||0px||false|false&#8220; custom_margin_last_edited=&#8220;on|phone&#8220; custom_padding=&#8220;||||false|false&#8220; custom_padding_tablet=&#8220;||0px||false|false&#8220; custom_padding_phone=&#8220;||0px||false|false&#8220; global_colors_info=&#8220;{}&#8220;][et_pb_column type=&#8220;2_5&#8243; _builder_version=&#8220;4.23.2&#8243; _module_preset=&#8220;default&#8220; custom_padding=&#8220;||||false|false&#8220; custom_padding_tablet=&#8220;||||false|false&#8220; custom_padding_phone=&#8220;||||false|false&#8220; custom_padding_last_edited=&#8220;on|phone&#8220; custom_css_main_element=&#8220;margin-bottom: 0px;&#8220; global_colors_info=&#8220;{}&#8220;][et_pb_image src=&#8220;https:\/\/www.baltrag.com\/wp-content\/uploads\/2024\/01\/Ariane-Baer-Hammer.webp&#8220; alt=&#8220;Ariane Baer Hammer&#8220; title_text=&#8220;Ariane Baer Hammer&#8220; _builder_version=&#8220;4.24.0&#8243; _module_preset=&#8220;52da640f-add2-462a-b7f2-1d25e10844ba&#8220; global_colors_info=&#8220;{}&#8220;][\/et_pb_image][et_pb_icon font_icon=&#8220;&#x23;||divi||400&#8243; url=&#8220;https:\/\/www.baltrag.com\/de\/ines-zuccolin\/&#8220; _builder_version=&#8220;4.24.0&#8243; _module_preset=&#8220;76854c63-7d54-4014-a624-52304fd077a7&#8243; global_colors_info=&#8220;{}&#8220;][\/et_pb_icon][et_pb_icon font_icon=&#8220;&#x24;||divi||400&#8243; url=&#8220;https:\/\/www.baltrag.com\/de\/claude-crelier\/&#8220; _builder_version=&#8220;4.24.0&#8243; _module_preset=&#8220;04051ec5-ed43-4c82-a97e-a56fdad429d2&#8243; global_colors_info=&#8220;{}&#8220;][\/et_pb_icon][\/et_pb_column][et_pb_column type=&#8220;3_5&#8243; _builder_version=&#8220;4.23.2&#8243; _module_preset=&#8220;default&#8220; global_colors_info=&#8220;{}&#8220;][et_pb_text _builder_version=&#8220;4.23.2&#8243; _module_preset=&#8220;7de51439-3396-4870-882a-62fe04c99180&#8243; global_colors_info=&#8220;{}&#8220;]<\/p>\n<h1>Ariane Baer Hammer<\/h1>\n<p><span style=\"color: #ffffff;\">Gesch\u00e4ftsf\u00fchrerin, Kundenbetreuerin<\/span><\/p>\n<p>MLaw (Master of Law)<br \/>\nQualifizierter unabh\u00e4ngiger Verm\u00f6gensverwalter VSV<br \/>\nTep (Treuh\u00e4nder)<\/p>\n<p>Tel. +41 61 272 16 00<br \/>\n<a href=\"mailto:ariane@baltrag.com\">ariane@baltrag.com<\/a>[\/et_pb_text][et_pb_icon font_icon=&#8220;&#x24;||divi||400&#8243; url=&#8220;https:\/\/www.baltrag.com\/de\/claude-crelier\/&#8220; disabled_on=&#8220;on|on|off&#8220; _builder_version=&#8220;4.24.0&#8243; _module_preset=&#8220;770d708d-7b6f-47ae-9883-820ed5282614&#8243; transform_translate=&#8220;5vw|20vh&#8220; transform_translate_linked=&#8220;off&#8220; positioning=&#8220;absolute&#8220; position_origin_a=&#8220;top_right&#8220; global_colors_info=&#8220;{}&#8220;][\/et_pb_icon][\/et_pb_column][\/et_pb_row][\/et_pb_section][et_pb_section fb_built=&#8220;1&#8243; _builder_version=&#8220;4.23.1&#8243; _module_preset=&#8220;default&#8220; background_color=&#8220;#FFFFFF&#8220; custom_padding=&#8220;0px||||false|false&#8220; global_colors_info=&#8220;{}&#8220;][et_pb_row column_structure=&#8220;3_5,2_5&#8243; _builder_version=&#8220;4.16&#8243; _module_preset=&#8220;default&#8220; global_colors_info=&#8220;{}&#8220;][et_pb_column type=&#8220;3_5&#8243; _builder_version=&#8220;4.16&#8243; _module_preset=&#8220;default&#8220; global_colors_info=&#8220;{}&#8220;][et_pb_text _builder_version=&#8220;4.24.0&#8243; _module_preset=&#8220;default&#8220; text_font_size=&#8220;15px&#8220; text_line_height=&#8220;1.8em&#8220; width=&#8220;100%&#8220; global_colors_info=&#8220;{}&#8220;]<\/p>\n<p>Ariane Baer Hammer studierte Rechtswissenschaften an der Universit\u00e4t Basel. Ihr erster Job f\u00fchrte sie nach Liechtenstein. Als Juristin und Senior Trust Officer betreute sie eine internationale Kundschaft bei der Erstellung von Vertr\u00e4gen und Rechtsgutachten mit Schwerpunkt auf Unternehmens-, Bank- und Kapitalmarktrecht. Auf Trust-Ebene beriet sie Mandanten bei der Unternehmensstrukturierung und Nachlassplanung. Um ihre Kenntnisse im liechtensteinischen Recht zu vertiefen, absolvierte sie ein Nachdiplomstudium im liechtensteinischen Gesellschaftsrecht an der Fachhochschule Liechtenstein. Dar\u00fcber hinaus ist ihre Ausbildung und st\u00e4ndige Weiterbildung als Mitglied der Society of Trust and Estate Practitioners (STEP) ein grosser Vorteil f\u00fcr sie im Tagesgesch\u00e4ft.<\/p>\n<p>Nach 14 Jahren Berufserfahrung in Liechtenstein kehrte Ariane 2014 zu ihren Wurzeln nach Basel zur\u00fcck. Als Gesch\u00e4ftsf\u00fchrerin und Mitglied des Verwaltungsrats f\u00fchrt sie die Baltrag AG seither in der zweiten Generation. Mit ihrem juristischen Fachwissen unterst\u00fctzt sie die Baltrag AG in rechtlichen Angelegenheiten und ber\u00e4t Klienten in all ihren Anliegen. <\/p>\n<p>Neben ihrer Muttersprache Deutsch spricht sie auch fliessend Englisch und kann sich gut auf Franz\u00f6sisch verst\u00e4ndigen.<\/p>\n<p>Ariane ist verheiratet und hat eine Tochter. In ihrer Freizeit liebt sie Wassersport und lange Spazierg\u00e4nge mit ihrem Hund.<\/p>\n<p>[\/et_pb_text][\/et_pb_column][et_pb_column type=&#8220;2_5&#8243; _builder_version=&#8220;4.16&#8243; _module_preset=&#8220;default&#8220; global_colors_info=&#8220;{}&#8220;][dipi_typing_text typing_text=&#8220;\u201eWissen ist Ihr wertvollstes Gut; h\u00f6ren Sie nie auf zu lernen und sich anzupassen.\u201c (unbekannter Autor)&#8220; _builder_version=&#8220;4.24.0&#8243; _module_preset=&#8220;81ae0d61-cdd0-4581-97e4-69641b7605e9&#8243; global_colors_info=&#8220;{}&#8220;][\/dipi_typing_text][\/et_pb_column][\/et_pb_row][\/et_pb_section]<\/p>\n","protected":false},"excerpt":{"rendered":"<p>Ariane Baer Hammer Gesch\u00e4ftsf\u00fchrerin, Kundenbetreuerin MLaw (Master of Law) Qualifizierter unabh\u00e4ngiger Verm\u00f6gensverwalter VSV Tep (Treuh\u00e4nder) Tel. +41 61 272 16 00 ariane@baltrag.comAriane Baer Hammer studierte Rechtswissenschaften an der Universit\u00e4t Basel. Ihr erster Job f\u00fchrte sie nach Liechtenstein. Als Juristin und Senior Trust Officer betreute sie eine internationale Kundschaft bei der Erstellung von Vertr\u00e4gen und Rechtsgutachten [&hellip;]<\/p>\n","protected":false},"author":1,"featured_media":0,"parent":0,"menu_order":0,"comment_status":"closed","ping_status":"closed","template":"","meta":{"_et_pb_use_builder":"on","_et_pb_old_content":"","_et_gb_content_width":"","footnotes":""},"class_list":["post-61123","page","type-page","status-publish","hentry"],"_links":{"self":[{"href":"https:\/\/www.baltrag.com\/de\/wp-json\/wp\/v2\/pages\/61123","targetHints":{"allow":["GET"]}}],"collection":[{"href":"https:\/\/www.baltrag.com\/de\/wp-json\/wp\/v2\/pages"}],"about":[{"href":"https:\/\/www.baltrag.com\/de\/wp-json\/wp\/v2\/types\/page"}],"author":[{"embeddable":true,"href":"https:\/\/www.baltrag.com\/de\/wp-json\/wp\/v2\/users\/1"}],"replies":[{"embeddable":true,"href":"https:\/\/www.baltrag.com\/de\/wp-json\/wp\/v2\/comments?post=61123"}],"version-history":[{"count":0,"href":"https:\/\/www.baltrag.com\/de\/wp-json\/wp\/v2\/pages\/61123\/revisions"}],"wp:attachment":[{"href":"https:\/\/www.baltrag.com\/de\/wp-json\/wp\/v2\/media?parent=61123"}],"curies":[{"name":"wp","href":"https:\/\/api.w.org\/{rel}","templated":true}]}}