{"id":61119,"date":"2023-10-22T07:18:57","date_gmt":"2023-10-22T05:18:57","guid":{"rendered":"https:\/\/www.baltrag.com\/ueber-uns\/"},"modified":"2025-10-21T14:29:13","modified_gmt":"2025-10-21T12:29:13","slug":"ueber-uns","status":"publish","type":"page","link":"https:\/\/www.baltrag.com\/de\/ueber-uns\/","title":{"rendered":"\u00dcber uns"},"content":{"rendered":"<p>[et_pb_section fb_built=&#8220;1&#8243; _builder_version=&#8220;4.24.2&#8243; _module_preset=&#8220;47d802ce-8990-4ce7-848a-8543d1af340e&#8220; background_image=&#8220;https:\/\/www.baltrag.com\/wp-content\/uploads\/2024\/02\/ines-daniel-3.webp&#8220; background_enable_image=&#8220;on&#8220; custom_padding_phone=&#8220;||||false|false&#8220; bottom_divider_color=&#8220;#E6EDF5&#8243; global_colors_info=&#8220;{}&#8220;][et_pb_row _builder_version=&#8220;4.22.2&#8243; _module_preset=&#8220;default&#8220; global_colors_info=&#8220;{}&#8220;][et_pb_column type=&#8220;4_4&#8243; _builder_version=&#8220;4.16&#8243; _module_preset=&#8220;default&#8220; global_colors_info=&#8220;{}&#8220;][et_pb_text _builder_version=&#8220;4.24.2&#8243; _module_preset=&#8220;be3e2c57-76fb-4d1a-942f-12e1313440cd&#8220; text_font_size_tablet=&#8220;&#8220; text_font_size_phone=&#8220;&#8220; text_font_size_last_edited=&#8220;on|desktop&#8220; global_colors_info=&#8220;{}&#8220;]<\/p>\n<h1>Ihr unabh\u00e4ngiger Schweizer Verm\u00f6gensverwalter<\/h1>\n<p>[\/et_pb_text][\/et_pb_column][\/et_pb_row][\/et_pb_section][et_pb_section fb_built=&#8220;1&#8243; _builder_version=&#8220;4.24.2&#8243; _module_preset=&#8220;default&#8220; background_color=&#8220;#e6edf5&#8243; custom_padding=&#8220;0px||||false|false&#8220; global_colors_info=&#8220;{}&#8220;][et_pb_row _builder_version=&#8220;4.23.4&#8243; _module_preset=&#8220;default&#8220; custom_padding=&#8220;||||false|false&#8220; global_colors_info=&#8220;{}&#8220;][et_pb_column type=&#8220;4_4&#8243; _builder_version=&#8220;4.22.2&#8243; _module_preset=&#8220;default&#8220; global_colors_info=&#8220;{}&#8220;][et_pb_text _builder_version=&#8220;4.24.0&#8243; _module_preset=&#8220;default&#8220; header_2_text_color=&#8220;#315B84&#8243; header_2_font_size=&#8220;36px&#8220; header_2_line_height=&#8220;1.2em&#8220; custom_margin=&#8220;||20px||false|false&#8220; custom_padding=&#8220;||||false|false&#8220; header_2_font_size_tablet=&#8220;&#8220; header_2_font_size_phone=&#8220;&#8220; header_2_font_size_last_edited=&#8220;on|phone&#8220; global_colors_info=&#8220;{}&#8220;]<\/p>\n<h2>\u00dcber uns<\/h2>\n<p>[\/et_pb_text][et_pb_divider color=&#8220;#315B84&#8243; divider_weight=&#8220;3px&#8220; _builder_version=&#8220;4.23.4&#8243; _module_preset=&#8220;default&#8220; max_width=&#8220;80px&#8220; custom_margin=&#8220;||||false|false&#8220; global_colors_info=&#8220;{}&#8220;][\/et_pb_divider][\/et_pb_column][\/et_pb_row][et_pb_row column_structure=&#8220;1_2,1_2&#8243; _builder_version=&#8220;4.23.4&#8243; _module_preset=&#8220;default&#8220; custom_padding=&#8220;0px||||false|false&#8220; global_colors_info=&#8220;{}&#8220;][et_pb_column type=&#8220;1_2&#8243; _builder_version=&#8220;4.22.2&#8243; _module_preset=&#8220;default&#8220; global_colors_info=&#8220;{}&#8220;][et_pb_blurb title=&#8220;Boutique f\u00fcr Verm\u00f6gensverwaltung&#8220; image=&#8220;https:\/\/www.baltrag.com\/wp-content\/uploads\/2023\/10\/business-icon-40.svg&#8220; alt=&#8220;Verm\u00f6gensverwaltung &#8211; Diamant-Logo&#8220; _builder_version=&#8220;4.24.2&#8243; _module_preset=&#8220;default&#8220; image_max_width=&#8220;70px&#8220; global_colors_info=&#8220;{}&#8220;]<\/p>\n<p>Unsere Gr\u00f6sse, finanzielle Unabh\u00e4ngigkeit und schlanke Organisationsstruktur erm\u00f6glicht es uns, schnell und unb\u00fcrokratisch zu reagieren und unsere Kunden k\u00f6nnen sich immer auf eine zeitnahe Antwort verlassen. Daraus resultiert auch eine sehr kurze Reaktionszeit bei Marktver\u00e4nderungen oder wenn sich kurzfristige Chancen ergeben.<\/p>\n<p>[\/et_pb_blurb][et_pb_blurb title=&#8220;Swissness&#8220; image=&#8220;https:\/\/www.baltrag.com\/wp-content\/uploads\/2023\/10\/business-icon-swiss.svg&#8220; alt=&#8220;Swissness&#8220; image_icon_width=&#8220;70px&#8220; _builder_version=&#8220;4.24.2&#8243; _module_preset=&#8220;default&#8220; image_max_width=&#8220;70px&#8220; global_colors_info=&#8220;{}&#8220;]<\/p>\n<p>Als von der FINMA bewilligter Verm\u00f6gensverwalter in der Schweiz sind wir sehr stolz auf unser starkes Engagement f\u00fcr die Werte, die \u00abSwissness\u00bb ausmachen \u2013 Pr\u00e4zision, Zuverl\u00e4ssigkeit und Exzellenz. Swissness ist nicht nur ein Label; es verk\u00f6rpert eine Reihe von Werten, die in unserer gesamten Organisation Resonanz finden.<\/p>\n<p>[\/et_pb_blurb][et_pb_blurb title=&#8220;Zuverl\u00e4ssigkeit&#8220; image=&#8220;https:\/\/www.baltrag.com\/wp-content\/uploads\/2023\/12\/handshake2.svg&#8220; alt=&#8220;Zuverl\u00e4ssigkeit&#8220; image_icon_width=&#8220;70px&#8220; _builder_version=&#8220;4.24.2&#8243; _module_preset=&#8220;default&#8220; image_max_width=&#8220;70px&#8220; global_colors_info=&#8220;{}&#8220;]<\/p>\n<p>Die Schweiz ist bekannt f\u00fcr ihre politische und finanzielle Stabilit\u00e4t und die Vertrauensw\u00fcrdigkeit ihrer Institutionen. Seit 1978 steht die Baltrag als stabiler und verl\u00e4sslicher Partner f\u00fcr Ihre Kunden da.<br \/>In all diesen Jahren hat die Baltrag zahlreiche Ver\u00e4nderungen in der Finanzwelt erlebt und ihre F\u00e4higkeit unter Beweis gestellt, sich konsequent an die sich \u00e4ndernden Bed\u00fcrfnisse anpassen zu k\u00f6nnen.<\/p>\n<p>[\/et_pb_blurb][\/et_pb_column][et_pb_column type=&#8220;1_2&#8243; _builder_version=&#8220;4.22.2&#8243; _module_preset=&#8220;default&#8220; global_colors_info=&#8220;{}&#8220;][et_pb_blurb title=&#8220;Pr\u00e4zision&#8220; image=&#8220;https:\/\/www.baltrag.com\/wp-content\/uploads\/2023\/10\/business-icon-08.svg&#8220; alt=&#8220;Pr\u00e4zision&#8220; image_icon_width=&#8220;70px&#8220; _builder_version=&#8220;4.24.2&#8243; _module_preset=&#8220;default&#8220; image_max_width=&#8220;70px&#8220; global_colors_info=&#8220;{}&#8220;]<\/p>\n<p>Pr\u00e4zision ist ein Grundpfeiler der Swissness und bildet die Grundlage unseres Ansatzes in der Verm\u00f6gensverwaltung. So wie Schweizer Uhrmacher jedes einzelne Detail akribisch bearbeiten, analysieren wir gewissenhaft Markttrends und Daten, um massgeschneiderte Anlagestrategien zu entwickeln.<\/p>\n<p>[\/et_pb_blurb][et_pb_blurb title=&#8220;Exzellenz&#8220; image=&#8220;https:\/\/www.baltrag.com\/wp-content\/uploads\/2023\/10\/business-icon-38.svg&#8220; alt=&#8220;Exzellenz&#8220; image_icon_width=&#8220;70px&#8220; _builder_version=&#8220;4.24.2&#8243; _module_preset=&#8220;default&#8220; image_max_width=&#8220;70px&#8220; global_colors_info=&#8220;{}&#8220;]<\/p>\n<p>Unsere langj\u00e4hrige Tradition im Schweizer Private Banking hat es uns erm\u00f6glicht, ein umfangreiches Netzwerk von vertrauensw\u00fcrdigen Partnern und Mitarbeitern aufzubauen. Wir nutzen diese Beziehungen, um Ihnen exklusiven Zugang zu Anlagem\u00f6glichkeiten und Ressourcen zu bieten, die anderswo m\u00f6glicherweise nicht ohne weiteres verf\u00fcgbar sind.<\/p>\n<p>[\/et_pb_blurb][et_pb_blurb title=&#8220;Familienwerte&#8220; image=&#8220;https:\/\/www.baltrag.com\/wp-content\/uploads\/2023\/12\/Family2.svg&#8220; alt=&#8220;Familienwerte&#8220; image_icon_width=&#8220;70px&#8220; _builder_version=&#8220;4.24.2&#8243; _module_preset=&#8220;default&#8220; image_max_width=&#8220;70px&#8220; global_colors_info=&#8220;{}&#8220;]<\/p>\n<p>Mit einem Verm\u00e4chtnis, das auf Familienwerten und finanzieller Unabh\u00e4ngigkeit basiert, bringen wir Unternehmergeist mit, um Innovationen voranzutreiben, Chancen zu ergreifen und Ihnen einen aussergew\u00f6hnlichen Mehrwert zu bieten. Seit \u00fcber vier Jahrzehnten verwalten wir das Verm\u00f6gen nationaler und internationaler Kunden. Mit dem Fokus auf den Erhalt von Verm\u00f6gen \u00fcber Generationen hinweg legen wir bei unseren Anlagestrategien Wert auf Stabilit\u00e4t und ber\u00fccksichtigen Faktoren wie Risikomanagement, Diversifikation und konsistente Performance. Sie k\u00f6nnen sich auf uns verlassen, wenn es um massgeschneiderte Strategien und engagierte Unterst\u00fctzung w\u00e4hrend Ihrer gesamten finanziellen Reise geht.<\/p>\n<p>[\/et_pb_blurb][\/et_pb_column][\/et_pb_row][\/et_pb_section][et_pb_section fb_built=&#8220;1&#8243; _builder_version=&#8220;4.24.0&#8243; _module_preset=&#8220;default&#8220; overflow-x=&#8220;hidden&#8220; custom_padding=&#8220;||||false|false&#8220; global_colors_info=&#8220;{}&#8220;][et_pb_row _builder_version=&#8220;4.22.2&#8243; _module_preset=&#8220;default&#8220; global_colors_info=&#8220;{}&#8220;][et_pb_column type=&#8220;4_4&#8243; _builder_version=&#8220;4.22.2&#8243; _module_preset=&#8220;default&#8220; global_colors_info=&#8220;{}&#8220;][et_pb_text _builder_version=&#8220;4.27.4&#8243; _module_preset=&#8220;default&#8220; header_2_text_color=&#8220;#315B84&#8243; header_2_font_size=&#8220;36px&#8220; header_2_line_height=&#8220;1.2em&#8220; custom_margin=&#8220;||20px||false|false&#8220; header_2_font_size_tablet=&#8220;&#8220; header_2_font_size_phone=&#8220;24px&#8220; header_2_font_size_last_edited=&#8220;on|phone&#8220; global_colors_info=&#8220;{}&#8220;]<\/p>\n<h2>Wohlt\u00e4tige Organisationen, die wir unterst\u00fctzen<\/h2>\n<p>[\/et_pb_text][et_pb_divider color=&#8220;#315B84&#8243; divider_weight=&#8220;3px&#8220; _builder_version=&#8220;4.22.2&#8243; _module_preset=&#8220;default&#8220; max_width=&#8220;80px&#8220; custom_margin=&#8220;||5px||false|false&#8220; global_colors_info=&#8220;{}&#8220;][\/et_pb_divider][et_pb_text _builder_version=&#8220;4.27.4&#8243; _module_preset=&#8220;default&#8220; text_line_height=&#8220;1.8em&#8220; text_font_size_tablet=&#8220;&#8220; text_font_size_phone=&#8220;15px&#8220; text_font_size_last_edited=&#8220;on|phone&#8220; global_colors_info=&#8220;{}&#8220;]Jedes Jahr unterst\u00fctzen wir wohlt\u00e4tige Einrichtungen, die uns wichtig sind.[\/et_pb_text][\/et_pb_column][\/et_pb_row][et_pb_row column_structure=&#8220;1_3,1_3,1_3&#8243; _builder_version=&#8220;4.27.4&#8243; _module_preset=&#8220;default&#8220; global_colors_info=&#8220;{}&#8220;][et_pb_column type=&#8220;1_3&#8243; _builder_version=&#8220;4.27.4&#8243; _module_preset=&#8220;default&#8220; global_colors_info=&#8220;{}&#8220;][et_pb_text _builder_version=&#8220;4.27.4&#8243; _module_preset=&#8220;default&#8220; link_text_color=&#8220;#1F1F1F&#8220; global_colors_info=&#8220;{}&#8220;]<\/p>\n<h3>2024<\/h3>\n<p><a href=\"https:\/\/schweizertafel.ch\/\" target=\"_blank\" rel=\"noopener\">Schweizer Tafel<\/a><br \/><a href=\"https:\/\/www.plusport.ch\/\" target=\"_blank\" rel=\"noopener\">PluSport Behindertensport Schweiz<\/a><\/p>\n<p>[\/et_pb_text][\/et_pb_column][et_pb_column type=&#8220;1_3&#8243; _builder_version=&#8220;4.27.4&#8243; _module_preset=&#8220;default&#8220; global_colors_info=&#8220;{}&#8220;][et_pb_text _builder_version=&#8220;4.27.4&#8243; _module_preset=&#8220;default&#8220; link_text_color=&#8220;#1F1F1F&#8220; global_colors_info=&#8220;{}&#8220;]<\/p>\n<h3>2023<\/h3>\n<p><a href=\"https:\/\/www.bc-pratteln.ch\/\" target=\"_blank\" rel=\"noopener\">Basketballclub Pratteln<\/a><br \/><a href=\"https:\/\/www.tischlein.ch\/\" target=\"_blank\" rel=\"noopener\">Tischlein deck dich<\/a><\/p>\n<p>[\/et_pb_text][\/et_pb_column][et_pb_column type=&#8220;1_3&#8243; _builder_version=&#8220;4.27.4&#8243; _module_preset=&#8220;default&#8220; global_colors_info=&#8220;{}&#8220;][et_pb_text _builder_version=&#8220;4.27.4&#8243; _module_preset=&#8220;default&#8220; link_text_color=&#8220;#1F1F1F&#8220; global_colors_info=&#8220;{}&#8220;]<\/p>\n<h3>2022<\/h3>\n<p><a href=\"https:\/\/www.plusport.ch\/\" target=\"_blank\" rel=\"noopener\">PluSport Behindertensport Schweiz<\/a><br \/><a href=\"https:\/\/mercyships.ch\/\" target=\"_blank\" rel=\"noopener\">Verein Mercy Ships<\/a><br \/><a href=\"https:\/\/www.bs.winterhilfe.ch\/\" target=\"_blank\" rel=\"noopener\">Winterhilfe Basel-Stadt<\/a><\/p>\n<p>[\/et_pb_text][\/et_pb_column][\/et_pb_row][et_pb_row column_structure=&#8220;1_3,1_3,1_3&#8243; _builder_version=&#8220;4.27.4&#8243; _module_preset=&#8220;default&#8220; global_colors_info=&#8220;{}&#8220;][et_pb_column type=&#8220;1_3&#8243; _builder_version=&#8220;4.27.4&#8243; _module_preset=&#8220;default&#8220; global_colors_info=&#8220;{}&#8220;][et_pb_text _builder_version=&#8220;4.27.4&#8243; _module_preset=&#8220;default&#8220; link_text_color=&#8220;#1F1F1F&#8220; global_colors_info=&#8220;{}&#8220;]<\/p>\n<h3>2021<\/h3>\n<p><a href=\"https:\/\/www.gostar.ch\/de\/\" target=\"_blank\" rel=\"noopener\">Stiftung Schweizer Chirurgen in \u00c4thiopien<\/a><br \/><a href=\"https:\/\/www.plusport.ch\/\" target=\"_blank\" rel=\"noopener\">PluSport Behindertensport Schweiz<\/a><br \/><a href=\"https:\/\/www.pro-ukbb.ch\/de\/Home\/index.php\" target=\"_blank\" rel=\"noopener\">Stiftung Pro UKBB<\/a><\/p>\n<p>[\/et_pb_text][\/et_pb_column][et_pb_column type=&#8220;1_3&#8243; _builder_version=&#8220;4.27.4&#8243; _module_preset=&#8220;default&#8220; global_colors_info=&#8220;{}&#8220;][et_pb_text _builder_version=&#8220;4.27.4&#8243; _module_preset=&#8220;default&#8220; link_text_color=&#8220;#1F1F1F&#8220; global_colors_info=&#8220;{}&#8220;]<\/p>\n<h3>2020<\/h3>\n<p><a href=\"https:\/\/caritas-regio.ch\/\" target=\"_blank\" rel=\"noopener\">Caritas beider Basel<\/a><br \/><a href=\"https:\/\/www.unicef.ch\/de\" target=\"_blank\" rel=\"noopener\">UNICEF Schweiz &amp; Liechtenstein<\/a><br \/><a href=\"https:\/\/www.plusport.ch\/\" target=\"_blank\" rel=\"noopener\">PluSport Behindertensport Schweiz<\/a><\/p>\n<p>[\/et_pb_text][\/et_pb_column][et_pb_column type=&#8220;1_3&#8243; _builder_version=&#8220;4.27.4&#8243; _module_preset=&#8220;default&#8220; global_colors_info=&#8220;{}&#8220;][et_pb_text _builder_version=&#8220;4.27.4&#8243; _module_preset=&#8220;default&#8220; link_text_color=&#8220;#1F1F1F&#8220; global_colors_info=&#8220;{}&#8220;]<\/p>\n<h3>2019<\/h3>\n<p><a href=\"https:\/\/www.msf.ch\/\" target=\"_blank\" rel=\"noopener\">\u00c4rzte ohne Grenzen<\/a><br \/><a href=\"https:\/\/www.stiftung-kinderkrebs.ch\/\" target=\"_blank\" rel=\"noopener\">Stiftung f\u00fcr krebskranke Kinder<\/a><br \/><a href=\"https:\/\/www.plusport.ch\/\" target=\"_blank\" rel=\"noopener\">PluSport Behindertensport Schweiz<\/a><\/p>\n<p>[\/et_pb_text][\/et_pb_column][\/et_pb_row][et_pb_row column_structure=&#8220;1_3,1_3,1_3&#8243; _builder_version=&#8220;4.27.4&#8243; _module_preset=&#8220;default&#8220; global_colors_info=&#8220;{}&#8220;][et_pb_column type=&#8220;1_3&#8243; _builder_version=&#8220;4.27.4&#8243; _module_preset=&#8220;default&#8220; global_colors_info=&#8220;{}&#8220;][\/et_pb_column][et_pb_column type=&#8220;1_3&#8243; _builder_version=&#8220;4.27.4&#8243; _module_preset=&#8220;default&#8220; global_colors_info=&#8220;{}&#8220;][et_pb_text _builder_version=&#8220;4.27.4&#8243; _module_preset=&#8220;default&#8220; link_text_color=&#8220;#1F1F1F&#8220; global_colors_info=&#8220;{}&#8220;]<\/p>\n<h3>2018<\/h3>\n<p><a href=\"https:\/\/www.beat-richner.ch\/\" target=\"_blank\" rel=\"noopener\">Stiftung Kinderspital Kantha Bopha, Dr. B. Richner<\/a><br \/><a href=\"https:\/\/www.stiftung-kinderkrebs.ch\/\" target=\"_blank\" rel=\"noopener\">Stiftung f\u00fcr krebskranke Kinder<\/a><br \/><a href=\"https:\/\/www.plusport.ch\/\" target=\"_blank\" rel=\"noopener\">PluSport Behindertensport Schweiz<\/a><\/p>\n<p>[\/et_pb_text][\/et_pb_column][et_pb_column type=&#8220;1_3&#8243; _builder_version=&#8220;4.27.4&#8243; _module_preset=&#8220;default&#8220; global_colors_info=&#8220;{}&#8220;][\/et_pb_column][\/et_pb_row][et_pb_row _builder_version=&#8220;4.22.2&#8243; _module_preset=&#8220;default&#8220; global_colors_info=&#8220;{}&#8220;][et_pb_column type=&#8220;4_4&#8243; _builder_version=&#8220;4.22.2&#8243; _module_preset=&#8220;default&#8220; global_colors_info=&#8220;{}&#8220;][et_pb_text _builder_version=&#8220;4.23.1&#8243; _module_preset=&#8220;default&#8220; header_2_text_color=&#8220;#315B84&#8243; header_2_font_size=&#8220;36px&#8220; header_2_line_height=&#8220;1.2em&#8220; custom_margin=&#8220;||20px||false|false&#8220; header_2_font_size_tablet=&#8220;&#8220; header_2_font_size_phone=&#8220;24px&#8220; header_2_font_size_last_edited=&#8220;on|phone&#8220; global_colors_info=&#8220;{}&#8220;]<\/p>\n<h2>Mitgliedschaften<\/h2>\n<p>[\/et_pb_text][et_pb_divider color=&#8220;#315B84&#8243; divider_weight=&#8220;3px&#8220; _builder_version=&#8220;4.22.2&#8243; _module_preset=&#8220;default&#8220; max_width=&#8220;80px&#8220; custom_margin=&#8220;||5px||false|false&#8220; global_colors_info=&#8220;{}&#8220;][\/et_pb_divider][et_pb_text _builder_version=&#8220;4.24.0&#8243; _module_preset=&#8220;default&#8220; text_line_height=&#8220;1.8em&#8220; text_font_size_tablet=&#8220;&#8220; text_font_size_phone=&#8220;15px&#8220; text_font_size_last_edited=&#8220;on|phone&#8220; global_colors_info=&#8220;{}&#8220;]<\/p>\n<p>Unsere Mitgliedschaften in den f\u00fchrenden Branchenverb\u00e4nden spiegeln unser Engagement f\u00fcr Spitzenleistungen und f\u00fcr die neuesten Trends wieder. Es ist uns wichtig, sicherzustellen, dass wir unseren Kunden stets die bestm\u00f6gliche, aktuelle und effektive Beratung bieten k\u00f6nnen.<\/p>\n<p>[\/et_pb_text][dipi_carousel speed=&#8220;3000&#8243; loop_wide=&#8220;on&#8220; autoplay_wide=&#8220;on&#8220; continues_wide=&#8220;on&#8220; pause_on_hover_wide=&#8220;on&#8220; autoplay_speed_wide=&#8220;100&#8243; loop_mid=&#8220;on&#8220; autoplay_mid=&#8220;on&#8220; continues_mid=&#8220;on&#8220; pause_on_hover_mid=&#8220;on&#8220; loop_small=&#8220;on&#8220; autoplay_small=&#8220;on&#8220; continues_small=&#8220;on&#8220; pause_on_hover_small=&#8220;on&#8220; show_lightbox=&#8220;off&#8220; dynamic_bullets=&#8220;off&#8220; columns_tablet=&#8220;3&#8243; columns_phone=&#8220;1&#8243; columns_last_edited=&#8220;on|tablet&#8220; disabled_on=&#8220;off|off|off&#8220; _builder_version=&#8220;4.27.4&#8243; _module_preset=&#8220;default&#8220; global_colors_info=&#8220;{}&#8220;][dipi_carousel_child label=&#8220;Schweizerischer Arbeitgeberverband&#8220; img_src=&#8220;https:\/\/www.baltrag.com\/wp-content\/uploads\/2023\/12\/SAV.jpg&#8220; img_alt=&#8220;Schweizerischer Arbeitgeberverband&#8220; _builder_version=&#8220;4.24.2&#8243; _module_preset=&#8220;default&#8220; height=&#8220;230px&#8220; custom_padding=&#8220;0px||||false|false&#8220; link_option_url=&#8220;https:\/\/www.arbeitgeber.ch\/&#8220; link_option_url_new_window=&#8220;on&#8220; global_colors_info=&#8220;{}&#8220;][\/dipi_carousel_child][dipi_carousel_child label=&#8220;STEP \u2013 Advising Families Across Generations&#8220; img_src=&#8220;https:\/\/www.baltrag.com\/wp-content\/uploads\/2024\/01\/cropped-step_logo_strap_rgb.jpg&#8220; img_alt=&#8220;STEP \u2013 Familien generations\u00fcbergreifend beraten&#8220; _builder_version=&#8220;4.24.2&#8243; _module_preset=&#8220;default&#8220; custom_padding=&#8220;50px|20px||20px|false|false&#8220; link_option_url=&#8220;https:\/\/www.step.org\/&#8220; link_option_url_new_window=&#8220;on&#8220; global_colors_info=&#8220;{}&#8220;][\/dipi_carousel_child][dipi_carousel_child label=&#8220;Handelskammer beider Basel&#8220; img_src=&#8220;https:\/\/www.baltrag.com\/wp-content\/uploads\/2023\/12\/hkbb.svg&#8220; img_alt=&#8220;Handelskammer beider Basel&#8220; _builder_version=&#8220;4.24.2&#8243; _module_preset=&#8220;default&#8220; custom_margin=&#8220;||||false|false&#8220; custom_padding=&#8220;74px|20px||20px|false|false&#8220; link_option_url=&#8220;https:\/\/www.hkbb.ch&#8220; link_option_url_new_window=&#8220;on&#8220; global_colors_info=&#8220;{}&#8220;][\/dipi_carousel_child][dipi_carousel_child label=&#8220; IGUV Interessengemeinschaft unabh\u00e4ngiger Verm\u00f6gensverwalter&#8220; img_src=&#8220;https:\/\/www.baltrag.com\/wp-content\/uploads\/2023\/12\/iguv.png&#8220; img_alt=&#8220;  IGUV Interessengemeinschaft unabh\u00e4ngiger Verm\u00f6gensverwalter&#8220; _builder_version=&#8220;4.23.4&#8243; _module_preset=&#8220;default&#8220; custom_padding=&#8220;55px|20px||20px|false|false&#8220; link_option_url=&#8220;https:\/\/iguv.ch\/&#8220; link_option_url_new_window=&#8220;on&#8220; global_colors_info=&#8220;{}&#8220;][\/dipi_carousel_child][dipi_carousel_child label=&#8220;OFS Ombud Finance Switzerland&#8220; img_src=&#8220;https:\/\/www.baltrag.com\/wp-content\/uploads\/2023\/12\/OFS_bleu-transparent.png&#8220; img_alt=&#8220;OFS Ombudsstelle Finanzen Schweiz&#8220; _builder_version=&#8220;4.23.4&#8243; _module_preset=&#8220;default&#8220; custom_padding=&#8220;40px|20px||20px|false|false&#8220; link_option_url=&#8220;https:\/\/ombudfinance.ch\/&#8220; link_option_url_new_window=&#8220;on&#8220; global_colors_info=&#8220;{}&#8220;][\/dipi_carousel_child][dipi_carousel_child label=&#8220;AOOS \u2013 Schweizerische Aktiengesellschaft f\u00fcr Aufsicht&#8220; img_src=&#8220;https:\/\/www.baltrag.com\/wp-content\/uploads\/2023\/12\/aoos-2.png&#8220; img_alt=&#8220;AOOS \u2013 Schweizerische Aktiengesellschaft f\u00fcr Aufsicht&#8220; _builder_version=&#8220;4.23.4&#8243; _module_preset=&#8220;default&#8220; custom_padding=&#8220;52px|20px||20px|false|false&#8220; link_option_url=&#8220;https:\/\/www.aoos.ch\/&#8220; link_option_url_new_window=&#8220;on&#8220; global_colors_info=&#8220;{}&#8220;][\/dipi_carousel_child][dipi_carousel_child label=&#8220;VSV Verband Schweizerischer Verm\u00f6gensverwalter&#8220; img_src=&#8220;https:\/\/www.baltrag.com\/wp-content\/uploads\/2023\/12\/logo-asg.png&#8220; img_alt=&#8220;VSV Verband Schweizerischer Verm\u00f6gensverwalter&#8220; _builder_version=&#8220;4.23.4&#8243; _module_preset=&#8220;default&#8220; custom_padding=&#8220;69px|20px||20px|false|false&#8220; link_option_url=&#8220;https:\/\/www.vsv-asg.ch\/&#8220; global_colors_info=&#8220;{}&#8220;][\/dipi_carousel_child][\/dipi_carousel][et_pb_text _builder_version=&#8220;4.24.0&#8243; _module_preset=&#8220;default&#8220; text_orientation=&#8220;center&#8220; custom_margin=&#8220;50px||||false|false&#8220; locked=&#8220;off&#8220; global_colors_info=&#8220;{}&#8220;]Sie m\u00f6chten mehr \u00fcber unsere Leistungen erfahren?<\/p>\n<h3><a href=\"https:\/\/www.baltrag.com\/de\/dienstleistungen\/\">Bitte fahren Sie mit unseren Dienstleistungen fort<\/a>.<\/h3>\n<p>[\/et_pb_text][et_pb_image src=&#8220;https:\/\/www.baltrag.com\/wp-content\/uploads\/2024\/01\/baltrag_auge-1.png&#8220; alt=&#8220;Baltrag Logo&#8220; show_bottom_space=&#8220;off&#8220; align=&#8220;center&#8220; _builder_version=&#8220;4.24.2&#8243; _module_preset=&#8220;default&#8220; width=&#8220;50px&#8220; custom_margin=&#8220;||30px||false|false&#8220; custom_padding=&#8220;||||false|false&#8220; locked=&#8220;off&#8220; global_colors_info=&#8220;{}&#8220;][\/et_pb_image][\/et_pb_column][\/et_pb_row][\/et_pb_section]<\/p>\n","protected":false},"excerpt":{"rendered":"<p>Ihr unabh\u00e4ngiger Schweizer Verm\u00f6gensverwalter\u00dcber unsUnsere Gr\u00f6sse, finanzielle Unabh\u00e4ngigkeit und schlanke Organisationsstruktur erm\u00f6glicht es uns, schnell und unb\u00fcrokratisch zu reagieren und unsere Kunden k\u00f6nnen sich immer auf eine zeitnahe Antwort verlassen. Daraus resultiert auch eine sehr kurze Reaktionszeit bei Marktver\u00e4nderungen oder wenn sich kurzfristige Chancen ergeben.Als von der FINMA bewilligter Verm\u00f6gensverwalter in der Schweiz sind wir [&hellip;]<\/p>\n","protected":false},"author":1,"featured_media":0,"parent":0,"menu_order":0,"comment_status":"closed","ping_status":"closed","template":"","meta":{"_et_pb_use_builder":"on","_et_pb_old_content":"","_et_gb_content_width":"","footnotes":""},"class_list":["post-61119","page","type-page","status-publish","hentry"],"_links":{"self":[{"href":"https:\/\/www.baltrag.com\/de\/wp-json\/wp\/v2\/pages\/61119","targetHints":{"allow":["GET"]}}],"collection":[{"href":"https:\/\/www.baltrag.com\/de\/wp-json\/wp\/v2\/pages"}],"about":[{"href":"https:\/\/www.baltrag.com\/de\/wp-json\/wp\/v2\/types\/page"}],"author":[{"embeddable":true,"href":"https:\/\/www.baltrag.com\/de\/wp-json\/wp\/v2\/users\/1"}],"replies":[{"embeddable":true,"href":"https:\/\/www.baltrag.com\/de\/wp-json\/wp\/v2\/comments?post=61119"}],"version-history":[{"count":0,"href":"https:\/\/www.baltrag.com\/de\/wp-json\/wp\/v2\/pages\/61119\/revisions"}],"wp:attachment":[{"href":"https:\/\/www.baltrag.com\/de\/wp-json\/wp\/v2\/media?parent=61119"}],"curies":[{"name":"wp","href":"https:\/\/api.w.org\/{rel}","templated":true}]}}