{"id":61111,"date":"2021-04-16T13:55:14","date_gmt":"2021-04-16T11:55:14","guid":{"rendered":"https:\/\/www.baltrag.com\/kontaktieren-sie-uns\/"},"modified":"2026-04-02T07:37:29","modified_gmt":"2026-04-02T05:37:29","slug":"kontaktieren-sie-uns","status":"publish","type":"page","link":"https:\/\/www.baltrag.com\/de\/kontaktieren-sie-uns\/","title":{"rendered":"Kontaktieren Sie uns"},"content":{"rendered":"<p>[et_pb_section fb_built=&#8220;1&#8243; custom_padding_last_edited=&#8220;on|phone&#8220; _builder_version=&#8220;4.24.2&#8243; _module_preset=&#8220;47d802ce-8990-4ce7-848a-8543d1af340e&#8220; background_image=&#8220;https:\/\/www.baltrag.com\/wp-content\/uploads\/2024\/02\/luxury_sailboat_on_the_sea_sailing_fast.webp&#8220; background_enable_image=&#8220;on&#8220; background_position=&#8220;center&#8220; custom_padding_tablet=&#8220;&#8220; custom_padding_phone=&#8220;||||false|false&#8220; bottom_divider_color=&#8220;#E6EDF5&#8243; global_colors_info=&#8220;{}&#8220;][et_pb_row _builder_version=&#8220;4.22.2&#8243; _module_preset=&#8220;default&#8220; global_colors_info=&#8220;{}&#8220; width__hover_enabled=&#8220;on|desktop&#8220;][et_pb_column type=&#8220;4_4&#8243; _builder_version=&#8220;4.16&#8243; _module_preset=&#8220;default&#8220; global_colors_info=&#8220;{}&#8220;][et_pb_text _builder_version=&#8220;4.24.2&#8243; _module_preset=&#8220;be3e2c57-76fb-4d1a-942f-12e1313440cd&#8220; global_colors_info=&#8220;{}&#8220;]<\/p>\n<h1>Wir navigieren Sie durch die Komplexit\u00e4t der Finanzwelt<\/h1>\n<p>[\/et_pb_text][\/et_pb_column][\/et_pb_row][\/et_pb_section][et_pb_section fb_built=&#8220;1&#8243; custom_padding_last_edited=&#8220;on|phone&#8220; _builder_version=&#8220;4.24.0&#8243; _module_preset=&#8220;default&#8220; background_color=&#8220;#E6EDF5&#8243; background_enable_image=&#8220;off&#8220; custom_padding=&#8220;0px||0px||false|false&#8220; custom_padding_tablet=&#8220;||||false|false&#8220; custom_padding_phone=&#8220;&#8220; global_colors_info=&#8220;{}&#8220;][et_pb_row column_structure=&#8220;2_3,1_3&#8243; make_equal=&#8220;on&#8220; _builder_version=&#8220;4.24.0&#8243; _module_preset=&#8220;default&#8220; custom_padding=&#8220;||0px||false|false&#8220; global_colors_info=&#8220;{}&#8220;][et_pb_column type=&#8220;2_3&#8243; _builder_version=&#8220;4.23.4&#8243; _module_preset=&#8220;default&#8220; custom_padding=&#8220;||||false|false&#8220; global_colors_info=&#8220;{}&#8220;][et_pb_text _builder_version=&#8220;4.24.0&#8243; _module_preset=&#8220;default&#8220; header_2_font_size=&#8220;36px&#8220; header_2_line_height=&#8220;1.2em&#8220; custom_margin=&#8220;||20px||false|false&#8220; header_2_font_size_tablet=&#8220;&#8220; header_2_font_size_phone=&#8220;&#8220; header_2_font_size_last_edited=&#8220;on|tablet&#8220; global_colors_info=&#8220;{}&#8220;]<\/p>\n<h2>Kontaktieren Sie uns<\/h2>\n<p>[\/et_pb_text][et_pb_divider divider_weight=&#8220;3px&#8220; _builder_version=&#8220;4.24.0&#8243; _module_preset=&#8220;default&#8220; width=&#8220;80px&#8220; global_colors_info=&#8220;{}&#8220;][\/et_pb_divider][et_pb_contact_form email=&#8220;info@baltrag.com&#8220; custom_message=&#8220;Sie haben uns die folgenden Informationen \u00fcbermittelt:||et_pb_line_break_holder||||et_pb_line_break_holder||Titel: %%Titel%%||et_pb_line_break_holder||||et_pb_line_break_holder||Name: %%Name%%||et_pb_line_break_holder||||et_pb_line_break_holder||E-Mail: %%Email%%||et_pb_line_break_holder||||et_pb_line_break_holder||Betreff: %%subject%%||et_pb_line_break_holder||||et_pb_line_break_holder||Nachricht:||et_pb_line_break_holder||||et_pb_line_break_holder||%%Message%%||et_pb_line_break_holder||||et_pb_line_break_holder||||et_pb_line_break_holder||_____||et_pb_line_break_holder||||et_pb_line_break_holder||Baltrag &#8211; Verm\u00f6gensverwaltung||et_pb_line_break_holder||Aeschengraben 20||et_pb_line_break_holder||4051 Basel||et_pb_line_break_holder||Schweiz||et_pb_line_break_holder||||et_pb_line_break_holder||+41 61 272 16 00||et_pb_line_break_holder||info@baltrag.com&#8220; success_message=&#8220;&lt;p&gt;Ihre Anfrage wurde erfolgreich gesendet.&lt;\/p&gt;&#8220; _builder_version=&#8220;4.27.5&#8243; _module_preset=&#8220;default&#8220; _unique_id=&#8220;84c24d79-16e2-4cba-ba25-18987711def5&#8243; form_field_text_color=&#8220;#8CAFD1&#8243; form_field_focus_background_color=&#8220;#FFFFFF&#8220; form_field_focus_text_color=&#8220;#315B84&#8243; form_field_custom_padding=&#8220;|20px|16px|20px|false|false&#8220; form_field_font=&#8220;||||||||&#8220; form_field_font_size=&#8220;17px&#8220; custom_button=&#8220;on&#8220; button_border_width=&#8220;0px&#8220; button_border_radius=&#8220;38px&#8220; button_use_icon=&#8220;off&#8220; custom_padding=&#8220;|0px||0px|false|false&#8220; custom_css_captcha_field=&#8220;border-radius: 30px;&#8220; admin_email_from_name=&#8220;Baltrag&#8220; admin_email_bcc=&#8220;christian@dietlin.com&#8220; save_files_to_db=&#8220;off&#8220; send_files_as_attachment=&#8220;off&#8220; use_confirmation_email=&#8220;on&#8220; confirmation_email_field_id=&#8220;Email&#8220; confirmation_email_subject=&#8220;Ihre Nachricht an Baltrag&#8220; confirmation_email_from_name=&#8220;Baltrag&#8220; confirmation_email_from=&#8220;noreply@trumag-international.com&#8220; use_confirmation_message_richtext=&#8220;on&#8220; confirmation_message_richtext=&#8220;&lt;p&gt;Sie haben uns die folgenden Informationen geschickt:&lt;\/p&gt;<br \/>\n&lt;p&gt;&lt;strong&gt;Titel:&lt;\/strong&gt; %%Titel%%&lt;\/p&gt;<br \/>\n&lt;p&gt;&lt;strong&gt;Name:&lt;\/strong&gt; %%Name%%&lt;\/p&gt;<br \/>\n&lt;p&gt;&lt;strong&gt;E-Mail:&lt;\/strong&gt; %%Email%%&lt;\/p&gt;<br \/>\n&lt;p&gt;&lt;strong&gt;Thema:&lt;\/strong&gt; %%subject%%&lt;\/p&gt;<br \/>\n&lt;p&gt;&lt;strong&gt;Nachricht:&lt;\/strong&gt;&lt;\/p&gt;<br \/>\n&lt;p&gt;%%Message%%&lt;\/p&gt;<br \/>\n&lt;p&gt;_____&lt;\/p&gt;<br \/>\n&lt;p&gt;Baltrag &#8211; Asset Management&lt;br&gt;Aeschengraben 20&lt;br&gt;4051 Basel&lt;br&gt;Schweiz&lt;\/p&gt;<br \/>\n&lt;p&gt;+41 61 272 16 00&lt;br&gt;info@baltrag.com&lt;\/p&gt;&#8220; use_honeypot=&#8220;on&#8220; use_cloudflare_turnstile=&#8220;on&#8220; global_colors_info=&#8220;{}&#8220;][et_pb_contact_field field_id=&#8220;Titel&#8220; field_title=&#8220;Ihr Titel&#8220; _builder_version=&#8220;4.24.2&#8243; _module_preset=&#8220;default&#8220; form_field_background_color=&#8220;#FFFFFF&#8220; form_field_text_color=&#8220;#8CAFD1&#8243; width=&#8220;50%&#8220; global_colors_info=&#8220;{}&#8220;][\/et_pb_contact_field][et_pb_contact_field field_id=&#8220;Name&#8220; field_title=&#8220;Ihr Name&#8220; _builder_version=&#8220;4.24.2&#8243; form_field_background_color=&#8220;#FFFFFF&#8220; form_field_text_color=&#8220;#8CAFD1&#8243; border_width_all=&#8220;2px&#8220; border_color_all=&#8220;#FFFFFF&#8220; global_colors_info=&#8220;{}&#8220; button_text_size__hover_enabled=&#8220;off&#8220; button_one_text_size__hover_enabled=&#8220;off&#8220; button_two_text_size__hover_enabled=&#8220;off&#8220; button_text_color__hover_enabled=&#8220;off&#8220; button_one_text_color__hover_enabled=&#8220;off&#8220; button_two_text_color__hover_enabled=&#8220;off&#8220; button_border_width__hover_enabled=&#8220;off&#8220; button_one_border_width__hover_enabled=&#8220;off&#8220; button_two_border_width__hover_enabled=&#8220;off&#8220; button_border_color__hover_enabled=&#8220;off&#8220; button_one_border_color__hover_enabled=&#8220;off&#8220; button_two_border_color__hover_enabled=&#8220;off&#8220; button_border_radius__hover_enabled=&#8220;off&#8220; button_one_border_radius__hover_enabled=&#8220;off&#8220; button_two_border_radius__hover_enabled=&#8220;off&#8220; button_letter_spacing__hover_enabled=&#8220;off&#8220; button_one_letter_spacing__hover_enabled=&#8220;off&#8220; button_two_letter_spacing__hover_enabled=&#8220;off&#8220; button_bg_color__hover_enabled=&#8220;off&#8220; button_one_bg_color__hover_enabled=&#8220;off&#8220; button_two_bg_color__hover_enabled=&#8220;off&#8220;][\/et_pb_contact_field][et_pb_contact_field field_id=&#8220;Email&#8220; field_title=&#8220;Ihre E-Mail&#8220; field_type=&#8220;email&#8220; _builder_version=&#8220;4.24.2&#8243; form_field_background_color=&#8220;#FFFFFF&#8220; form_field_text_color=&#8220;#8CAFD1&#8243; border_width_all=&#8220;2px&#8220; border_color_all=&#8220;#FFFFFF&#8220; global_colors_info=&#8220;{}&#8220; button_text_size__hover_enabled=&#8220;off&#8220; button_one_text_size__hover_enabled=&#8220;off&#8220; button_two_text_size__hover_enabled=&#8220;off&#8220; button_text_color__hover_enabled=&#8220;off&#8220; button_one_text_color__hover_enabled=&#8220;off&#8220; button_two_text_color__hover_enabled=&#8220;off&#8220; button_border_width__hover_enabled=&#8220;off&#8220; button_one_border_width__hover_enabled=&#8220;off&#8220; button_two_border_width__hover_enabled=&#8220;off&#8220; button_border_color__hover_enabled=&#8220;off&#8220; button_one_border_color__hover_enabled=&#8220;off&#8220; button_two_border_color__hover_enabled=&#8220;off&#8220; button_border_radius__hover_enabled=&#8220;off&#8220; button_one_border_radius__hover_enabled=&#8220;off&#8220; button_two_border_radius__hover_enabled=&#8220;off&#8220; button_letter_spacing__hover_enabled=&#8220;off&#8220; button_one_letter_spacing__hover_enabled=&#8220;off&#8220; button_two_letter_spacing__hover_enabled=&#8220;off&#8220; button_bg_color__hover_enabled=&#8220;off&#8220; button_one_bg_color__hover_enabled=&#8220;off&#8220; button_two_bg_color__hover_enabled=&#8220;off&#8220;][\/et_pb_contact_field][et_pb_contact_field field_id=&#8220;subject&#8220; field_title=&#8220;Ihr Anliegen&#8220; field_type=&#8220;select&#8220; select_options=&#8220;%91{%22value%22:%22Verm\u00f6gens\u00ad\u00ad\u00ad\u00adverwaltung%22,%22checked%22:0,%22dragID%22:-1},{%22value%22:%22Portfolio Review%22,%22checked%22:0,%22dragID%22:1},{%22value%22:%22Finanzbuchhaltung%22,%22checked%22:0,%22dragID%22:2},{%22value%22:%22Finanzberatung%22,%22checked%22:0,%22dragID%22:0}%93&#8243; required_mark=&#8220;off&#8220; _builder_version=&#8220;4.24.2&#8243; _module_preset=&#8220;default&#8220; form_field_background_color=&#8220;#FFFFFF&#8220; form_field_text_color=&#8220;#8CAFD1&#8243; global_colors_info=&#8220;{}&#8220;][\/et_pb_contact_field][et_pb_contact_field field_id=&#8220;Message&#8220; field_title=&#8220;Nachricht&#8220; field_type=&#8220;text&#8220; required_mark=&#8220;off&#8220; fullwidth_field=&#8220;on&#8220; _builder_version=&#8220;4.24.2&#8243; form_field_background_color=&#8220;#FFFFFF&#8220; form_field_text_color=&#8220;#8CAFD1&#8243; global_colors_info=&#8220;{}&#8220; button_text_size__hover_enabled=&#8220;off&#8220; button_one_text_size__hover_enabled=&#8220;off&#8220; button_two_text_size__hover_enabled=&#8220;off&#8220; button_text_color__hover_enabled=&#8220;off&#8220; button_one_text_color__hover_enabled=&#8220;off&#8220; button_two_text_color__hover_enabled=&#8220;off&#8220; button_border_width__hover_enabled=&#8220;off&#8220; button_one_border_width__hover_enabled=&#8220;off&#8220; button_two_border_width__hover_enabled=&#8220;off&#8220; button_border_color__hover_enabled=&#8220;off&#8220; button_one_border_color__hover_enabled=&#8220;off&#8220; button_two_border_color__hover_enabled=&#8220;off&#8220; button_border_radius__hover_enabled=&#8220;off&#8220; button_one_border_radius__hover_enabled=&#8220;off&#8220; button_two_border_radius__hover_enabled=&#8220;off&#8220; button_letter_spacing__hover_enabled=&#8220;off&#8220; button_one_letter_spacing__hover_enabled=&#8220;off&#8220; button_two_letter_spacing__hover_enabled=&#8220;off&#8220; button_bg_color__hover_enabled=&#8220;off&#8220; button_one_bg_color__hover_enabled=&#8220;off&#8220; button_two_bg_color__hover_enabled=&#8220;off&#8220;][\/et_pb_contact_field][\/et_pb_contact_form][et_pb_text _builder_version=&#8220;4.24.0&#8243; _module_preset=&#8220;default&#8220; custom_margin=&#8220;||50px||false|false&#8220; global_colors_info=&#8220;{}&#8220;]<\/p>\n<p>Sie erhalten eine Kopie Ihrer Nachricht per E-Mail. Wir sch\u00fctzen Ihre Privatsph\u00e4re und geben Ihre Daten niemals an Dritte weiter. Unsere Website und dieses Formular sind SSL-verschl\u00fcsselt. Unsere Datenschutzerkl\u00e4rung finden Sie <a href=\"https:\/\/www.baltrag.com\/de\/datenschutz\/\">hier<\/a>.<\/p>\n<p>[\/et_pb_text][\/et_pb_column][et_pb_column type=&#8220;1_3&#8243; module_class=&#8220;dp-vertical-align&#8220; _builder_version=&#8220;4.24.0&#8243; _module_preset=&#8220;default&#8220; background_enable_color=&#8220;off&#8220; custom_padding=&#8220;||||false|false&#8220; custom_css_main_element=&#8220;display: flex;||align-items: flex-end;&#8220; global_colors_info=&#8220;{}&#8220;][et_pb_image src=&#8220;https:\/\/www.baltrag.com\/wp-content\/uploads\/2024\/01\/Claude-Crelier.webp&#8220; alt=&#8220;Claude Crelier Baltrag&#8220; title_text=&#8220;Claude Crelier Baltrag&#8220; show_bottom_space=&#8220;off&#8220; align=&#8220;center&#8220; _builder_version=&#8220;4.24.2&#8243; _module_preset=&#8220;default&#8220; custom_margin=&#8220;||0px||false|false&#8220; global_colors_info=&#8220;{}&#8220;][\/et_pb_image][\/et_pb_column][\/et_pb_row][\/et_pb_section][et_pb_section fb_built=&#8220;1&#8243; custom_padding_last_edited=&#8220;on|desktop&#8220; _builder_version=&#8220;4.23.4&#8243; _module_preset=&#8220;default&#8220; background_enable_image=&#8220;off&#8220; custom_padding=&#8220;||||false|false&#8220; custom_padding_tablet=&#8220;40px||||false|false&#8220; custom_padding_phone=&#8220;&#8220; global_colors_info=&#8220;{}&#8220;][et_pb_row column_structure=&#8220;1_2,1_2&#8243; custom_padding_last_edited=&#8220;on|phone&#8220; _builder_version=&#8220;4.24.2&#8243; _module_preset=&#8220;default&#8220; custom_padding_tablet=&#8220;&#8220; custom_padding_phone=&#8220;||0px||false|false&#8220; global_colors_info=&#8220;{}&#8220;][et_pb_column type=&#8220;1_2&#8243; _builder_version=&#8220;4.22.2&#8243; _module_preset=&#8220;default&#8220; global_colors_info=&#8220;{}&#8220;][et_pb_text _builder_version=&#8220;4.24.0&#8243; _module_preset=&#8220;default&#8220; header_2_font_size=&#8220;36px&#8220; custom_margin=&#8220;||20px||false|false&#8220; global_colors_info=&#8220;{}&#8220;]<\/p>\n<h2>Ihr Weg zur Baltrag<\/h2>\n<p>[\/et_pb_text][et_pb_divider divider_weight=&#8220;3px&#8220; _builder_version=&#8220;4.24.0&#8243; _module_preset=&#8220;default&#8220; width=&#8220;80px&#8220; global_colors_info=&#8220;{}&#8220;][\/et_pb_divider][et_pb_text _builder_version=&#8220;4.24.0&#8243; _module_preset=&#8220;default&#8220; header_2_font_size=&#8220;36px&#8220; global_colors_info=&#8220;{}&#8220;]<\/p>\n<p>Unser B\u00fcro befindet sich f\u00fcnf Gehminuten vom Hauptbahnhof Basel und f\u00fcnfzehn Autominuten vom EuroAirport Basel-Mulhouse-Freiburg entfernt. Basel ist eine Flugstunde von den wichtigsten St\u00e4dten Europas entfernt.<\/p>\n<p>[\/et_pb_text][\/et_pb_column][et_pb_column type=&#8220;1_2&#8243; _builder_version=&#8220;4.22.2&#8243; _module_preset=&#8220;default&#8220; global_colors_info=&#8220;{}&#8220;][\/et_pb_column][\/et_pb_row][et_pb_row column_structure=&#8220;1_3,2_3&#8243; custom_padding_last_edited=&#8220;on|phone&#8220; _builder_version=&#8220;4.24.2&#8243; _module_preset=&#8220;default&#8220; custom_padding_tablet=&#8220;&#8220; custom_padding_phone=&#8220;0px||||false|false&#8220; global_colors_info=&#8220;{}&#8220;][et_pb_column type=&#8220;1_3&#8243; _builder_version=&#8220;4.23.1&#8243; _module_preset=&#8220;default&#8220; global_colors_info=&#8220;{}&#8220;][et_pb_image src=&#8220;https:\/\/www.baltrag.com\/wp-content\/uploads\/2026\/04\/aeschengraben.jpg&#8220; alt=&#8220;Aeschengraben 20 Basel&#8220; title_text=&#8220;aeschengraben&#8220; _builder_version=&#8220;4.27.6&#8243; _module_preset=&#8220;default&#8220; hover_enabled=&#8220;0&#8243; global_colors_info=&#8220;{}&#8220; sticky_enabled=&#8220;0&#8243;][\/et_pb_image][\/et_pb_column][et_pb_column type=&#8220;2_3&#8243; _builder_version=&#8220;4.23.1&#8243; _module_preset=&#8220;default&#8220; global_colors_info=&#8220;{}&#8220;][et_pb_image src=&#8220;https:\/\/www.baltrag.com\/wp-content\/uploads\/2025\/06\/map-2025.png&#8220; alt=&#8220;Baltrag in Basel, Schweiz&#8220; title_text=&#8220;Karte-2025&#8243; url=&#8220;https:\/\/maps.app.goo.gl\/qTdupszSXUDgXjwYA&#8220; url_new_window=&#8220;on&#8220; _builder_version=&#8220;4.27.4&#8243; _module_preset=&#8220;default&#8220; custom_margin=&#8220;||0px||false|false&#8220; custom_padding=&#8220;||||false|false&#8220; global_colors_info=&#8220;{}&#8220;][\/et_pb_image][et_pb_text _builder_version=&#8220;4.22.2&#8243; _module_preset=&#8220;default&#8220; link_text_color=&#8220;#1F1F1F&#8220; global_colors_info=&#8220;{}&#8220;]<\/p>\n<p><a href=\"https:\/\/maps.app.goo.gl\/PCFuEq4o7FHsjprGA\" target=\"_blank\" rel=\"noopener\">In Google Maps \u00f6ffnen<\/a><\/p>\n<p>[\/et_pb_text][\/et_pb_column][\/et_pb_row][et_pb_row _builder_version=&#8220;4.23.4&#8243; _module_preset=&#8220;default&#8220; global_colors_info=&#8220;{}&#8220;][et_pb_column type=&#8220;4_4&#8243; _builder_version=&#8220;4.23.4&#8243; _module_preset=&#8220;default&#8220; global_colors_info=&#8220;{}&#8220;][et_pb_text _builder_version=&#8220;4.24.0&#8243; _module_preset=&#8220;default&#8220; text_orientation=&#8220;center&#8220; global_colors_info=&#8220;{}&#8220;]<\/p>\n<p>Vielen Dank f\u00fcr Ihren Besuch auf unserer Website. Jetzt haben Sie sich einen Kaffee verdient.<\/p>\n<h3>Wir w\u00fcrden uns freuen, Sie an Bord zu haben. Hinterlassen Sie uns einfach eine <a href=\"mailto:info@baltrag.com\">Nachricht<\/a> oder <a href=\"tel:+41612721600\">rufen Sie uns an<\/a>.<\/h3>\n<p>[\/et_pb_text][et_pb_image src=&#8220;https:\/\/www.baltrag.com\/wp-content\/uploads\/2024\/01\/baltrag_auge-1.png&#8220; title_text=&#8220;baltrag_auge&#8220; show_bottom_space=&#8220;off&#8220; align=&#8220;center&#8220; _builder_version=&#8220;4.24.0&#8243; _module_preset=&#8220;default&#8220; width=&#8220;50px&#8220; custom_margin=&#8220;||30px||false|false&#8220; custom_padding=&#8220;||||false|false&#8220; locked=&#8220;off&#8220; global_colors_info=&#8220;{}&#8220;][\/et_pb_image][\/et_pb_column][\/et_pb_row][\/et_pb_section]<\/p>\n","protected":false},"excerpt":{"rendered":"<p>Wir navigieren Sie durch die Komplexit\u00e4t der FinanzweltKontaktieren Sie unsSie erhalten eine Kopie Ihrer Nachricht per E-Mail. Wir sch\u00fctzen Ihre Privatsph\u00e4re und geben Ihre Daten niemals an Dritte weiter. Unsere Website und dieses Formular sind SSL-verschl\u00fcsselt. Unsere Datenschutzerkl\u00e4rung finden Sie hier.Ihr Weg zur BaltragUnser B\u00fcro befindet sich f\u00fcnf Gehminuten vom Hauptbahnhof Basel und f\u00fcnfzehn Autominuten [&hellip;]<\/p>\n","protected":false},"author":1,"featured_media":0,"parent":0,"menu_order":0,"comment_status":"closed","ping_status":"closed","template":"","meta":{"_et_pb_use_builder":"on","_et_pb_old_content":"","_et_gb_content_width":"","footnotes":""},"class_list":["post-61111","page","type-page","status-publish","hentry"],"_links":{"self":[{"href":"https:\/\/www.baltrag.com\/de\/wp-json\/wp\/v2\/pages\/61111","targetHints":{"allow":["GET"]}}],"collection":[{"href":"https:\/\/www.baltrag.com\/de\/wp-json\/wp\/v2\/pages"}],"about":[{"href":"https:\/\/www.baltrag.com\/de\/wp-json\/wp\/v2\/types\/page"}],"author":[{"embeddable":true,"href":"https:\/\/www.baltrag.com\/de\/wp-json\/wp\/v2\/users\/1"}],"replies":[{"embeddable":true,"href":"https:\/\/www.baltrag.com\/de\/wp-json\/wp\/v2\/comments?post=61111"}],"version-history":[{"count":0,"href":"https:\/\/www.baltrag.com\/de\/wp-json\/wp\/v2\/pages\/61111\/revisions"}],"wp:attachment":[{"href":"https:\/\/www.baltrag.com\/de\/wp-json\/wp\/v2\/media?parent=61111"}],"curies":[{"name":"wp","href":"https:\/\/api.w.org\/{rel}","templated":true}]}}