{"id":61109,"date":"2023-10-01T07:49:54","date_gmt":"2023-10-01T05:49:54","guid":{"rendered":"https:\/\/www.baltrag.com\/datenschutz\/"},"modified":"2025-10-28T22:16:52","modified_gmt":"2025-10-28T21:16:52","slug":"datenschutz","status":"publish","type":"page","link":"https:\/\/www.baltrag.com\/de\/datenschutz\/","title":{"rendered":"Datenschutz"},"content":{"rendered":"<p>[et_pb_section fb_built=&#8220;1&#8243; _builder_version=&#8220;4.24.2&#8243; _module_preset=&#8220;47d802ce-8990-4ce7-848a-8543d1af340e&#8220; background_image=&#8220;https:\/\/www.baltrag.com\/wp-content\/uploads\/2024\/02\/claude-daniela-baltrag.webp&#8220; background_enable_image=&#8220;on&#8220; background_vertical_offset=&#8220;11%&#8220; global_colors_info=&#8220;{}&#8220;][et_pb_row _builder_version=&#8220;4.24.0&#8243; _module_preset=&#8220;default&#8220; global_colors_info=&#8220;{}&#8220;][et_pb_column type=&#8220;4_4&#8243; _builder_version=&#8220;4.24.0&#8243; _module_preset=&#8220;default&#8220; global_colors_info=&#8220;{}&#8220;][et_pb_text _builder_version=&#8220;4.24.0&#8243; _module_preset=&#8220;be3e2c57-76fb-4d1a-942f-12e1313440cd&#8220; global_colors_info=&#8220;{}&#8220;]<\/p>\n<h1>Der Schutz Ihrer personenbezogenen Daten ist uns ein wichtiges Anliegen.<\/h1>\n<p>[\/et_pb_text][\/et_pb_column][\/et_pb_row][\/et_pb_section][et_pb_section fb_built=&#8220;1&#8243; _builder_version=&#8220;4.24.0&#8243; _module_preset=&#8220;default&#8220; background_color=&#8220;#FFFFFF&#8220; custom_padding=&#8220;0px||||false|false&#8220; global_colors_info=&#8220;{}&#8220;][et_pb_row _builder_version=&#8220;4.24.2&#8243; _module_preset=&#8220;default&#8220; custom_padding=&#8220;||0px||false|false&#8220; global_colors_info=&#8220;{}&#8220;][et_pb_column type=&#8220;4_4&#8243; _builder_version=&#8220;4.16&#8243; _module_preset=&#8220;default&#8220; global_colors_info=&#8220;{}&#8220;][et_pb_text _builder_version=&#8220;4.24.0&#8243; _module_preset=&#8220;default&#8220; header_text_align=&#8220;left&#8220; header_2_text_align=&#8220;left&#8220; header_2_text_color=&#8220;#315B84&#8243; header_2_font_size=&#8220;36px&#8220; header_2_line_height=&#8220;1.2em&#8220; text_orientation=&#8220;center&#8220; custom_margin=&#8220;||20px||false|false&#8220; header_2_font_size_tablet=&#8220;&#8220; header_2_font_size_phone=&#8220;&#8220; header_2_font_size_last_edited=&#8220;on|phone&#8220; global_colors_info=&#8220;{}&#8220;]<\/p>\n<h2>Datenschutz<\/h2>\n<p>[\/et_pb_text][et_pb_divider divider_weight=&#8220;3px&#8220; _builder_version=&#8220;4.22.2&#8243; _module_preset=&#8220;default&#8220; max_width=&#8220;80px&#8220; module_alignment=&#8220;left&#8220; custom_margin=&#8220;||5px||false|false&#8220; global_colors_info=&#8220;{}&#8220;][\/et_pb_divider][\/et_pb_column][\/et_pb_row][et_pb_row _builder_version=&#8220;4.16&#8243; _module_preset=&#8220;default&#8220; global_colors_info=&#8220;{}&#8220;][et_pb_column type=&#8220;4_4&#8243; _builder_version=&#8220;4.16&#8243; _module_preset=&#8220;default&#8220; global_colors_info=&#8220;{}&#8220;][et_pb_text _builder_version=&#8220;4.24.0&#8243; _module_preset=&#8220;_initial&#8220; text_font_size=&#8220;15px&#8220; text_line_height=&#8220;1.8em&#8220; width=&#8220;100%&#8220; max_width=&#8220;900px&#8220; global_colors_info=&#8220;{}&#8220;]<\/p>\n<h3>Allgemeine Informationen<\/h3>\n<p>Die Nutzung unserer Website ist in der Regel ohne Angabe personenbezogener Daten m\u00f6glich. Soweit auf unseren Seiten personenbezogene Daten (beispielsweise Name, Anschrift oder eMail-Adressen) erhoben werden, erfolgt dies, soweit m\u00f6glich, stets auf freiwilliger Basis. Diese Daten werden ohne Ihre ausdr\u00fcckliche Zustimmung nicht an Dritte weitergegeben. Wir weisen darauf hin, dass die Daten\u00fcbertragung im Internet (z.B. bei der Kommunikation per E-Mail) Sicherheitsl\u00fccken aufweisen kann. Ein vollst\u00e4ndiger Schutz der Daten vor dem Zugriff durch Dritte ist nicht m\u00f6glich. Die Betreiber dieser Website nehmen den Schutz Ihrer pers\u00f6nlichen Daten sehr ernst. Wir behandeln Ihre pers\u00f6nlichen Daten vertraulich.<\/p>\n<h3>Welche pers\u00f6nlichen Daten wir sammeln und warum wir sie sammeln<\/h3>\n<p>Wenn Sie auf diese Website zugreifen, werden automatisch Informationen allgemeiner Art erfasst. Diese Informationen werden in der Server-Protokolldatei aufgezeichnet und umfassen die Art des Webbrowsers, das verwendete Betriebssystem, den Domainnamen Ihres Internetanbieters, Ihre IP-Adresse und \u00e4hnliches. Dies geschieht aus folgendem Grund:<\/p>\n<ul>\n<li>Um eine reibungslose Verbindung zur Website zu gew\u00e4hrleisten<\/li>\n<li>Um die reibungslose Nutzung unserer Website zu gew\u00e4hrleisten<\/li>\n<li>um die Sicherheit und Stabilit\u00e4t des Systems zu bewerten und<\/li>\n<li>f\u00fcr andere administrative Zwecke<\/li>\n<\/ul>\n<p>Ihre Daten werden nicht verwendet, um R\u00fcckschl\u00fcsse auf Ihre Person zu ziehen. Informationen dieser Art werden nur statistisch ausgewertet, um unsere Website und die dahinter stehende Technik zu optimieren. Diese Daten werden nicht mit anderen Datenquellen zusammengef\u00fchrt. Wir behalten uns das Recht vor, diese Daten nachtr\u00e4glich zu pr\u00fcfen, wenn uns konkrete Anhaltspunkte f\u00fcr eine rechtswidrige Nutzung bekannt werden.<\/p>\n<h3>Daten, die wir verarbeiten, um die Nutzung unserer Website zu analysieren und zu verbessern<\/h3>\n<p>Wir verwenden auf unserer Website die kostenlose Open-Source-Software Matomo, um die Nutzung unserer Website datenschonend zu analysieren und Informationen zur Verbesserung unserer Dienste zu erhalten. Daran haben wir ein legitimes, \u00fcbergeordnetes Interesse. Wir betreiben Matomo auf unserer eigenen Infrastruktur, so dass keine Daten an Server \u00fcbertragen werden, die sich au\u00dferhalb der Kontrolle von Baltrag befinden. Wir verwenden nur Matomo mit aktivierter IP-Anonymisierung. Das bedeutet, dass IP-Adressen in verk\u00fcrzter Form verarbeitet werden und ein direkter Personenbezug ausgeschlossen ist.<\/p>\n<h3>Kontaktformulare<\/h3>\n<p>Die von Ihnen eingegebenen Daten werden zum Zweck der individuellen Kommunikation mit Ihnen gespeichert. Dazu m\u00fcssen Sie eine g\u00fcltige E-Mail-Adresse sowie Ihren Titel und Namen angeben. Diese werden verwendet, um die Anfrage zuzuordnen und sie anschlie\u00dfend zu beantworten. Die Angabe weiterer Daten ist optional. Wir geben die eingegebenen Daten nicht ohne Ihre Zustimmung weiter und behandeln sie vertraulich.<\/p>\n<h3>Links<\/h3>\n<p>Die Website enth\u00e4lt Links zu elektronischen Diensten (Websites einschlie\u00dflich sozialer Medien) von Drittanbietern, die von uns weder betrieben noch \u00fcberwacht werden. Bitte beachten Sie, dass solche elektronischen Dienste von Drittanbietern nicht dieser Datenschutzrichtlinie unterliegen und dass wir weder f\u00fcr deren Inhalt noch f\u00fcr die Datenverarbeitungsrichtlinien dieser Anbieter verantwortlich sind. In diesem Zusammenhang empfehlen wir Ihnen, die Datenschutzerkl\u00e4rungen oder Nutzungsbedingungen f\u00fcr die jeweiligen elektronischen Dienste der Drittanbieter zu lesen und zu \u00fcberpr\u00fcfen.<\/p>\n<h3>Betrieb der Website durch Dritte (Hosting)<\/h3>\n<p>Wir haben Cyon.ch mit Sitz in Basel (Schweiz) mit der Bereitstellung und technischen Unterst\u00fctzung unserer Plattform (Webserverbetrieb, Hosting) beauftragt. Soweit Daten \u00fcbermittelt, gespeichert und verarbeitet werden, geschieht dies nach den Vorgaben des Plattformbetreibers und im Rahmen der Auftragsabwicklung und im Rahmen der Auftragsabwicklung gem\u00e4ss den geltenden Datenschutzgesetzen.<\/p>\n<h3>SSL-Verschl\u00fcsselung<\/h3>\n<p>Um die Sicherheit Ihrer Daten w\u00e4hrend der \u00dcbertragung zu sch\u00fctzen, verwenden wir modernste Verschl\u00fcsselungsmethoden (z.B. SSL) \u00fcber HTTPS.<\/p>\n<h3>Information, L\u00f6schung und Sperrung<\/h3>\n<p>Sie erhalten Auskunft \u00fcber die von uns \u00fcber Sie gespeicherten personenbezogenen Daten sowie \u00fcber die Herkunft, den Empf\u00e4nger und den Zweck der Datenerhebung und Datenverarbeitung. Sie k\u00f6nnen die L\u00f6schung aller personenbezogenen Daten verlangen, die wir \u00fcber Sie gespeichert haben. Dies gilt nicht f\u00fcr Daten, die wir aus administrativen, rechtlichen oder Sicherheitsgr\u00fcnden aufbewahren m\u00fcssen.<br \/>Sie haben auch das Recht, die Berichtigung, Sperrung oder L\u00f6schung Ihrer Daten zu verlangen. Dies gilt nicht f\u00fcr Daten, die aufgrund gesetzlicher Vorschriften gespeichert werden oder f\u00fcr eine ordnungsgem\u00e4\u00dfe Gesch\u00e4ftsabwicklung erforderlich sind. Um sicherzustellen, dass die Daten jederzeit gesperrt werden k\u00f6nnen, k\u00f6nnen die Daten zu Kontrollzwecken in einer Sperrdatei gespeichert werden. Wenn die Daten nicht unter eine gesetzliche Archivierungspflicht fallen, werden wir Ihre Daten auf Ihren Wunsch hin l\u00f6schen. Wenn die Archivierungspflicht gilt, werden wir Ihre Daten sperren.<\/p>\n<h3>Nutzungsbedinungen<\/h3>\n<p>Diese Datenschutzerkl\u00e4rung informiert Sie \u00fcber die Erfassung von personenbezogenen Daten w\u00e4hrend Ihres Besuchs auf dieser Website. Durch die Nutzung dieser Website erkl\u00e4ren Sie sich mit der Verarbeitung Ihrer pers\u00f6nlichen Daten in \u00dcbereinstimmung mit dieser Datenschutzerkl\u00e4rung einverstanden. Die Erfassung und Verarbeitung Ihrer personenbezogenen Daten erfolgt unter Einhaltung der geltenden Datenschutzgesetze und -anforderungen. Dar\u00fcber hinaus \u00fcbernimmt die Baltrag AG keinerlei Haftung f\u00fcr die Nutzung dieser Website.<br \/>Die Betreiber dieser Website nehmen den Schutz Ihrer pers\u00f6nlichen Daten sehr ernst. Wir behandeln Ihre pers\u00f6nlichen Daten vertraulich.<\/p>\n<h3>Fragen an den Datenschutzbeauftragten<\/h3>\n<p>Wenn Sie Fragen zum Datenschutz haben, wenden Sie sich bitte an unseren Datenschutzbeauftragten oder an die im Impressum angegebene Adresse.<\/p>\n<h3>\u00c4nderungen<\/h3>\n<p>Wir k\u00f6nnen diese Datenschutzrichtlinie jederzeit ohne vorherige Ank\u00fcndigung \u00e4ndern. Es gilt die aktuelle Version, die auf unserer Website ver\u00f6ffentlicht ist.<\/p>\n<p>Basel, 1. Februar 2024<\/p>\n<p>Baltrag AG<br \/>Aeschengraben 20<br \/>4051 Basel<br \/>Schweiz<br \/>www.baltrag.com<\/p>\n<p>[\/et_pb_text][\/et_pb_column][\/et_pb_row][\/et_pb_section]<\/p>\n","protected":false},"excerpt":{"rendered":"<p>Der Schutz Ihrer personenbezogenen Daten ist uns ein wichtiges Anliegen.DatenschutzAllgemeine Informationen Die Nutzung unserer Website ist in der Regel ohne Angabe personenbezogener Daten m\u00f6glich. Soweit auf unseren Seiten personenbezogene Daten (beispielsweise Name, Anschrift oder eMail-Adressen) erhoben werden, erfolgt dies, soweit m\u00f6glich, stets auf freiwilliger Basis. Diese Daten werden ohne Ihre ausdr\u00fcckliche Zustimmung nicht an Dritte [&hellip;]<\/p>\n","protected":false},"author":1,"featured_media":0,"parent":0,"menu_order":0,"comment_status":"closed","ping_status":"closed","template":"","meta":{"_et_pb_use_builder":"on","_et_pb_old_content":"","_et_gb_content_width":"","footnotes":""},"class_list":["post-61109","page","type-page","status-publish","hentry"],"_links":{"self":[{"href":"https:\/\/www.baltrag.com\/de\/wp-json\/wp\/v2\/pages\/61109","targetHints":{"allow":["GET"]}}],"collection":[{"href":"https:\/\/www.baltrag.com\/de\/wp-json\/wp\/v2\/pages"}],"about":[{"href":"https:\/\/www.baltrag.com\/de\/wp-json\/wp\/v2\/types\/page"}],"author":[{"embeddable":true,"href":"https:\/\/www.baltrag.com\/de\/wp-json\/wp\/v2\/users\/1"}],"replies":[{"embeddable":true,"href":"https:\/\/www.baltrag.com\/de\/wp-json\/wp\/v2\/comments?post=61109"}],"version-history":[{"count":0,"href":"https:\/\/www.baltrag.com\/de\/wp-json\/wp\/v2\/pages\/61109\/revisions"}],"wp:attachment":[{"href":"https:\/\/www.baltrag.com\/de\/wp-json\/wp\/v2\/media?parent=61109"}],"curies":[{"name":"wp","href":"https:\/\/api.w.org\/{rel}","templated":true}]}}