{"id":61106,"date":"2021-04-14T14:29:32","date_gmt":"2021-04-14T12:29:32","guid":{"rendered":"https:\/\/www.baltrag.com\/dienstleistungen\/"},"modified":"2024-09-28T18:38:26","modified_gmt":"2024-09-28T16:38:26","slug":"dienstleistungen","status":"publish","type":"page","link":"https:\/\/www.baltrag.com\/de\/dienstleistungen\/","title":{"rendered":"Dienstleistungen"},"content":{"rendered":"<p>[et_pb_section fb_built=&#8220;1&#8243; custom_padding_last_edited=&#8220;on|phone&#8220; disabled_on=&#8220;off|off|off&#8220; _builder_version=&#8220;4.24.2&#8243; _module_preset=&#8220;47d802ce-8990-4ce7-848a-8543d1af340e&#8220; background_image=&#8220;https:\/\/www.baltrag.com\/wp-content\/uploads\/2024\/02\/ariane-eva-2-1.webp&#8220; background_enable_image=&#8220;on&#8220; custom_padding_tablet=&#8220;&#8220; custom_padding_phone=&#8220;||||false|false&#8220; global_colors_info=&#8220;{}&#8220;][et_pb_row _builder_version=&#8220;4.22.2&#8243; _module_preset=&#8220;default&#8220; global_colors_info=&#8220;{}&#8220;][et_pb_column type=&#8220;4_4&#8243; _builder_version=&#8220;4.22.2&#8243; _module_preset=&#8220;default&#8220; global_colors_info=&#8220;{}&#8220;][et_pb_text _builder_version=&#8220;4.24.2&#8243; _module_preset=&#8220;be3e2c57-76fb-4d1a-942f-12e1313440cd&#8220; global_colors_info=&#8220;{}&#8220;]<\/p>\n<h1>Erreichen Sie Ihre finanziellen Ziele <\/h1>\n<p>[\/et_pb_text][\/et_pb_column][\/et_pb_row][\/et_pb_section][et_pb_section fb_built=&#8220;1&#8243; custom_padding_last_edited=&#8220;on|desktop&#8220; disabled_on=&#8220;off|off|off&#8220; _builder_version=&#8220;4.24.0&#8243; _module_preset=&#8220;default&#8220; background_enable_image=&#8220;off&#8220; custom_padding=&#8220;0px||||false|false&#8220; custom_padding_tablet=&#8220;||||false|false&#8220; custom_padding_phone=&#8220;&#8220; global_colors_info=&#8220;{}&#8220;][et_pb_row use_custom_gutter=&#8220;on&#8220; _builder_version=&#8220;4.24.2&#8243; _module_preset=&#8220;default&#8220; custom_padding=&#8220;||||false|false&#8220; global_colors_info=&#8220;{}&#8220;][et_pb_column type=&#8220;4_4&#8243; module_class=&#8220;dp-vertical-align&#8220; _builder_version=&#8220;4.22.2&#8243; _module_preset=&#8220;default&#8220; global_colors_info=&#8220;{}&#8220;][et_pb_text _builder_version=&#8220;4.24.0&#8243; _module_preset=&#8220;default&#8220; header_2_text_color=&#8220;#315B84&#8243; header_2_font_size=&#8220;36px&#8220; header_2_line_height=&#8220;1.2em&#8220; custom_margin=&#8220;||20px||false|false&#8220; header_2_font_size_tablet=&#8220;&#8220; header_2_font_size_phone=&#8220;&#8220; header_2_font_size_last_edited=&#8220;on|phone&#8220; global_colors_info=&#8220;{}&#8220;]<\/p>\n<h2>Dienstleistungen<\/h2>\n<p>[\/et_pb_text][et_pb_divider color=&#8220;#315B84&#8243; divider_weight=&#8220;3px&#8220; _builder_version=&#8220;4.22.2&#8243; _module_preset=&#8220;default&#8220; max_width=&#8220;80px&#8220; custom_margin=&#8220;||5px||false|false&#8220; global_colors_info=&#8220;{}&#8220;][\/et_pb_divider][\/et_pb_column][\/et_pb_row][et_pb_row column_structure=&#8220;1_2,1_2&#8243; _builder_version=&#8220;4.23.4&#8243; _module_preset=&#8220;default&#8220; custom_padding=&#8220;0px||||false|false&#8220; global_colors_info=&#8220;{}&#8220;][et_pb_column type=&#8220;1_2&#8243; _builder_version=&#8220;4.22.2&#8243; _module_preset=&#8220;default&#8220; global_colors_info=&#8220;{}&#8220;][et_pb_blurb title=&#8220;Verm\u00f6gens\u00ad\u00ad\u00ad\u00adverwaltung&#8220; image=&#8220;https:\/\/www.baltrag.com\/wp-content\/uploads\/2024\/01\/diamond-asset-management.png&#8220; alt=&#8220;Verm\u00f6gensverwaltung&#8220; _builder_version=&#8220;4.24.0&#8243; _module_preset=&#8220;default&#8220; header_font_size_tablet=&#8220;20px&#8220; header_font_size_phone=&#8220;20px&#8220; global_colors_info=&#8220;{}&#8220;]<\/p>\n<p>Unsere Experten bieten Ihnen personalisierte und spezialisierte Anlagestrategien, um Ihr finanzielles Potenzial auszusch\u00f6pfen. Sie werden ein hohes Ma\u00df an Kundenengagement und Flexibilit\u00e4t erleben im Vergleich zu gr\u00f6\u00dferen Institutionen.<\/p>\n<p>Wir konzentrieren uns auf ein Kernportfolio mit Satelliten wie Nischenm\u00e4rkten, speziellen Anlageklassen oder Themen, um eine individuelleres Anlageerlebnis zu bieten.<\/p>\n<p>[\/et_pb_blurb][et_pb_blurb title=&#8220;Finanzberatung&#8220; image=&#8220;https:\/\/www.baltrag.com\/wp-content\/uploads\/2024\/01\/business-icon-18-q.png&#8220; alt=&#8220;Finanzberatung&#8220; _builder_version=&#8220;4.24.0&#8243; _module_preset=&#8220;default&#8220; header_font_size_tablet=&#8220;20px&#8220; header_font_size_phone=&#8220;20px&#8220; global_colors_info=&#8220;{}&#8220;]<\/p>\n<p>Wir beraten Sie gerne bei all Ihren Finanzfragen mit unserer langj\u00e4hrigen Erfahrung und unserem profunden Verst\u00e4ndnis f\u00fcr Finanzmanagement, Investitionen, Buchhaltung und s\u00e4mtliche damit verwandten Bereiche. Dank unserem grossen Netzwerk k\u00f6nnen wir Ihnen bei Fragestellungen, die ausserhalb unserer Expertise liegen, wie z.B. Steuerberatung, Immobiliendienstleistungen u.a. einen externen Spezialisten vermitteln und als Schnittstelle zwischen Ihnen und dem Spezialisten dienen und Sie im Beratungsprozess unterst\u00fctzen.<\/p>\n<p>[\/et_pb_blurb][et_pb_blurb title=&#8220;Finanzbuchhaltung &#8220; image=&#8220;https:\/\/www.baltrag.com\/wp-content\/uploads\/2024\/01\/rechner-cent-5.svg&#8220; _builder_version=&#8220;4.23.4&#8243; _module_preset=&#8220;default&#8220; header_font_size_tablet=&#8220;20px&#8220; header_font_size_phone=&#8220;20px&#8220; global_colors_info=&#8220;{}&#8220;]<\/p>\n<p>Wir k\u00fcmmern uns um alle Aspekte der Finanzberichterstattung und stellen die Genauigkeit und rechtzeitige Lieferung wichtiger Informationen sicher, damit Sie immer auf dem Laufenden bleiben.<\/p>\n<p>[\/et_pb_blurb][\/et_pb_column][et_pb_column type=&#8220;1_2&#8243; _builder_version=&#8220;4.22.2&#8243; _module_preset=&#8220;default&#8220; global_colors_info=&#8220;{}&#8220;][et_pb_blurb title=&#8220;Portfolio Review&#8220; image=&#8220;https:\/\/www.baltrag.com\/wp-content\/uploads\/2023\/10\/business-icon-11.svg&#8220; _builder_version=&#8220;4.24.2&#8243; _module_preset=&#8220;default&#8220; header_font_size_tablet=&#8220;20px&#8220; header_font_size_phone=&#8220;20px&#8220; global_colors_info=&#8220;{}&#8220;]<\/p>\n<p>Wir \u00fcberwachen Ihre Verm\u00f6genswerte auch bei Drittparteien und stellen sicher, dass Ihre Investitionen mit Ihren Zielen \u00fcbereinstimmen.  Wir erm\u00f6glichen Ihnen eine massgeschneiderte Konsolidierung Ihrer Verm\u00f6genswerte \u00fcber mehrere Bankbeziehungen hinweg, damit Sie nie den \u00dcberblick verlieren. Sie k\u00f6nnen diesen Service als eigenst\u00e4ndiges Angebot oder in Kombination mit jedem anderen Service in Anspruch nehmen.<\/p>\n<p>[\/et_pb_blurb][et_pb_blurb title=&#8220;Nachhaltiges Investieren&#8220; image=&#8220;https:\/\/www.baltrag.com\/wp-content\/uploads\/2024\/01\/flower.svg&#8220; _builder_version=&#8220;4.24.0&#8243; _module_preset=&#8220;default&#8220; header_font_size_tablet=&#8220;20px&#8220; header_font_size_phone=&#8220;20px&#8220; global_colors_info=&#8220;{}&#8220;]<\/p>\n<p>Mit einem nachhaltigen Anlageportfolio investieren Sie nicht nur in Ihren Verm\u00f6gensaufbau, sondern unterst\u00fctzen zugleich diejenigen Unternehmen, die eine nachhaltige Entwicklung sowie \u00f6kologische und soziale Aspekte ernst nehmen. Eine wunderbare Synergie, mit der Sie einen Beitrag f\u00fcr eine bessere und nachhaltigere Zukunft leisten.<\/p>\n<p>[\/et_pb_blurb][et_pb_blurb title=&#8220;Trumag International&#8220; url_new_window=&#8220;on&#8220; image=&#8220;https:\/\/www.baltrag.com\/wp-content\/uploads\/2024\/09\/protection.svg&#8220; _builder_version=&#8220;4.27.0&#8243; _module_preset=&#8220;default&#8220; hover_enabled=&#8220;0&#8243; header_font_size_tablet=&#8220;20px&#8220; header_font_size_phone=&#8220;20px&#8220; global_colors_info=&#8220;{}&#8220; sticky_enabled=&#8220;0&#8243;]<\/p>\n<p>Das Unternehmen und seine Direktoren und leitenden Angestellten sind nicht mehr als (Unternehmens-)Direktoren, Treuh\u00e4nder oder Protektoren t\u00e4tig. Die Kunden werden an die Trumag International AG verwiesen, ein Unternehmen der Baltrag AG, das auf dem Gebiet solcher Dienstleistungen erfahren ist. Die Trumag International AG bietet dar\u00fcber hinaus eine Vielzahl von Treuhanddienstleistungen an und freut sich, wenn Sie mit ihr Kontakt aufnehmen.<\/p>\n<p>f\u00fcr mehr Informationen besuchen Sie <a href=\"https:\/\/www.trumag-international.com\/\" target=\"_blank\" rel=\"noopener\">trumag-international.com<\/a><\/p>\n<p>[\/et_pb_blurb][\/et_pb_column][\/et_pb_row][et_pb_row _builder_version=&#8220;4.24.0&#8243; _module_preset=&#8220;default&#8220; custom_margin=&#8220;||||false|false&#8220; custom_padding=&#8220;0px||||false|false&#8220; global_colors_info=&#8220;{}&#8220;][et_pb_column type=&#8220;4_4&#8243; _builder_version=&#8220;4.23.4&#8243; _module_preset=&#8220;default&#8220; global_colors_info=&#8220;{}&#8220;][et_pb_text _builder_version=&#8220;4.24.0&#8243; _module_preset=&#8220;default&#8220; text_orientation=&#8220;center&#8220; custom_margin=&#8220;50px||||false|false&#8220; locked=&#8220;off&#8220; global_colors_info=&#8220;{}&#8220;]<\/p>\n<p>Kennen Sie unsere Werte und Prinzipien?<\/p>\n<h3><a href=\"https:\/\/www.baltrag.com\/de\/prinzipien\/\">Bitte lesen Sie mehr \u00fcber unsere Prinzipien.<\/a><\/h3>\n<p>[\/et_pb_text][et_pb_image src=&#8220;https:\/\/www.baltrag.com\/wp-content\/uploads\/2024\/01\/baltrag_auge-1.png&#8220; alt=&#8220;Baltrag Logo&#8220; url=&#8220;https:\/\/www.baltrag.com\/de\/prinzipien\/&#8220; show_bottom_space=&#8220;off&#8220; align=&#8220;center&#8220; _builder_version=&#8220;4.24.2&#8243; _module_preset=&#8220;default&#8220; width=&#8220;50px&#8220; custom_margin=&#8220;||30px||false|false&#8220; custom_padding=&#8220;||||false|false&#8220; global_colors_info=&#8220;{}&#8220;][\/et_pb_image][\/et_pb_column][\/et_pb_row][\/et_pb_section]<\/p>\n","protected":false},"excerpt":{"rendered":"<p>Erreichen Sie Ihre finanziellen Ziele DienstleistungenUnsere Experten bieten Ihnen personalisierte und spezialisierte Anlagestrategien, um Ihr finanzielles Potenzial auszusch\u00f6pfen. Sie werden ein hohes Ma\u00df an Kundenengagement und Flexibilit\u00e4t erleben im Vergleich zu gr\u00f6\u00dferen Institutionen. Wir konzentrieren uns auf ein Kernportfolio mit Satelliten wie Nischenm\u00e4rkten, speziellen Anlageklassen oder Themen, um eine individuelleres Anlageerlebnis zu bieten.Wir beraten Sie [&hellip;]<\/p>\n","protected":false},"author":1,"featured_media":0,"parent":0,"menu_order":0,"comment_status":"closed","ping_status":"closed","template":"","meta":{"_et_pb_use_builder":"on","_et_pb_old_content":"","_et_gb_content_width":"","footnotes":""},"class_list":["post-61106","page","type-page","status-publish","hentry"],"_links":{"self":[{"href":"https:\/\/www.baltrag.com\/de\/wp-json\/wp\/v2\/pages\/61106","targetHints":{"allow":["GET"]}}],"collection":[{"href":"https:\/\/www.baltrag.com\/de\/wp-json\/wp\/v2\/pages"}],"about":[{"href":"https:\/\/www.baltrag.com\/de\/wp-json\/wp\/v2\/types\/page"}],"author":[{"embeddable":true,"href":"https:\/\/www.baltrag.com\/de\/wp-json\/wp\/v2\/users\/1"}],"replies":[{"embeddable":true,"href":"https:\/\/www.baltrag.com\/de\/wp-json\/wp\/v2\/comments?post=61106"}],"version-history":[{"count":0,"href":"https:\/\/www.baltrag.com\/de\/wp-json\/wp\/v2\/pages\/61106\/revisions"}],"wp:attachment":[{"href":"https:\/\/www.baltrag.com\/de\/wp-json\/wp\/v2\/media?parent=61106"}],"curies":[{"name":"wp","href":"https:\/\/api.w.org\/{rel}","templated":true}]}}